{"id":463419,"date":"2025-06-01T08:53:42","date_gmt":"2025-06-01T06:53:42","guid":{"rendered":"https:\/\/lucacastelli.com\/prodotto\/presse-hydraulique\/"},"modified":"2025-10-20T12:14:57","modified_gmt":"2025-10-20T10:14:57","slug":"presse-hydraulique","status":"publish","type":"product","link":"https:\/\/lucacastelli.com\/fr\/produit\/presse-hydraulique\/","title":{"rendered":"MILWAUKEE Outil de presse hydraulique"},"content":{"rendered":"<p>Moteur Brushless : pressage jusqu\u2019\u00e0 10 % plus rapide et autonomie jusqu\u2019\u00e0 20 % plus longue  &lt;Br&gt;  Indicateur de pression FORCE LOGIC\u2122 : fournit une confirmation visuelle de la connexion correcte&lt;Br&gt;  Utilisation d\u2019une seule main pour les applications en hauteur et dans les espaces confin\u00e9s&lt;Br&gt;  Le syst\u00e8me ONE-KEY\u2122 fournit des rapports sur les applications ex\u00e9cut\u00e9es, qui peuvent \u00eatre consult\u00e9s via l\u2019application ou sur une plateforme en ligne&lt;Br&gt;  Le syst\u00e8me ONE-KEY\u2122 fournit une plate-forme d\u2019inventaire num\u00e9rique pour le suivi des outils et la pr\u00e9vention du vol et des pertes&lt;Br&gt;  Communication entre l\u2019outil et la batterie : L\u2019outil n\u2019appuiera pas s\u2019il ne parvient pas \u00e0 terminer l\u2019assemblage en raison d\u2019une puissance insuffisante de la batterie&lt;Br&gt;  Vous permet de presser des tuyaux m\u00e9talliques jusqu\u2019\u00e0 108 mm et des tuyaux composites jusqu\u2019\u00e0 110 mm&lt;Br&gt;  Fixation universelle de la m\u00e2choire, compatible avec les syst\u00e8mes les plus courants sur le march\u00e9&lt;Br&gt;  L\u2019\u00e9lectronique REDLINK\u2122 offre une protection contre les surcharges de l\u2019outil et de la batterie pour une dur\u00e9e de vie plus longue&lt;Br&gt;  Voyant LED et indicateur d\u2019\u00e9tat de charge de la batterie&lt;Br&gt;  Fonctionne avec toutes les batteries MILWAUKEE\u00ae M18\u2122<\/p>\n<p>CODE \u00c0 BARRES : 4058546344825<\/p>\n<p>Caract\u00e9ristiques techniques<br \/>\n40 000<\/p>\n<p>Livr\u00e9 sans piles, livr\u00e9 sans chargeur, \u00e9tui de bar<\/p>\n","protected":false},"excerpt":{"rendered":"<p>Moteur Brushless : pressage jusqu\u2019\u00e0 10 % plus rapide et autonomie jusqu\u2019\u00e0 20 % plus longue &lt;Br&gt; Indicateur de pression<\/p>\n","protected":false},"featured_media":442890,"template":"","meta":{"_seopress_robots_primary_cat":"","_seopress_titles_title":"","_seopress_titles_desc":"","_seopress_robots_index":""},"product_brand":[3658],"product_cat":[1453,167],"product_tag":[3273],"class_list":{"0":"post-463419","1":"product","2":"type-product","3":"status-publish","4":"has-post-thumbnail","6":"product_brand-milwaukee-fr","7":"product_cat-autres-appareils","8":"product_cat-machines","9":"product_tag-import-milwau-fr","10":"sws-gruppo-macchinari-fr","11":"sws-conto-ricavi-merci-rivendita-legname-fr","12":"sws-gruppo-iva-iva81-fr","14":"first","15":"instock","16":"purchasable","17":"product-type-simple"},"_links":{"self":[{"href":"https:\/\/lucacastelli.com\/fr\/wp-json\/wp\/v2\/product\/463419","targetHints":{"allow":["GET"]}}],"collection":[{"href":"https:\/\/lucacastelli.com\/fr\/wp-json\/wp\/v2\/product"}],"about":[{"href":"https:\/\/lucacastelli.com\/fr\/wp-json\/wp\/v2\/types\/product"}],"wp:featuredmedia":[{"embeddable":true,"href":"https:\/\/lucacastelli.com\/fr\/wp-json\/wp\/v2\/media\/442890"}],"wp:attachment":[{"href":"https:\/\/lucacastelli.com\/fr\/wp-json\/wp\/v2\/media?parent=463419"}],"wp:term":[{"taxonomy":"product_brand","embeddable":true,"href":"https:\/\/lucacastelli.com\/fr\/wp-json\/wp\/v2\/product_brand?post=463419"},{"taxonomy":"product_cat","embeddable":true,"href":"https:\/\/lucacastelli.com\/fr\/wp-json\/wp\/v2\/product_cat?post=463419"},{"taxonomy":"product_tag","embeddable":true,"href":"https:\/\/lucacastelli.com\/fr\/wp-json\/wp\/v2\/product_tag?post=463419"}],"curies":[{"name":"wp","href":"https:\/\/api.w.org\/{rel}","templated":true}]}}