{"id":463416,"date":"2025-06-01T08:49:47","date_gmt":"2025-06-01T06:49:47","guid":{"rendered":"https:\/\/lucacastelli.com\/prodotto\/thermometre-infrarouge\/"},"modified":"2025-06-29T07:56:48","modified_gmt":"2025-06-29T05:56:48","slug":"thermometre-infrarouge","status":"publish","type":"product","link":"https:\/\/lucacastelli.com\/fr\/produit\/thermometre-infrarouge\/","title":{"rendered":"Thermom\u00e8tre infrarouge MILWAUKEE"},"content":{"rendered":"<p>R\u00e9solution optique 10:1 : 1 m d\u00e9tect\u00e9 \u00e0 10 m de distance&lt;Br&gt;  Plage de temp\u00e9rature de -30\u00b0C \u00e0 400\u00b0C&lt;Br&gt;  \u00c9cran LCD, pour une lecture claire des donn\u00e9es&lt;Br&gt;  Interface intuitive pour des mesures rapides&lt;Br&gt;  Protecteurs d\u2019\u00e9cran et d\u2019objectif en caoutchouc<\/p>\n<p>CODE BARRE : 4002395282159<\/p>\n<p>Caract\u00e9ristiques techniques<br \/>\n\u00b10.08<\/p>\n<p>2 piles AA, fournies sans kitbox ni sac<\/p>\n","protected":false},"excerpt":{"rendered":"<p>R\u00e9solution optique 10:1 : 1 m d\u00e9tect\u00e9 \u00e0 10 m de distance&lt;Br&gt; Plage de temp\u00e9rature de -30\u00b0C \u00e0 400\u00b0C&lt;Br&gt; \u00c9cran<\/p>\n","protected":false},"featured_media":442832,"template":"","meta":{"_seopress_robots_primary_cat":"","_seopress_titles_title":"","_seopress_titles_desc":"","_seopress_robots_index":""},"product_brand":[3658],"product_cat":[1453,167],"product_tag":[3273],"class_list":{"0":"post-463416","1":"product","2":"type-product","3":"status-publish","4":"has-post-thumbnail","6":"product_brand-milwaukee-fr","7":"product_cat-autres-appareils","8":"product_cat-machines","9":"product_tag-import-milwau-fr","10":"sws-gruppo-macchinari-fr","11":"sws-conto-ricavi-merci-rivendita-macchinari-fr","12":"sws-gruppo-iva-iva81-fr","14":"first","15":"instock","16":"sale","17":"purchasable","18":"product-type-simple"},"_links":{"self":[{"href":"https:\/\/lucacastelli.com\/fr\/wp-json\/wp\/v2\/product\/463416","targetHints":{"allow":["GET"]}}],"collection":[{"href":"https:\/\/lucacastelli.com\/fr\/wp-json\/wp\/v2\/product"}],"about":[{"href":"https:\/\/lucacastelli.com\/fr\/wp-json\/wp\/v2\/types\/product"}],"wp:featuredmedia":[{"embeddable":true,"href":"https:\/\/lucacastelli.com\/fr\/wp-json\/wp\/v2\/media\/442832"}],"wp:attachment":[{"href":"https:\/\/lucacastelli.com\/fr\/wp-json\/wp\/v2\/media?parent=463416"}],"wp:term":[{"taxonomy":"product_brand","embeddable":true,"href":"https:\/\/lucacastelli.com\/fr\/wp-json\/wp\/v2\/product_brand?post=463416"},{"taxonomy":"product_cat","embeddable":true,"href":"https:\/\/lucacastelli.com\/fr\/wp-json\/wp\/v2\/product_cat?post=463416"},{"taxonomy":"product_tag","embeddable":true,"href":"https:\/\/lucacastelli.com\/fr\/wp-json\/wp\/v2\/product_tag?post=463416"}],"curies":[{"name":"wp","href":"https:\/\/api.w.org\/{rel}","templated":true}]}}