{"id":463410,"date":"2025-06-01T08:48:26","date_gmt":"2025-06-01T06:48:26","guid":{"rendered":"https:\/\/lucacastelli.com\/prodotto\/pince-amperemetrique\/"},"modified":"2025-06-29T07:57:09","modified_gmt":"2025-06-29T05:57:09","slug":"pince-amperemetrique","status":"publish","type":"product","link":"https:\/\/lucacastelli.com\/fr\/produit\/pince-amperemetrique\/","title":{"rendered":"MILWAUKEE Pince multim\u00e8tre"},"content":{"rendered":"<p>TRMS &#8211; True RMS capable de mesurer les formes d\u2019onde AC sinuso\u00efdales\/non sinuso\u00efdales&lt;Br&gt;  Cat\u00e9gorie de surtension CAT III 600 V&lt;Br&gt;  Poign\u00e9e en caoutchouc pour une manipulation maximale&lt;Br&gt;  Lumi\u00e8re LED pour \u00e9clairer le domaine d\u2019application&lt;Br&gt;  Commandes lat\u00e9rales pour une utilisation d\u2019une seule main&lt;Br&gt;  Petite pince pour les applications dans des espaces confin\u00e9s<\/p>\n<p>CODE BARRE&nbsp;: 4002395240135<\/p>\n<p>Caract\u00e9ristiques techniques<br \/>\n0.4<\/p>\n<p>2 piles AA, fournies sans kitbox ni sac, 1 kit de test<\/p>\n","protected":false},"excerpt":{"rendered":"<p>TRMS &#8211; True RMS capable de mesurer les formes d\u2019onde AC sinuso\u00efdales\/non sinuso\u00efdales&lt;Br&gt; Cat\u00e9gorie de surtension CAT III 600 V&lt;Br&gt;<\/p>\n","protected":false},"featured_media":442815,"template":"","meta":{"_seopress_robots_primary_cat":"","_seopress_titles_title":"","_seopress_titles_desc":"","_seopress_robots_index":""},"product_brand":[3407],"product_cat":[29,514],"product_tag":[3270],"class_list":{"0":"post-463410","1":"product","2":"type-product","3":"status-publish","4":"has-post-thumbnail","6":"product_brand-milwaukee","7":"product_cat-macchinari","8":"product_cat-altri-dispositivi","9":"product_tag-import-milwau","10":"sws-gruppo-macchinari-fr","11":"sws-conto-ricavi-merci-rivendita-macchinari-fr","12":"sws-gruppo-iva-iva81-fr","14":"first","15":"instock","16":"sale","17":"purchasable","18":"product-type-simple"},"_links":{"self":[{"href":"https:\/\/lucacastelli.com\/fr\/wp-json\/wp\/v2\/product\/463410","targetHints":{"allow":["GET"]}}],"collection":[{"href":"https:\/\/lucacastelli.com\/fr\/wp-json\/wp\/v2\/product"}],"about":[{"href":"https:\/\/lucacastelli.com\/fr\/wp-json\/wp\/v2\/types\/product"}],"wp:featuredmedia":[{"embeddable":true,"href":"https:\/\/lucacastelli.com\/fr\/wp-json\/wp\/v2\/media\/442815"}],"wp:attachment":[{"href":"https:\/\/lucacastelli.com\/fr\/wp-json\/wp\/v2\/media?parent=463410"}],"wp:term":[{"taxonomy":"product_brand","embeddable":true,"href":"https:\/\/lucacastelli.com\/fr\/wp-json\/wp\/v2\/product_brand?post=463410"},{"taxonomy":"product_cat","embeddable":true,"href":"https:\/\/lucacastelli.com\/fr\/wp-json\/wp\/v2\/product_cat?post=463410"},{"taxonomy":"product_tag","embeddable":true,"href":"https:\/\/lucacastelli.com\/fr\/wp-json\/wp\/v2\/product_tag?post=463410"}],"curies":[{"name":"wp","href":"https:\/\/api.w.org\/{rel}","templated":true}]}}