{"id":463403,"date":"2025-06-01T08:44:08","date_gmt":"2025-06-01T06:44:08","guid":{"rendered":"https:\/\/lucacastelli.com\/prodotto\/testeur-de-courant\/"},"modified":"2025-06-29T07:57:32","modified_gmt":"2025-06-29T05:57:32","slug":"testeur-de-courant","status":"publish","type":"product","link":"https:\/\/lucacastelli.com\/fr\/produit\/testeur-de-courant\/","title":{"rendered":"Testeur de courant MILWAUKEE"},"content":{"rendered":"<p>TRMS &#8211; True RMS capable de mesurer les formes d\u2019onde AC sinuso\u00efdales\/non sinuso\u00efdales&lt;Br&gt;  \u00c9cran \u00e0 contraste \u00e9lev\u00e9 pour une visibilit\u00e9 maximale&lt;Br&gt;  D\u00e9tecteur de tension sans contact&lt;Br&gt;  Cat\u00e9gorie de surtension CAT IV 600 V, CAT III 1000 V&lt;Br&gt;  Poign\u00e9e en caoutchouc pour une manipulation maximale&lt;Br&gt;  Lumi\u00e8re LED pour \u00e9clairer le domaine d\u2019application&lt;Br&gt;  Commandes lat\u00e9rales pour une utilisation d\u2019une seule main&lt;Br&gt;  Interface simple et fonctions sp\u00e9cialement con\u00e7ues pour l\u2019\u00e9lectricien&lt;Br&gt;  Livr\u00e9 avec kit de test de tension et 2 x AA<\/p>\n<p>CODE BARRE : 4002395238026<\/p>\n<p>Caract\u00e9ristiques techniques<br \/>\nCAT IV 600 V \/ CAT III 1000 V<\/p>\n<p>2 piles AA, sac, kit de test de tension<\/p>\n","protected":false},"excerpt":{"rendered":"<p>TRMS &#8211; True RMS capable de mesurer les formes d\u2019onde AC sinuso\u00efdales\/non sinuso\u00efdales&lt;Br&gt; \u00c9cran \u00e0 contraste \u00e9lev\u00e9 pour une visibilit\u00e9<\/p>\n","protected":false},"featured_media":442748,"template":"","meta":{"_seopress_robots_primary_cat":"","_seopress_titles_title":"","_seopress_titles_desc":"","_seopress_robots_index":""},"product_brand":[3658],"product_cat":[1453,167],"product_tag":[3273],"class_list":{"0":"post-463403","1":"product","2":"type-product","3":"status-publish","4":"has-post-thumbnail","6":"product_brand-milwaukee-fr","7":"product_cat-autres-appareils","8":"product_cat-machines","9":"product_tag-import-milwau-fr","10":"sws-gruppo-macchinari-fr","11":"sws-conto-ricavi-merci-rivendita-macchinari-fr","12":"sws-gruppo-iva-iva81-fr","14":"first","15":"instock","16":"sale","17":"purchasable","18":"product-type-simple"},"_links":{"self":[{"href":"https:\/\/lucacastelli.com\/fr\/wp-json\/wp\/v2\/product\/463403","targetHints":{"allow":["GET"]}}],"collection":[{"href":"https:\/\/lucacastelli.com\/fr\/wp-json\/wp\/v2\/product"}],"about":[{"href":"https:\/\/lucacastelli.com\/fr\/wp-json\/wp\/v2\/types\/product"}],"wp:featuredmedia":[{"embeddable":true,"href":"https:\/\/lucacastelli.com\/fr\/wp-json\/wp\/v2\/media\/442748"}],"wp:attachment":[{"href":"https:\/\/lucacastelli.com\/fr\/wp-json\/wp\/v2\/media?parent=463403"}],"wp:term":[{"taxonomy":"product_brand","embeddable":true,"href":"https:\/\/lucacastelli.com\/fr\/wp-json\/wp\/v2\/product_brand?post=463403"},{"taxonomy":"product_cat","embeddable":true,"href":"https:\/\/lucacastelli.com\/fr\/wp-json\/wp\/v2\/product_cat?post=463403"},{"taxonomy":"product_tag","embeddable":true,"href":"https:\/\/lucacastelli.com\/fr\/wp-json\/wp\/v2\/product_tag?post=463403"}],"curies":[{"name":"wp","href":"https:\/\/api.w.org\/{rel}","templated":true}]}}