{"id":463400,"date":"2025-06-01T08:41:28","date_gmt":"2025-06-01T06:41:28","guid":{"rendered":"https:\/\/lucacastelli.com\/prodotto\/tiges-filetees-coupees\/"},"modified":"2025-06-29T07:57:31","modified_gmt":"2025-06-29T05:57:31","slug":"tiges-filetees-coupees","status":"publish","type":"product","link":"https:\/\/lucacastelli.com\/fr\/produit\/tiges-filetees-coupees\/","title":{"rendered":"MILWAUKEE Coupe-tige filet\u00e9e"},"content":{"rendered":"<p>Le coupe-tige filet\u00e9 M18\u2122 assure une coupe pr\u00e9cise et rapide des tiges filet\u00e9es&lt;Br&gt;  Le moteur brushless offre la possibilit\u00e9 de couper des tiges filet\u00e9es M6, M8, M10 et M12 en acier doux ou des tiges filet\u00e9es M6, M8 et M10 en acier inoxydable, avec une autonomie de 300 coupes avec une batterie (2,0 Ah)&lt;Br&gt;  Mors inclus pour la coupe des tiges filet\u00e9es les plus courantes sur le march\u00e9 : M6, M8, M10 et M12&lt;Br&gt;  Conception ergonomique pour un alignement facile de la coupe et une meilleure visibilit\u00e9 de l\u2019application&lt;Br&gt;  Outil \u00e9quilibr\u00e9 et facile \u00e0 utiliser, \u00e9galement id\u00e9al pour les applications en hauteur&lt;Br&gt;  Poign\u00e9e centrale pour une utilisation d\u2019une seule main&lt;Br&gt;  Les mors s\u2019ouvrent automatiquement une fois la coupe effectu\u00e9e&lt;Br&gt;  Longueur de coupe minimale 3,8 cm&lt;Br&gt;  Le moteur sans balais, l\u2019\u00e9lectronique REDLINK PLUS\u2122 et la batterie REDLITHIUM\u2122 offrent une performance et une durabilit\u00e9 sup\u00e9rieures&lt;Br&gt;  Fonctionne avec toutes les batteries MILWAUKEE\u00ae M18\u2122<\/p>\n<p>CODE BARRE : 4058546287788<\/p>\n<p>Caract\u00e9ristiques techniques<br \/>\nLivr\u00e9 sans piles<\/p>\n<p>Livr\u00e9 sans piles, livr\u00e9 sans chargeur, carter HeavyDuty, m\u00e2choires pour la coupe des tiges filet\u00e9es M6, M8, M10 (acier doux et inox) et M12 (acier doux)<\/p>\n","protected":false},"excerpt":{"rendered":"<p>Le coupe-tige filet\u00e9 M18\u2122 assure une coupe pr\u00e9cise et rapide des tiges filet\u00e9es&lt;Br&gt; Le moteur brushless offre la possibilit\u00e9 de<\/p>\n","protected":false},"featured_media":442698,"template":"","meta":{"_seopress_robots_primary_cat":"","_seopress_titles_title":"","_seopress_titles_desc":"","_seopress_robots_index":""},"product_brand":[3407],"product_cat":[29,514],"product_tag":[3270],"class_list":{"0":"post-463400","1":"product","2":"type-product","3":"status-publish","4":"has-post-thumbnail","6":"product_brand-milwaukee","7":"product_cat-macchinari","8":"product_cat-altri-dispositivi","9":"product_tag-import-milwau","10":"sws-gruppo-macchinari-fr","11":"sws-conto-ricavi-merci-rivendita-macchinari-fr","12":"sws-gruppo-iva-iva81-fr","14":"first","15":"instock","16":"sale","17":"purchasable","18":"product-type-simple"},"_links":{"self":[{"href":"https:\/\/lucacastelli.com\/fr\/wp-json\/wp\/v2\/product\/463400","targetHints":{"allow":["GET"]}}],"collection":[{"href":"https:\/\/lucacastelli.com\/fr\/wp-json\/wp\/v2\/product"}],"about":[{"href":"https:\/\/lucacastelli.com\/fr\/wp-json\/wp\/v2\/types\/product"}],"wp:featuredmedia":[{"embeddable":true,"href":"https:\/\/lucacastelli.com\/fr\/wp-json\/wp\/v2\/media\/442698"}],"wp:attachment":[{"href":"https:\/\/lucacastelli.com\/fr\/wp-json\/wp\/v2\/media?parent=463400"}],"wp:term":[{"taxonomy":"product_brand","embeddable":true,"href":"https:\/\/lucacastelli.com\/fr\/wp-json\/wp\/v2\/product_brand?post=463400"},{"taxonomy":"product_cat","embeddable":true,"href":"https:\/\/lucacastelli.com\/fr\/wp-json\/wp\/v2\/product_cat?post=463400"},{"taxonomy":"product_tag","embeddable":true,"href":"https:\/\/lucacastelli.com\/fr\/wp-json\/wp\/v2\/product_tag?post=463400"}],"curies":[{"name":"wp","href":"https:\/\/api.w.org\/{rel}","templated":true}]}}