{"id":463397,"date":"2025-06-01T08:42:41","date_gmt":"2025-06-01T06:42:41","guid":{"rendered":"https:\/\/lucacastelli.com\/prodotto\/machine-a-fileter\/"},"modified":"2025-06-29T07:57:35","modified_gmt":"2025-06-29T05:57:35","slug":"machine-a-fileter","status":"publish","type":"product","link":"https:\/\/lucacastelli.com\/fr\/produit\/machine-a-fileter\/","title":{"rendered":"MILWAUKEE Machine \u00e0 fileter"},"content":{"rendered":"<p>Les tuyaux de 1\/8 de douane \u00e0 1 1\/4 de douane peuvent \u00eatre filet\u00e9s&lt;Br&gt;  Le syst\u00e8me anti-rebond AUTOSTOP\u2122 verrouille et arr\u00eate l\u2019outil lorsqu\u2019il subit un rebond soudain pour prot\u00e9ger l\u2019op\u00e9rateur&lt;Br&gt;  Sa conception compacte et son faible poids le rendent facile \u00e0 utiliser, m\u00eame dans les espaces confin\u00e9s&lt;Br&gt;  Compatible avec les nouvelles douilles MILWAUKEE\u00ae FPT114H et les douilles Ridgid 11R jusqu\u2019\u00e0 1 1\/4 customs&lt;Br&gt;  Jusqu\u2019\u00e0 50 filetages avec un tuyau 3\/4 avec une charge de batterie M18\u2122 HIGH OUTPUT\u2122 de 8,0 Ah&lt;Br&gt;  Poign\u00e9e lat\u00e9rale pour \u00e9viter d\u2019entrer en contact avec le manchon lors des op\u00e9rations de filetage&lt;Br&gt; Le moteur brushless POWERSTATE\u2122 garantit des performances m\u00eame sous contrainte, l\u2019\u00e9lectronique REDLINK PLUS\u2122 offre une meilleure protection contre les surcharges pour l\u2019outil et la batterie, assurant une dur\u00e9e de vie plus longue dans les applications lourdes. La batterie REDLITHIUM\u2122 offre une construction de batterie avanc\u00e9e et des performances constantes, afin d\u2019offrir une autonomie plus longue et de maximiser la dur\u00e9e de vie&lt;&gt; de la batterie. Le syst\u00e8me de suivi et de s\u00e9curit\u00e9 ONE-KEY\u2122 offre gratuitement un service de suivi et de gestion des stocks bas\u00e9 sur le cloud, tout en ayant des capacit\u00e9s de verrouillage \u00e0 distance&lt;BR&gt;. Fonctionne avec toutes les batteries de la plate-forme M18\u2122. <\/p>\n<p>CODE BARRE : 4058546372156<\/p>\n<p>Caract\u00e9ristiques techniques<br \/>\n8.0<\/p>\n<p>2 batteries M18 HB8, chargeur M12-18 FC, mallette de transport, support<\/p>\n","protected":false},"excerpt":{"rendered":"<p>Les tuyaux de 1\/8 de douane \u00e0 1 1\/4 de douane peuvent \u00eatre filet\u00e9s&lt;Br&gt; Le syst\u00e8me anti-rebond AUTOSTOP\u2122 verrouille et<\/p>\n","protected":false},"featured_media":442719,"template":"","meta":{"_seopress_robots_primary_cat":"","_seopress_titles_title":"","_seopress_titles_desc":"","_seopress_robots_index":""},"product_brand":[3407],"product_cat":[29,514],"product_tag":[3270],"class_list":{"0":"post-463397","1":"product","2":"type-product","3":"status-publish","4":"has-post-thumbnail","6":"product_brand-milwaukee","7":"product_cat-macchinari","8":"product_cat-altri-dispositivi","9":"product_tag-import-milwau","10":"sws-gruppo-macchinari-fr","11":"sws-conto-ricavi-merci-rivendita-macchinari-fr","12":"sws-gruppo-iva-iva81-fr","14":"first","15":"instock","16":"sale","17":"purchasable","18":"product-type-simple"},"_links":{"self":[{"href":"https:\/\/lucacastelli.com\/fr\/wp-json\/wp\/v2\/product\/463397","targetHints":{"allow":["GET"]}}],"collection":[{"href":"https:\/\/lucacastelli.com\/fr\/wp-json\/wp\/v2\/product"}],"about":[{"href":"https:\/\/lucacastelli.com\/fr\/wp-json\/wp\/v2\/types\/product"}],"wp:featuredmedia":[{"embeddable":true,"href":"https:\/\/lucacastelli.com\/fr\/wp-json\/wp\/v2\/media\/442719"}],"wp:attachment":[{"href":"https:\/\/lucacastelli.com\/fr\/wp-json\/wp\/v2\/media?parent=463397"}],"wp:term":[{"taxonomy":"product_brand","embeddable":true,"href":"https:\/\/lucacastelli.com\/fr\/wp-json\/wp\/v2\/product_brand?post=463397"},{"taxonomy":"product_cat","embeddable":true,"href":"https:\/\/lucacastelli.com\/fr\/wp-json\/wp\/v2\/product_cat?post=463397"},{"taxonomy":"product_tag","embeddable":true,"href":"https:\/\/lucacastelli.com\/fr\/wp-json\/wp\/v2\/product_tag?post=463397"}],"curies":[{"name":"wp","href":"https:\/\/api.w.org\/{rel}","templated":true}]}}