{"id":463394,"date":"2025-06-01T08:39:17","date_gmt":"2025-06-01T06:39:17","guid":{"rendered":"https:\/\/lucacastelli.com\/prodotto\/sertisseuse-hydraulique\/"},"modified":"2025-06-29T07:57:54","modified_gmt":"2025-06-29T05:57:54","slug":"sertisseuse-hydraulique","status":"publish","type":"product","link":"https:\/\/lucacastelli.com\/fr\/produit\/sertisseuse-hydraulique\/","title":{"rendered":"Sertisseuse hydraulique MILWAUKEE"},"content":{"rendered":"<p>Le c\u00e2ble de sertissage M18\u2122 FORCE LOGIC\u2122 HDCT permet de percer de 10 \u00e0 300 mm\u00b2, sans qu\u2019il soit n\u00e9cessaire de changer la matrice&lt;Br&gt;  Le syst\u00e8me d\u00e9tecte automatiquement la taille de la cosse du c\u00e2ble, de sorte qu\u2019il fournit toujours la bonne pression pour un sertissage plus pr\u00e9cis et plus propre&lt;Br&gt;  La t\u00eate qui pivote \u00e0 180\u00b0 permet un alignement facile m\u00eame dans les espaces les plus restreints&lt;Br&gt;  Le syst\u00e8me PFM\u2122 garantit toujours la bonne pression, alertant l\u2019utilisateur si ce n\u2019est pas le cas.&lt;Br&gt;  Le syst\u00e8me ONE-KEY\u2122 int\u00e9gr\u00e9 vous permet d\u2019enregistrer et d\u2019enregistrer les sertissages effectu\u00e9s dans un rapport&lt;Br&gt;  Le syst\u00e8me v\u00e9rifie automatiquement l\u2019\u00e9tat de charge de la batterie avant le sertissage&lt;Br&gt;  Jusqu\u2019\u00e0 90 sertissages avec une batterie M18\u2122 REDLITHIUM\u2122 de 2,0 Ah&lt;Br&gt;  Les composants \u00e9lectroniques isol\u00e9s prot\u00e8gent contre les environnements difficiles&lt;Br&gt;  Compatible avec toutes les batteries MILWAUKEE\u00ae M18\u2122<\/p>\n<p>CODE BARRE : 4058546298487<\/p>\n<p>Caract\u00e9ristiques techniques<br \/>\n0<\/p>\n<p>Livr\u00e9 sans piles, livr\u00e9 sans chargeur, mallette de transport<\/p>\n","protected":false},"excerpt":{"rendered":"<p>Le c\u00e2ble de sertissage M18\u2122 FORCE LOGIC\u2122 HDCT permet de percer de 10 \u00e0 300 mm\u00b2, sans qu\u2019il soit n\u00e9cessaire<\/p>\n","protected":false},"featured_media":442673,"template":"","meta":{"_seopress_robots_primary_cat":"","_seopress_titles_title":"","_seopress_titles_desc":"","_seopress_robots_index":""},"product_brand":[3407],"product_cat":[29,514],"product_tag":[3270],"class_list":{"0":"post-463394","1":"product","2":"type-product","3":"status-publish","4":"has-post-thumbnail","6":"product_brand-milwaukee","7":"product_cat-macchinari","8":"product_cat-altri-dispositivi","9":"product_tag-import-milwau","10":"sws-gruppo-macchinari-fr","11":"sws-conto-ricavi-merci-rivendita-macchinari-fr","12":"sws-gruppo-iva-iva81-fr","14":"first","15":"instock","16":"sale","17":"purchasable","18":"product-type-simple"},"_links":{"self":[{"href":"https:\/\/lucacastelli.com\/fr\/wp-json\/wp\/v2\/product\/463394","targetHints":{"allow":["GET"]}}],"collection":[{"href":"https:\/\/lucacastelli.com\/fr\/wp-json\/wp\/v2\/product"}],"about":[{"href":"https:\/\/lucacastelli.com\/fr\/wp-json\/wp\/v2\/types\/product"}],"wp:featuredmedia":[{"embeddable":true,"href":"https:\/\/lucacastelli.com\/fr\/wp-json\/wp\/v2\/media\/442673"}],"wp:attachment":[{"href":"https:\/\/lucacastelli.com\/fr\/wp-json\/wp\/v2\/media?parent=463394"}],"wp:term":[{"taxonomy":"product_brand","embeddable":true,"href":"https:\/\/lucacastelli.com\/fr\/wp-json\/wp\/v2\/product_brand?post=463394"},{"taxonomy":"product_cat","embeddable":true,"href":"https:\/\/lucacastelli.com\/fr\/wp-json\/wp\/v2\/product_cat?post=463394"},{"taxonomy":"product_tag","embeddable":true,"href":"https:\/\/lucacastelli.com\/fr\/wp-json\/wp\/v2\/product_tag?post=463394"}],"curies":[{"name":"wp","href":"https:\/\/api.w.org\/{rel}","templated":true}]}}