{"id":463393,"date":"2025-06-01T08:35:27","date_gmt":"2025-06-01T06:35:27","guid":{"rendered":"https:\/\/lucacastelli.com\/prodotto\/pompe-hydraulique\/"},"modified":"2025-06-29T07:57:53","modified_gmt":"2025-06-29T05:57:53","slug":"pompe-hydraulique","status":"publish","type":"product","link":"https:\/\/lucacastelli.com\/fr\/produit\/pompe-hydraulique\/","title":{"rendered":"Pompe hydraulique MILWAUKEE"},"content":{"rendered":"<p>Compatible avec n\u2019importe quelle t\u00eate de sertissage, de coupe ou de poin\u00e7onnage \u00e0 700 bar&lt;Br&gt;  Applications plus rapides gr\u00e2ce \u00e0 un grand r\u00e9servoir d\u2019huile de 1,3 l et un d\u00e9bit 2 fois sup\u00e9rieur \u00e0 celui des autres pompes&lt;Br&gt;  \u00c9quip\u00e9 d\u2019une attache rapide standard CEJN s\u00e9rie 115, d\u2019un accouplement personnalis\u00e9 femelle G1\/4 pour s\u2019adapter aux accessoires les plus courants sur le march\u00e9&lt;Br&gt;  La t\u00e9l\u00e9commande avec c\u00e2ble de 1,8 m de long permet \u00e0 l\u2019utilisateur d\u2019agir \u00e0 une distance de s\u00e9curit\u00e9, extensible jusqu\u2019\u00e0 7 m gr\u00e2ce \u00e0 la rallonge&lt;Br&gt;  Porte de batterie \u00e9tanche pour la protection contre la poussi\u00e8re et l\u2019humidit\u00e9 (IP54)&lt;Br&gt;  Le syst\u00e8me de suivi et de s\u00e9curit\u00e9 ONE-KEY\u2122 offre un service gratuit de suivi et de gestion des stocks bas\u00e9 sur le cloud, y compris des capacit\u00e9s de blocage \u00e0 distance et de rapports d\u2019application&lt;Br&gt;  Poign\u00e9e de transport pour r\u00e9partir le poids uniform\u00e9ment&lt;Br&gt;  PFM\u2122 (Predictive Force Monitoring) : syst\u00e8me de surveillance automatique de la force pour assurer et fournir une pression imm\u00e9diate&lt;Br&gt;  Le moteur sans balais, l\u2019\u00e9lectronique REDLINK PLUS\u2122 et la batterie REDLITHIUM\u2122 offrent une performance et une durabilit\u00e9 sup\u00e9rieures&lt;Br&gt;  Fonctionne avec toutes les batteries MILWAUKEE\u00ae M18\u2122<\/p>\n<p>CODE BARRES : 4058546297121<\/p>\n<p>Caract\u00e9ristiques techniques<br \/>\n54<\/p>\n<p>1 x batterie M18 HB12, chargeur M12-18 FC, livr\u00e9 sans kitbox ni sac, t\u00e9l\u00e9commande pour t\u00e9l\u00e9commande, c\u00e2ble de t\u00e9l\u00e9commande atteignant 1,8m, adaptateur de monture m\u00e2le \u00e0 m\u00e2le s\u00e9rie CEJN 115<\/p>\n","protected":false},"excerpt":{"rendered":"<p>Compatible avec n\u2019importe quelle t\u00eate de sertissage, de coupe ou de poin\u00e7onnage \u00e0 700 bar&lt;Br&gt; Applications plus rapides gr\u00e2ce \u00e0<\/p>\n","protected":false},"featured_media":442603,"template":"","meta":{"_seopress_robots_primary_cat":"","_seopress_titles_title":"","_seopress_titles_desc":"","_seopress_robots_index":""},"product_brand":[3407],"product_cat":[29,514],"product_tag":[3270],"class_list":{"0":"post-463393","1":"product","2":"type-product","3":"status-publish","4":"has-post-thumbnail","6":"product_brand-milwaukee","7":"product_cat-macchinari","8":"product_cat-altri-dispositivi","9":"product_tag-import-milwau","10":"sws-gruppo-macchinari-fr","11":"sws-conto-ricavi-merci-rivendita-macchinari-fr","12":"sws-gruppo-iva-iva81-fr","14":"first","15":"instock","16":"sale","17":"purchasable","18":"product-type-simple"},"_links":{"self":[{"href":"https:\/\/lucacastelli.com\/fr\/wp-json\/wp\/v2\/product\/463393","targetHints":{"allow":["GET"]}}],"collection":[{"href":"https:\/\/lucacastelli.com\/fr\/wp-json\/wp\/v2\/product"}],"about":[{"href":"https:\/\/lucacastelli.com\/fr\/wp-json\/wp\/v2\/types\/product"}],"wp:featuredmedia":[{"embeddable":true,"href":"https:\/\/lucacastelli.com\/fr\/wp-json\/wp\/v2\/media\/442603"}],"wp:attachment":[{"href":"https:\/\/lucacastelli.com\/fr\/wp-json\/wp\/v2\/media?parent=463393"}],"wp:term":[{"taxonomy":"product_brand","embeddable":true,"href":"https:\/\/lucacastelli.com\/fr\/wp-json\/wp\/v2\/product_brand?post=463393"},{"taxonomy":"product_cat","embeddable":true,"href":"https:\/\/lucacastelli.com\/fr\/wp-json\/wp\/v2\/product_cat?post=463393"},{"taxonomy":"product_tag","embeddable":true,"href":"https:\/\/lucacastelli.com\/fr\/wp-json\/wp\/v2\/product_tag?post=463393"}],"curies":[{"name":"wp","href":"https:\/\/api.w.org\/{rel}","templated":true}]}}