{"id":463389,"date":"2025-06-01T08:37:16","date_gmt":"2025-06-01T06:37:16","guid":{"rendered":"https:\/\/lucacastelli.com\/prodotto\/sonde-de-tirage-de-cable\/"},"modified":"2025-06-29T07:57:57","modified_gmt":"2025-06-29T05:57:57","slug":"sonde-de-tirage-de-cable","status":"publish","type":"product","link":"https:\/\/lucacastelli.com\/fr\/produit\/sonde-de-tirage-de-cable\/","title":{"rendered":"MILWAUKEE Sonde extracteur de c\u00e2ble"},"content":{"rendered":"<p>La premi\u00e8re sonde \u00e0 tirage de c\u00e2ble aliment\u00e9e par batterie au monde&lt;Br&gt;  Compatible avec 4 f\u00fbts interchangeables jusqu\u2019\u00e0 72 m en acier et 60 m non conducteurs&lt;Br&gt;  La sonde se r\u00e9tracte automatiquement dans le tambour &#8211; pour les applications moins fatigantes&lt;Br&gt;  Le moteur brushless POWERSTATE\u2122 a la puissance n\u00e9cessaire pour tirer la sonde jusqu\u2019\u00e0 60 m avec des coudes \u00e0 360\u00b0&lt;Br&gt;  L\u2019alimentation automatique fait avancer la sonde plus rapidement entre les courbes du syst\u00e8me \u00e9lectrique&lt;Br&gt;  Interrupteur \u00e0 vitesse variable pour un contr\u00f4le maximal&lt;Br&gt;  Changement rapide du tambour&lt;Br&gt;  La technologie FUEL\u2122 red\u00e9finit les outils \u00e9lectriques sans fil. Le moteur sans balais, l\u2019\u00e9lectronique REDLINK PLUS\u2122 et la batterie REDLITHIUM\u2122 offrent des performances et une durabilit\u00e9 sup\u00e9rieures&lt;br&gt; Fonctionne avec toutes les batteries MILWAUKEE\u00ae M18\u2122 <\/p>\n<p>CODE BARRE : 4058546298517<\/p>\n<p>Caract\u00e9ristiques techniques<br \/>\nLivr\u00e9 sans piles<\/p>\n<p>Livr\u00e9 sans piles, livr\u00e9 sans chargeur, livr\u00e9 sans kitbox ni sac, Outil seul, tambour Non inclus<\/p>\n","protected":false},"excerpt":{"rendered":"<p>La premi\u00e8re sonde \u00e0 tirage de c\u00e2ble aliment\u00e9e par batterie au monde&lt;Br&gt; Compatible avec 4 f\u00fbts interchangeables jusqu\u2019\u00e0 72 m<\/p>\n","protected":false},"featured_media":442640,"template":"","meta":{"_seopress_robots_primary_cat":"","_seopress_titles_title":"","_seopress_titles_desc":"","_seopress_robots_index":""},"product_brand":[3407],"product_cat":[29,514],"product_tag":[3270],"class_list":{"0":"post-463389","1":"product","2":"type-product","3":"status-publish","4":"has-post-thumbnail","6":"product_brand-milwaukee","7":"product_cat-macchinari","8":"product_cat-altri-dispositivi","9":"product_tag-import-milwau","10":"sws-gruppo-macchinari-fr","11":"sws-conto-ricavi-merci-rivendita-macchinari-fr","12":"sws-gruppo-iva-iva81-fr","14":"first","15":"instock","16":"sale","17":"purchasable","18":"product-type-simple"},"_links":{"self":[{"href":"https:\/\/lucacastelli.com\/fr\/wp-json\/wp\/v2\/product\/463389","targetHints":{"allow":["GET"]}}],"collection":[{"href":"https:\/\/lucacastelli.com\/fr\/wp-json\/wp\/v2\/product"}],"about":[{"href":"https:\/\/lucacastelli.com\/fr\/wp-json\/wp\/v2\/types\/product"}],"wp:featuredmedia":[{"embeddable":true,"href":"https:\/\/lucacastelli.com\/fr\/wp-json\/wp\/v2\/media\/442640"}],"wp:attachment":[{"href":"https:\/\/lucacastelli.com\/fr\/wp-json\/wp\/v2\/media?parent=463389"}],"wp:term":[{"taxonomy":"product_brand","embeddable":true,"href":"https:\/\/lucacastelli.com\/fr\/wp-json\/wp\/v2\/product_brand?post=463389"},{"taxonomy":"product_cat","embeddable":true,"href":"https:\/\/lucacastelli.com\/fr\/wp-json\/wp\/v2\/product_cat?post=463389"},{"taxonomy":"product_tag","embeddable":true,"href":"https:\/\/lucacastelli.com\/fr\/wp-json\/wp\/v2\/product_tag?post=463389"}],"curies":[{"name":"wp","href":"https:\/\/api.w.org\/{rel}","templated":true}]}}