{"id":463387,"date":"2025-06-01T08:33:26","date_gmt":"2025-06-01T06:33:26","guid":{"rendered":"https:\/\/lucacastelli.com\/prodotto\/poinconneuse-perceuse-a-tole\/"},"modified":"2025-06-29T07:58:16","modified_gmt":"2025-06-29T05:58:16","slug":"poinconneuse-perceuse-a-tole","status":"publish","type":"product","link":"https:\/\/lucacastelli.com\/fr\/produit\/poinconneuse-perceuse-a-tole\/","title":{"rendered":"Poin\u00e7onneuse MILWAUKEE"},"content":{"rendered":"<p>Poin\u00e7onneuse FORCE LOGIC\u2122 : la plus compacte et la plus l\u00e9g\u00e8re du march\u00e9, avec 60kN de force&lt;Br&gt;  La m\u00e9thode de per\u00e7age la plus simple : pour un per\u00e7age rapide et sans bavures&lt;Br&gt;  Pr\u00e9cision maximale gr\u00e2ce \u00e0 un syst\u00e8me d\u2019alignement pr\u00e9cis des matrices&lt;Br&gt;  \u00c9quilibre optimal pour une utilisation d\u2019une seule main&lt;Br&gt;  Connecteur rapide pour une pr\u00e9paration facile du poin\u00e7on et de la matrice, sans avoir besoin de supporter le poids de l\u2019outil&lt;Br&gt;  Permet de percer jusqu\u2019\u00e0 un diam\u00e8tre de 100 mm sur 3 mm d\u2019acier l\u00e9ger ou 2,5 mm d\u2019acier inoxydable&lt;Br&gt;  Compatible avec la plupart des poin\u00e7ons\/matrices du march\u00e9&lt;Br&gt;  La fa\u00e7on la plus simple et la moins fatigante de percer des t\u00f4les&lt;Br&gt;  Indicateur d\u2019\u00e9tat de charge de la batterie et voyant LED pour \u00e9clairer la zone d\u2019application&lt;Br&gt;  Le moteur sans balais, l\u2019\u00e9lectronique REDLINK PLUS\u2122 et la batterie REDLITHIUM\u2122 offrent une performance et une durabilit\u00e9 sup\u00e9rieures&lt;Br&gt;  Fonctionne avec toutes les batteries MILWAUKEE\u00ae M18\u2122<\/p>\n<p>CODE BARRE : 4002395138906<\/p>\n<p>Caract\u00e9ristiques techniques<br \/>\n2,5 dans l\u2019acier inoxydable et 3,0 dans l\u2019acier l\u00e9ger<\/p>\n<p>1 x batterie M18 B2, chargeur M12-18 C, mallette de transport, broche 11 mm, broche 19 mm, connecteur rapide<\/p>\n","protected":false},"excerpt":{"rendered":"<p>Poin\u00e7onneuse FORCE LOGIC\u2122 : la plus compacte et la plus l\u00e9g\u00e8re du march\u00e9, avec 60kN de force&lt;Br&gt; La m\u00e9thode de<\/p>\n","protected":false},"featured_media":442566,"template":"","meta":{"_seopress_robots_primary_cat":"","_seopress_titles_title":"","_seopress_titles_desc":"","_seopress_robots_index":""},"product_brand":[3658],"product_cat":[1453,167],"product_tag":[3273],"class_list":{"0":"post-463387","1":"product","2":"type-product","3":"status-publish","4":"has-post-thumbnail","6":"product_brand-milwaukee-fr","7":"product_cat-autres-appareils","8":"product_cat-machines","9":"product_tag-import-milwau-fr","10":"sws-gruppo-macchinari-fr","11":"sws-conto-ricavi-merci-rivendita-macchinari-fr","12":"sws-gruppo-iva-iva81-fr","14":"first","15":"instock","16":"sale","17":"purchasable","18":"product-type-simple"},"_links":{"self":[{"href":"https:\/\/lucacastelli.com\/fr\/wp-json\/wp\/v2\/product\/463387","targetHints":{"allow":["GET"]}}],"collection":[{"href":"https:\/\/lucacastelli.com\/fr\/wp-json\/wp\/v2\/product"}],"about":[{"href":"https:\/\/lucacastelli.com\/fr\/wp-json\/wp\/v2\/types\/product"}],"wp:featuredmedia":[{"embeddable":true,"href":"https:\/\/lucacastelli.com\/fr\/wp-json\/wp\/v2\/media\/442566"}],"wp:attachment":[{"href":"https:\/\/lucacastelli.com\/fr\/wp-json\/wp\/v2\/media?parent=463387"}],"wp:term":[{"taxonomy":"product_brand","embeddable":true,"href":"https:\/\/lucacastelli.com\/fr\/wp-json\/wp\/v2\/product_brand?post=463387"},{"taxonomy":"product_cat","embeddable":true,"href":"https:\/\/lucacastelli.com\/fr\/wp-json\/wp\/v2\/product_cat?post=463387"},{"taxonomy":"product_tag","embeddable":true,"href":"https:\/\/lucacastelli.com\/fr\/wp-json\/wp\/v2\/product_tag?post=463387"}],"curies":[{"name":"wp","href":"https:\/\/api.w.org\/{rel}","templated":true}]}}