{"id":463379,"date":"2025-06-01T08:26:07","date_gmt":"2025-06-01T06:26:07","guid":{"rendered":"https:\/\/lucacastelli.com\/prodotto\/lasers-a-lignes-croisees\/"},"modified":"2025-06-29T07:58:39","modified_gmt":"2025-06-29T05:58:39","slug":"lasers-a-lignes-croisees","status":"publish","type":"product","link":"https:\/\/lucacastelli.com\/fr\/produit\/lasers-a-lignes-croisees\/","title":{"rendered":"Laser \u00e0 lignes crois\u00e9es MILWAUKEE"},"content":{"rendered":"<p>Une ligne horizontale et deux lignes verticales pour l\u2019alignement, le nivellement, l\u2019\u00e9querre et le transfert de points pour une conception facile de l\u2019espace avec un seul outil&lt;Br&gt;  Laser vert de haute intensit\u00e9 pour une visibilit\u00e9 sans compromis : jusqu\u2019\u00e0 4 fois plus visible que les lasers rouges&lt;Br&gt;  Port\u00e9e 38 m (50 m avec r\u00e9cepteur laser LLD50, 100 m avec r\u00e9cepteur laser LRD100)&lt;Br&gt;  La batterie M12 4.0 Ah garantit une autonomie de plus de 15 heures&lt;Br&gt;  Syst\u00e8me de pendule en 3 modes : manuel pour une utilisation \u00e0 n\u2019importe quel angle, mise \u00e0 niveau automatique avec indication de d\u00e9salignement avec variation de 4\u00b0 et pendule verrouill\u00e9 pour une protection suppl\u00e9mentaire pendant le transport&lt;Br&gt;  Aimants, filetage 1\/4 personnalis\u00e9 et 5\/8 pour tr\u00e9pied et trous int\u00e9gr\u00e9s : fixation facile sur l\u2019acier, le bois et le tr\u00e9pied&lt;Br&gt;  Rotation \u00e0 330\u00b0 du laser avec molette de micro-alignement pour des r\u00e9glages pr\u00e9cis et rapides&lt;Br&gt;  Classe de protection IP 54, r\u00e9sistance aux chutes de 1 m&lt;Br&gt;  Fonctionne avec toutes les batteries MILWAUKEE\u00ae M12\u2122<\/p>\n<p>CODE \u00c0 BARRES : 4058546340360<\/p>\n<p>Caract\u00e9ristiques techniques<br \/>\n15<\/p>\n<p>Livr\u00e9 sans piles, livr\u00e9 sans chargeur, mallette de transport, 1 viseur haute visibilit\u00e9 et 1 clip pour montage mural<\/p>\n","protected":false},"excerpt":{"rendered":"<p>Une ligne horizontale et deux lignes verticales pour l\u2019alignement, le nivellement, l\u2019\u00e9querre et le transfert de points pour une conception<\/p>\n","protected":false},"featured_media":442426,"template":"","meta":{"_seopress_robots_primary_cat":"","_seopress_titles_title":"","_seopress_titles_desc":"","_seopress_robots_index":""},"product_brand":[3656],"product_cat":[169,1454],"product_tag":[3272],"class_list":{"0":"post-463379","1":"product","2":"type-product","3":"status-publish","4":"has-post-thumbnail","6":"product_brand-milwaukee-de","7":"product_cat-maschinen","8":"product_cat-andere-gerate","9":"product_tag-import-milwau-de","10":"sws-gruppo-macchinari-fr","11":"sws-conto-ricavi-merci-rivendita-macchinari-fr","12":"sws-gruppo-iva-iva81-fr","14":"first","15":"instock","16":"sale","17":"purchasable","18":"product-type-simple"},"_links":{"self":[{"href":"https:\/\/lucacastelli.com\/fr\/wp-json\/wp\/v2\/product\/463379","targetHints":{"allow":["GET"]}}],"collection":[{"href":"https:\/\/lucacastelli.com\/fr\/wp-json\/wp\/v2\/product"}],"about":[{"href":"https:\/\/lucacastelli.com\/fr\/wp-json\/wp\/v2\/types\/product"}],"wp:featuredmedia":[{"embeddable":true,"href":"https:\/\/lucacastelli.com\/fr\/wp-json\/wp\/v2\/media\/442426"}],"wp:attachment":[{"href":"https:\/\/lucacastelli.com\/fr\/wp-json\/wp\/v2\/media?parent=463379"}],"wp:term":[{"taxonomy":"product_brand","embeddable":true,"href":"https:\/\/lucacastelli.com\/fr\/wp-json\/wp\/v2\/product_brand?post=463379"},{"taxonomy":"product_cat","embeddable":true,"href":"https:\/\/lucacastelli.com\/fr\/wp-json\/wp\/v2\/product_cat?post=463379"},{"taxonomy":"product_tag","embeddable":true,"href":"https:\/\/lucacastelli.com\/fr\/wp-json\/wp\/v2\/product_tag?post=463379"}],"curies":[{"name":"wp","href":"https:\/\/api.w.org\/{rel}","templated":true}]}}