{"id":463374,"date":"2025-06-01T08:27:45","date_gmt":"2025-06-01T06:27:45","guid":{"rendered":"https:\/\/lucacastelli.com\/prodotto\/recepteur-laser\/"},"modified":"2025-06-29T07:58:15","modified_gmt":"2025-06-29T05:58:15","slug":"recepteur-laser","status":"publish","type":"product","link":"https:\/\/lucacastelli.com\/fr\/produit\/recepteur-laser\/","title":{"rendered":"R\u00e9cepteur laser MILWAUKEE"},"content":{"rendered":"<p>Le r\u00e9cepteur laser MILWAUKEE\u00ae LLD 50 augmente la port\u00e9e des lasers lin\u00e9aires jusqu\u2019\u00e0 50 m&lt;Br&gt;  LED avant et arri\u00e8re pour une d\u00e9tection pr\u00e9cise du faisceau&lt;Br&gt;  Aimants sur les c\u00f4t\u00e9s pour la fixation sur des surfaces m\u00e9talliques&lt;Br&gt;  La pince (incluse) permet la fixation sur des surfaces non m\u00e9talliques&lt;Br&gt;  Signal audio r\u00e9glable et plus de 65 heures d\u2019autonomie (piles AA incluses)&lt;Br&gt;  R\u00e9cepteur universel : compatible avec tous les lasers lin\u00e9aires verts&lt;Br&gt;  Possibilit\u00e9 d\u2019ajuster la pr\u00e9cision pour une pr\u00e9cision maximale&lt;Br&gt;  Classe de protection IP54&lt;Br&gt;  R\u00e9sistance aux chutes \u00e0 partir de 1 m<\/p>\n<p>CODE BARRE : 4058546340377<\/p>\n<p>Caract\u00e9ristiques techniques<br \/>\nLivr\u00e9 sans kitbox ni sac<\/p>\n<p>1 pince<\/p>\n","protected":false},"excerpt":{"rendered":"<p>Le r\u00e9cepteur laser MILWAUKEE\u00ae LLD 50 augmente la port\u00e9e des lasers lin\u00e9aires jusqu\u2019\u00e0 50 m&lt;Br&gt; LED avant et arri\u00e8re pour<\/p>\n","protected":false},"featured_media":442459,"template":"","meta":{"_seopress_robots_primary_cat":"","_seopress_titles_title":"","_seopress_titles_desc":"","_seopress_robots_index":""},"product_brand":[3658],"product_cat":[1453,167],"product_tag":[3273],"class_list":{"0":"post-463374","1":"product","2":"type-product","3":"status-publish","4":"has-post-thumbnail","6":"product_brand-milwaukee-fr","7":"product_cat-autres-appareils","8":"product_cat-machines","9":"product_tag-import-milwau-fr","10":"sws-gruppo-macchinari-fr","11":"sws-conto-ricavi-merci-rivendita-macchinari-fr","12":"sws-gruppo-iva-iva81-fr","14":"first","15":"instock","16":"sale","17":"purchasable","18":"product-type-simple"},"_links":{"self":[{"href":"https:\/\/lucacastelli.com\/fr\/wp-json\/wp\/v2\/product\/463374","targetHints":{"allow":["GET"]}}],"collection":[{"href":"https:\/\/lucacastelli.com\/fr\/wp-json\/wp\/v2\/product"}],"about":[{"href":"https:\/\/lucacastelli.com\/fr\/wp-json\/wp\/v2\/types\/product"}],"wp:featuredmedia":[{"embeddable":true,"href":"https:\/\/lucacastelli.com\/fr\/wp-json\/wp\/v2\/media\/442459"}],"wp:attachment":[{"href":"https:\/\/lucacastelli.com\/fr\/wp-json\/wp\/v2\/media?parent=463374"}],"wp:term":[{"taxonomy":"product_brand","embeddable":true,"href":"https:\/\/lucacastelli.com\/fr\/wp-json\/wp\/v2\/product_brand?post=463374"},{"taxonomy":"product_cat","embeddable":true,"href":"https:\/\/lucacastelli.com\/fr\/wp-json\/wp\/v2\/product_cat?post=463374"},{"taxonomy":"product_tag","embeddable":true,"href":"https:\/\/lucacastelli.com\/fr\/wp-json\/wp\/v2\/product_tag?post=463374"}],"curies":[{"name":"wp","href":"https:\/\/api.w.org\/{rel}","templated":true}]}}