{"id":463372,"date":"2025-06-01T08:24:19","date_gmt":"2025-06-01T06:24:19","guid":{"rendered":"https:\/\/lucacastelli.com\/prodotto\/brosse-motorisee\/"},"modified":"2025-06-29T07:58:41","modified_gmt":"2025-06-29T05:58:41","slug":"brosse-motorisee","status":"publish","type":"product","link":"https:\/\/lucacastelli.com\/fr\/produit\/brosse-motorisee\/","title":{"rendered":"MILWAUKEE Brosse motoris\u00e9e"},"content":{"rendered":"<p>La brosse motoris\u00e9e M12\u2122 est l\u2019accessoire parfait pour nettoyer les petits d\u00e9bris et la salet\u00e9 sur les tapis et les surfaces rugueuses&lt;Br&gt;  Gr\u00e2ce au raccord universel, il est compatible avec tous les aspirateurs MILWAUKEE\u00ae M12\u2122 et M18\u2122 et les aspirateurs avec les tailles de tuyaux les plus courantes (diam\u00e8tre 31,8 mm, 47,6 mm et 63,5 mm)&lt;Br&gt;  Largeur de nettoyage de 152 mm, pour nettoyer plus que les buses non motoris\u00e9es standard&lt;Br&gt;  Sabot brosse incurv\u00e9, capable de pivoter et de ne pas s\u2019accrocher sur les surfaces, pour une meilleure exp\u00e9rience d\u2019utilisation&lt;Br&gt;  Changement de rouleau sans outil  &lt;Br&gt;  Lumi\u00e8re LED \u00e0 l\u2019avant de la brosse, pour une visibilit\u00e9 maximale&lt;Br&gt;  Compatible avec la s\u00e9rie d\u2019accessoires d\u2019aspirateur AIR-TIP\u2122&lt;Br&gt;  Le moteur \u00e0 balais \u00e0 4 p\u00f4les, l\u2019\u00e9lectronique REDLINK PLUS\u2122 et la batterie REDLITHIUM\u2122 offrent des performances maximales&lt;Br&gt;  Fonctionne avec toutes les batteries MILWAUKEE\u00ae M12\u2122<\/p>\n<p>CODE BARRE&nbsp;: 4058546372552<\/p>\n<p>Caract\u00e9ristiques techniques<br \/>\nLi-ion<\/p>\n<p>Livr\u00e9 sans piles, livr\u00e9 sans chargeur, livr\u00e9 sans kitbox ni sac<\/p>\n","protected":false},"excerpt":{"rendered":"<p>La brosse motoris\u00e9e M12\u2122 est l\u2019accessoire parfait pour nettoyer les petits d\u00e9bris et la salet\u00e9 sur les tapis et les<\/p>\n","protected":false},"featured_media":442389,"template":"","meta":{"_seopress_robots_primary_cat":"","_seopress_titles_title":"","_seopress_titles_desc":"","_seopress_robots_index":""},"product_brand":[3656],"product_cat":[169,1454],"product_tag":[3272],"class_list":{"0":"post-463372","1":"product","2":"type-product","3":"status-publish","4":"has-post-thumbnail","6":"product_brand-milwaukee-de","7":"product_cat-maschinen","8":"product_cat-andere-gerate","9":"product_tag-import-milwau-de","10":"sws-gruppo-macchinari-fr","11":"sws-conto-ricavi-merci-rivendita-macchinari-fr","12":"sws-gruppo-iva-iva81-fr","14":"first","15":"instock","16":"sale","17":"purchasable","18":"product-type-simple"},"_links":{"self":[{"href":"https:\/\/lucacastelli.com\/fr\/wp-json\/wp\/v2\/product\/463372","targetHints":{"allow":["GET"]}}],"collection":[{"href":"https:\/\/lucacastelli.com\/fr\/wp-json\/wp\/v2\/product"}],"about":[{"href":"https:\/\/lucacastelli.com\/fr\/wp-json\/wp\/v2\/types\/product"}],"wp:featuredmedia":[{"embeddable":true,"href":"https:\/\/lucacastelli.com\/fr\/wp-json\/wp\/v2\/media\/442389"}],"wp:attachment":[{"href":"https:\/\/lucacastelli.com\/fr\/wp-json\/wp\/v2\/media?parent=463372"}],"wp:term":[{"taxonomy":"product_brand","embeddable":true,"href":"https:\/\/lucacastelli.com\/fr\/wp-json\/wp\/v2\/product_brand?post=463372"},{"taxonomy":"product_cat","embeddable":true,"href":"https:\/\/lucacastelli.com\/fr\/wp-json\/wp\/v2\/product_cat?post=463372"},{"taxonomy":"product_tag","embeddable":true,"href":"https:\/\/lucacastelli.com\/fr\/wp-json\/wp\/v2\/product_tag?post=463372"}],"curies":[{"name":"wp","href":"https:\/\/api.w.org\/{rel}","templated":true}]}}