{"id":463370,"date":"2025-06-01T08:20:50","date_gmt":"2025-06-01T06:20:50","guid":{"rendered":"https:\/\/lucacastelli.com\/prodotto\/grignoteuse-2\/"},"modified":"2025-06-29T07:59:00","modified_gmt":"2025-06-29T05:59:00","slug":"grignoteuse-2","status":"publish","type":"product","link":"https:\/\/lucacastelli.com\/fr\/produit\/grignoteuse-2\/","title":{"rendered":"Grignoteur MILWAUKEE"},"content":{"rendered":"<p>La premi\u00e8re grignoteuse 12V avec une capacit\u00e9 de coupe maximale sur acier carbone de 1,6 mm, acier inoxydable 1,2 mm, aluminium 2,1 mm&lt;Br&gt;  Avec un poids de seulement 1,6 kg (y compris une batterie de 6,0 Ah), c\u2019est la grignoteuse sans fil la plus l\u00e9g\u00e8re du march\u00e9&lt;Br&gt;  Contr\u00f4le maximal pour tout type de mat\u00e9riau, avec 5 r\u00e9glages, il est id\u00e9al pour l\u2019usinage de l\u2019acier inoxydable et de l\u2019aluminium&lt;Br&gt;  Zollauto controlSyst\u00e8me d\u2019allumage Zoll, d\u00e9marre lentement et atteint la vitesse maximale lorsque l\u2019utilisateur commence \u00e0 couper&lt;Br&gt;  R\u00e9glage de la direction de coupe (90\u00b0) sans outil&lt;Br&gt;  Retrait et remplacement des accessoires sans outil&lt;Br&gt;  \u00c9quip\u00e9 d\u2019un sac pour la collecte des d\u00e9chets de traitement&lt;Br&gt;  Des lumi\u00e8res LED \u00e9clairent la zone de travail&lt;Br&gt;  Crochet de ceinture et cordon de serrage int\u00e9gr\u00e9s&lt;Br&gt;  Le moteur brushless POWERSTATE\u2122 garantit des performances m\u00eame en cas de stress. L\u2019\u00e9lectronique REDLINK PLUS\u2122 offre une protection accrue contre les surcharges pour l\u2019outil et la batterie, assurant une dur\u00e9e de vie plus longue dans les applications lourdes, tandis que la batterie REDLITHIUM\u2122 assure une construction avanc\u00e9e de la batterie et des performances constantes, pour offrir une autonomie plus longue et maximiser la dur\u00e9e de vie&lt;de la batterie br&gt; Fonctionne avec toutes les batteries M12\u2122 <\/p>\n<p>CODE BARRE : 4058546374129<\/p>\n<p>Caract\u00e9ristiques techniques<br \/>\n5<\/p>\n<p>Livr\u00e9 sans piles, livr\u00e9 sans chargeur, mallette de transport HeavyDuty, matrice, adaptateur, support de matrice, sac de collecte<\/p>\n","protected":false},"excerpt":{"rendered":"<p>La premi\u00e8re grignoteuse 12V avec une capacit\u00e9 de coupe maximale sur acier carbone de 1,6 mm, acier inoxydable 1,2 mm,<\/p>\n","protected":false},"featured_media":442315,"template":"","meta":{"_seopress_robots_primary_cat":"","_seopress_titles_title":"","_seopress_titles_desc":"","_seopress_robots_index":""},"product_brand":[3407],"product_cat":[29,514],"product_tag":[3270],"class_list":{"0":"post-463370","1":"product","2":"type-product","3":"status-publish","4":"has-post-thumbnail","6":"product_brand-milwaukee","7":"product_cat-macchinari","8":"product_cat-altri-dispositivi","9":"product_tag-import-milwau","10":"sws-gruppo-macchinari-fr","11":"sws-conto-ricavi-merci-rivendita-macchinari-fr","12":"sws-gruppo-iva-iva81-fr","14":"first","15":"instock","16":"sale","17":"purchasable","18":"product-type-simple"},"_links":{"self":[{"href":"https:\/\/lucacastelli.com\/fr\/wp-json\/wp\/v2\/product\/463370","targetHints":{"allow":["GET"]}}],"collection":[{"href":"https:\/\/lucacastelli.com\/fr\/wp-json\/wp\/v2\/product"}],"about":[{"href":"https:\/\/lucacastelli.com\/fr\/wp-json\/wp\/v2\/types\/product"}],"wp:featuredmedia":[{"embeddable":true,"href":"https:\/\/lucacastelli.com\/fr\/wp-json\/wp\/v2\/media\/442315"}],"wp:attachment":[{"href":"https:\/\/lucacastelli.com\/fr\/wp-json\/wp\/v2\/media?parent=463370"}],"wp:term":[{"taxonomy":"product_brand","embeddable":true,"href":"https:\/\/lucacastelli.com\/fr\/wp-json\/wp\/v2\/product_brand?post=463370"},{"taxonomy":"product_cat","embeddable":true,"href":"https:\/\/lucacastelli.com\/fr\/wp-json\/wp\/v2\/product_cat?post=463370"},{"taxonomy":"product_tag","embeddable":true,"href":"https:\/\/lucacastelli.com\/fr\/wp-json\/wp\/v2\/product_tag?post=463370"}],"curies":[{"name":"wp","href":"https:\/\/api.w.org\/{rel}","templated":true}]}}