{"id":463367,"date":"2025-06-01T08:22:44","date_gmt":"2025-06-01T06:22:44","guid":{"rendered":"https:\/\/lucacastelli.com\/prodotto\/ponceuse-delta\/"},"modified":"2025-06-29T07:58:37","modified_gmt":"2025-06-29T05:58:37","slug":"ponceuse-delta","status":"publish","type":"product","link":"https:\/\/lucacastelli.com\/fr\/produit\/ponceuse-delta\/","title":{"rendered":"PONCEUSE DELTA MILWAUKEE"},"content":{"rendered":"<p>Ponceuse delta compacte pour les finitions, parfaite pour atteindre les coins&lt;Br&gt;  Quatre vitesses pour ajuster le pon\u00e7age en fonction du type de mat\u00e9riau&lt;Br&gt;  Faibles vibrations \u00e0 seulement 4,3 m\/s\u00b2&lt;Br&gt;  Le profil du patin de pon\u00e7age facilite le lissage des profil\u00e9s et des contours et am\u00e9liore la pr\u00e9cision&lt;Br&gt;  Les plateaux de support peuvent \u00eatre chang\u00e9s facilement&lt;Br&gt;  La lumi\u00e8re LED \u00e9claire la zone de travail&lt;Br&gt;  Le moteur sans balais POWERSTATE\u2122 garantit des performances m\u00eame sous charge, tandis que l\u2019\u00e9lectronique REDLINK PLUS\u2122 offre une meilleure protection contre les surcharges pour l\u2019outil et la batterie, assurant ainsi une dur\u00e9e de vie plus longue dans les applications lourdes. La batterie REDLITHIUM\u2122 assure une construction de batterie avanc\u00e9e et des performances constantes, pour offrir une autonomie plus longue et maximiser la dur\u00e9e de vie&lt;de la batterie br&gt; Fonctionne avec toutes les batteries de la plate-forme M12\u2122 <\/p>\n<p>CODE BARRE : 4058546374747<\/p>\n<p>Caract\u00e9ristiques techniques<br \/>\nSac de transport<\/p>\n<p>Livr\u00e9 sans piles, livr\u00e9 sans chargeur, sac<\/p>\n","protected":false},"excerpt":{"rendered":"<p>Ponceuse delta compacte pour les finitions, parfaite pour atteindre les coins&lt;Br&gt; Quatre vitesses pour ajuster le pon\u00e7age en fonction du<\/p>\n","protected":false},"featured_media":442352,"template":"","meta":{"_seopress_robots_primary_cat":"","_seopress_titles_title":"","_seopress_titles_desc":"","_seopress_robots_index":""},"product_brand":[3656],"product_cat":[169,1454],"product_tag":[3272],"class_list":{"0":"post-463367","1":"product","2":"type-product","3":"status-publish","4":"has-post-thumbnail","6":"product_brand-milwaukee-de","7":"product_cat-maschinen","8":"product_cat-andere-gerate","9":"product_tag-import-milwau-de","10":"sws-gruppo-macchinari-fr","11":"sws-conto-ricavi-merci-rivendita-macchinari-fr","12":"sws-gruppo-iva-iva81-fr","14":"first","15":"instock","16":"sale","17":"purchasable","18":"product-type-simple"},"_links":{"self":[{"href":"https:\/\/lucacastelli.com\/fr\/wp-json\/wp\/v2\/product\/463367","targetHints":{"allow":["GET"]}}],"collection":[{"href":"https:\/\/lucacastelli.com\/fr\/wp-json\/wp\/v2\/product"}],"about":[{"href":"https:\/\/lucacastelli.com\/fr\/wp-json\/wp\/v2\/types\/product"}],"wp:featuredmedia":[{"embeddable":true,"href":"https:\/\/lucacastelli.com\/fr\/wp-json\/wp\/v2\/media\/442352"}],"wp:attachment":[{"href":"https:\/\/lucacastelli.com\/fr\/wp-json\/wp\/v2\/media?parent=463367"}],"wp:term":[{"taxonomy":"product_brand","embeddable":true,"href":"https:\/\/lucacastelli.com\/fr\/wp-json\/wp\/v2\/product_brand?post=463367"},{"taxonomy":"product_cat","embeddable":true,"href":"https:\/\/lucacastelli.com\/fr\/wp-json\/wp\/v2\/product_cat?post=463367"},{"taxonomy":"product_tag","embeddable":true,"href":"https:\/\/lucacastelli.com\/fr\/wp-json\/wp\/v2\/product_tag?post=463367"}],"curies":[{"name":"wp","href":"https:\/\/api.w.org\/{rel}","templated":true}]}}