{"id":463358,"date":"2025-06-01T08:15:16","date_gmt":"2025-06-01T06:15:16","guid":{"rendered":"https:\/\/lucacastelli.com\/prodotto\/fer-a-souder\/"},"modified":"2025-06-29T07:58:59","modified_gmt":"2025-06-29T05:58:59","slug":"fer-a-souder","status":"publish","type":"product","link":"https:\/\/lucacastelli.com\/fr\/produit\/fer-a-souder\/","title":{"rendered":"Soudeur MILWAUKEE"},"content":{"rendered":"<p>Chauffage extr\u00eamement rapide, pr\u00eat \u00e0 l\u2019emploi en 20 \u00e0 30 secondes&lt;Br&gt;  T\u00eate verrouillable en 3 positions (0\u00b0, 45\u00b0, 90\u00b0), pour une polyvalence maximale&lt;Br&gt;  Forets rempla\u00e7ables sans outil&lt;Br&gt;  Lumi\u00e8re LED bicolore : verte clignotante pendant le pr\u00e9chauffage, verte constante pour l\u2019utilisation et rouge constante lorsque l\u2019outil est \u00e9teint mais toujours chaud&lt;Br&gt;  Surveillance de la temp\u00e9rature pour maintenir la chaleur pendant les applications&lt;Br&gt;  Lumi\u00e8re LED pour \u00e9clairer le domaine d\u2019application&lt;Br&gt;  Compatible avec toutes les batteries Milwaukee\u00ae M12\u2122  <\/p>\n<p>CODE BARRE : 4058546029326<\/p>\n<p>Caract\u00e9ristiques techniques<br \/>\n90<\/p>\n<p>Livr\u00e9 sans piles, livr\u00e9 sans chargeur, livr\u00e9 sans kitbox ni sac, pointe de crayon, pointe biseaut\u00e9e<\/p>\n","protected":false},"excerpt":{"rendered":"<p>Chauffage extr\u00eamement rapide, pr\u00eat \u00e0 l\u2019emploi en 20 \u00e0 30 secondes&lt;Br&gt; T\u00eate verrouillable en 3 positions (0\u00b0, 45\u00b0, 90\u00b0), pour<\/p>\n","protected":false},"featured_media":442204,"template":"","meta":{"_seopress_robots_primary_cat":"","_seopress_titles_title":"","_seopress_titles_desc":"","_seopress_robots_index":""},"product_brand":[3658],"product_cat":[1453,167],"product_tag":[3273],"class_list":{"0":"post-463358","1":"product","2":"type-product","3":"status-publish","4":"has-post-thumbnail","6":"product_brand-milwaukee-fr","7":"product_cat-autres-appareils","8":"product_cat-machines","9":"product_tag-import-milwau-fr","10":"sws-gruppo-macchinari-fr","11":"sws-conto-ricavi-merci-rivendita-macchinari-fr","12":"sws-gruppo-iva-iva81-fr","14":"first","15":"instock","16":"sale","17":"purchasable","18":"product-type-simple"},"_links":{"self":[{"href":"https:\/\/lucacastelli.com\/fr\/wp-json\/wp\/v2\/product\/463358","targetHints":{"allow":["GET"]}}],"collection":[{"href":"https:\/\/lucacastelli.com\/fr\/wp-json\/wp\/v2\/product"}],"about":[{"href":"https:\/\/lucacastelli.com\/fr\/wp-json\/wp\/v2\/types\/product"}],"wp:featuredmedia":[{"embeddable":true,"href":"https:\/\/lucacastelli.com\/fr\/wp-json\/wp\/v2\/media\/442204"}],"wp:attachment":[{"href":"https:\/\/lucacastelli.com\/fr\/wp-json\/wp\/v2\/media?parent=463358"}],"wp:term":[{"taxonomy":"product_brand","embeddable":true,"href":"https:\/\/lucacastelli.com\/fr\/wp-json\/wp\/v2\/product_brand?post=463358"},{"taxonomy":"product_cat","embeddable":true,"href":"https:\/\/lucacastelli.com\/fr\/wp-json\/wp\/v2\/product_cat?post=463358"},{"taxonomy":"product_tag","embeddable":true,"href":"https:\/\/lucacastelli.com\/fr\/wp-json\/wp\/v2\/product_tag?post=463358"}],"curies":[{"name":"wp","href":"https:\/\/api.w.org\/{rel}","templated":true}]}}