{"id":463357,"date":"2025-06-01T08:10:04","date_gmt":"2025-06-01T06:10:04","guid":{"rendered":"https:\/\/lucacastelli.com\/prodotto\/orateur\/"},"modified":"2025-06-29T07:59:25","modified_gmt":"2025-06-29T05:59:25","slug":"orateur","status":"publish","type":"product","link":"https:\/\/lucacastelli.com\/fr\/produit\/orateur\/","title":{"rendered":"Haut-parleur de MILWAUKEE"},"content":{"rendered":"<p>Technologie\u00ae de haut-parleur Bluetooth&lt;Br&gt;  R\u00e9ception Bluetooth\u00ae jusqu\u2019\u00e0 30 m&lt;Br&gt;  Polyvalence maximale : aliment\u00e9 par des batteries MILWAUKEE\u00ae M12\u2122 ou M18\u2122&lt;Br&gt;  Indice de protection IP54, contre la poussi\u00e8re et les \u00e9claboussures d\u2019eau&lt;Br&gt;  Un son puissant et clair&lt;Br&gt;  Port USB 2.1 pour charger les appareils \u00e9lectroniques (smartphones, tablettes, &#8230;)&lt;Br&gt;  Haut-parleurs hautes performances<\/p>\n<p>CODE BARRE : 4058546002411<\/p>\n<p>Caract\u00e9ristiques techniques<br \/>\n360 x 165 x 165<\/p>\n<p>Livr\u00e9 sans piles, livr\u00e9 sans chargeur, livr\u00e9 sans kitbox ni sac<\/p>\n","protected":false},"excerpt":{"rendered":"<p>Technologie\u00ae de haut-parleur Bluetooth&lt;Br&gt; R\u00e9ception Bluetooth\u00ae jusqu\u2019\u00e0 30 m&lt;Br&gt; Polyvalence maximale : aliment\u00e9 par des batteries MILWAUKEE\u00ae M12\u2122 ou M18\u2122&lt;Br&gt;<\/p>\n","protected":false},"featured_media":442105,"template":"","meta":{"_seopress_robots_primary_cat":"","_seopress_titles_title":"","_seopress_titles_desc":"","_seopress_robots_index":""},"product_brand":[3407],"product_cat":[29,514],"product_tag":[3270],"class_list":{"0":"post-463357","1":"product","2":"type-product","3":"status-publish","4":"has-post-thumbnail","6":"product_brand-milwaukee","7":"product_cat-macchinari","8":"product_cat-altri-dispositivi","9":"product_tag-import-milwau","10":"sws-gruppo-macchinari-fr","11":"sws-conto-ricavi-merci-rivendita-macchinari-fr","12":"sws-gruppo-iva-iva81-fr","14":"first","15":"instock","16":"sale","17":"purchasable","18":"product-type-simple"},"_links":{"self":[{"href":"https:\/\/lucacastelli.com\/fr\/wp-json\/wp\/v2\/product\/463357","targetHints":{"allow":["GET"]}}],"collection":[{"href":"https:\/\/lucacastelli.com\/fr\/wp-json\/wp\/v2\/product"}],"about":[{"href":"https:\/\/lucacastelli.com\/fr\/wp-json\/wp\/v2\/types\/product"}],"wp:featuredmedia":[{"embeddable":true,"href":"https:\/\/lucacastelli.com\/fr\/wp-json\/wp\/v2\/media\/442105"}],"wp:attachment":[{"href":"https:\/\/lucacastelli.com\/fr\/wp-json\/wp\/v2\/media?parent=463357"}],"wp:term":[{"taxonomy":"product_brand","embeddable":true,"href":"https:\/\/lucacastelli.com\/fr\/wp-json\/wp\/v2\/product_brand?post=463357"},{"taxonomy":"product_cat","embeddable":true,"href":"https:\/\/lucacastelli.com\/fr\/wp-json\/wp\/v2\/product_cat?post=463357"},{"taxonomy":"product_tag","embeddable":true,"href":"https:\/\/lucacastelli.com\/fr\/wp-json\/wp\/v2\/product_tag?post=463357"}],"curies":[{"name":"wp","href":"https:\/\/api.w.org\/{rel}","templated":true}]}}