{"id":463350,"date":"2025-06-01T08:08:07","date_gmt":"2025-06-01T06:08:07","guid":{"rendered":"https:\/\/lucacastelli.com\/prodotto\/radio-a-batterie-courant\/"},"modified":"2025-06-29T07:59:21","modified_gmt":"2025-06-29T05:59:21","slug":"radio-a-batterie-courant","status":"publish","type":"product","link":"https:\/\/lucacastelli.com\/fr\/produit\/radio-a-batterie-courant\/","title":{"rendered":"MILWAUKEE Radio Batteries\/Courant"},"content":{"rendered":"<p>Son surround \u00e0 360\u00b0 avec amplificateur de 40 W, pour un son riche et plein, m\u00eame \u00e0 l\u2019ext\u00e9rieur&lt;Br&gt;  Tuner radio DAB+ et AM\/FM pour une r\u00e9ception maximale du signal et l\u2019affichage d\u2019informations suppl\u00e9mentaires&lt;Br&gt;  Connectivit\u00e9\u00ae Bluetooth : Fonctionne jusqu\u2019\u00e0 30 m de votre smartphone, ordinateur ou tablette&lt;Br&gt;  Compatible avec le syst\u00e8me de transport modulaire MILWAUKEE\u00ae PACKOUT\u2122&lt;Br&gt;  Chargement des batteries et des appareils \u00e9lectroniques du M18\u2122 via USB&lt;Br&gt;  Classe de protection IP57 (aliment\u00e9 par batterie)&lt;Br&gt;  Aliment\u00e9 par des piles MILWAUKEE\u00ae M18\u2122 ou de l\u2019alimentation&lt;Br&gt;  Autonomie d\u2019une journ\u00e9e compl\u00e8te de travail avec la batterie M18\u2122 5.0 Ah&lt;Br&gt;  Polyvalence et connectivit\u00e9 maximales : USB, DAB+, radio, connexion AUX (c\u00e2ble de 20 cm inclus)&lt;Br&gt;  Peut \u00eatre utilis\u00e9 avec une batterie M18\u2122 ou sur secteur&lt;Br&gt;  Fonctionne avec toutes les batteries MILWAUKEE\u00ae M18\u2122<\/p>\n<p>CODE BARRE : 4058546325084<\/p>\n<p>Caract\u00e9ristiques techniques<br \/>\n55.9<\/p>\n<p>Livr\u00e9 sans piles, livr\u00e9 sans chargeur, livr\u00e9 sans kitbox ni sac<\/p>\n","protected":false},"excerpt":{"rendered":"<p>Son surround \u00e0 360\u00b0 avec amplificateur de 40 W, pour un son riche et plein, m\u00eame \u00e0 l\u2019ext\u00e9rieur&lt;Br&gt; Tuner radio<\/p>\n","protected":false},"featured_media":442068,"template":"","meta":{"_seopress_robots_primary_cat":"","_seopress_titles_title":"","_seopress_titles_desc":"","_seopress_robots_index":""},"product_brand":[3407],"product_cat":[29,514],"product_tag":[3270],"class_list":{"0":"post-463350","1":"product","2":"type-product","3":"status-publish","4":"has-post-thumbnail","6":"product_brand-milwaukee","7":"product_cat-macchinari","8":"product_cat-altri-dispositivi","9":"product_tag-import-milwau","10":"sws-gruppo-macchinari-fr","11":"sws-conto-ricavi-merci-rivendita-macchinari-fr","12":"sws-gruppo-iva-iva81-fr","14":"first","15":"instock","16":"sale","17":"purchasable","18":"product-type-simple"},"_links":{"self":[{"href":"https:\/\/lucacastelli.com\/fr\/wp-json\/wp\/v2\/product\/463350","targetHints":{"allow":["GET"]}}],"collection":[{"href":"https:\/\/lucacastelli.com\/fr\/wp-json\/wp\/v2\/product"}],"about":[{"href":"https:\/\/lucacastelli.com\/fr\/wp-json\/wp\/v2\/types\/product"}],"wp:featuredmedia":[{"embeddable":true,"href":"https:\/\/lucacastelli.com\/fr\/wp-json\/wp\/v2\/media\/442068"}],"wp:attachment":[{"href":"https:\/\/lucacastelli.com\/fr\/wp-json\/wp\/v2\/media?parent=463350"}],"wp:term":[{"taxonomy":"product_brand","embeddable":true,"href":"https:\/\/lucacastelli.com\/fr\/wp-json\/wp\/v2\/product_brand?post=463350"},{"taxonomy":"product_cat","embeddable":true,"href":"https:\/\/lucacastelli.com\/fr\/wp-json\/wp\/v2\/product_cat?post=463350"},{"taxonomy":"product_tag","embeddable":true,"href":"https:\/\/lucacastelli.com\/fr\/wp-json\/wp\/v2\/product_tag?post=463350"}],"curies":[{"name":"wp","href":"https:\/\/api.w.org\/{rel}","templated":true}]}}