{"id":463349,"date":"2025-06-01T08:04:32","date_gmt":"2025-06-01T06:04:32","guid":{"rendered":"https:\/\/lucacastelli.com\/prodotto\/souffleur\/"},"modified":"2025-06-29T07:59:47","modified_gmt":"2025-06-29T05:59:47","slug":"souffleur","status":"publish","type":"product","link":"https:\/\/lucacastelli.com\/fr\/produit\/souffleur\/","title":{"rendered":"MILWAUKEE Souffleur"},"content":{"rendered":"<p>Outil compact, id\u00e9al pour enlever les d\u00e9bris dans les espaces restreints&lt;Br&gt;  Contr\u00f4le de la puissance gr\u00e2ce \u00e0 3 r\u00e9glages de vitesse et interrupteur \u00e9lectronique&lt;Br&gt;  Tuyau amovible pour un rangement pratique de l\u2019outil&lt;Br&gt;  Verrouillage de l\u2019interrupteur&lt;Br&gt;  Plate-forme de batterie 18V : Fonctionne avec toutes les batteries MILWAUKEE\u00ae M18\u2122<\/p>\n<p>CODE \u00c0 BARRES : 4002395004942<\/p>\n<p>Caract\u00e9ristiques techniques<br \/>\n0 &#8211; 42.8<\/p>\n<p>Livr\u00e9 sans piles, livr\u00e9 sans chargeur, livr\u00e9 sans kitbox ni sac, rallonge (228,6 mm), d\u00e9flecteur universel<\/p>\n","protected":false},"excerpt":{"rendered":"<p>Outil compact, id\u00e9al pour enlever les d\u00e9bris dans les espaces restreints&lt;Br&gt; Contr\u00f4le de la puissance gr\u00e2ce \u00e0 3 r\u00e9glages de<\/p>\n","protected":false},"featured_media":442002,"template":"","meta":{"_seopress_robots_primary_cat":"","_seopress_titles_title":"","_seopress_titles_desc":"","_seopress_robots_index":""},"product_brand":[3658],"product_cat":[167,1651,1643],"product_tag":[3273],"class_list":{"0":"post-463349","1":"product","2":"type-product","3":"status-publish","4":"has-post-thumbnail","6":"product_brand-milwaukee-fr","7":"product_cat-machines","8":"product_cat-souffleurs-a-batterie","9":"product_cat-souffleurs-et-aspirateurs","10":"product_tag-import-milwau-fr","11":"sws-gruppo-macchinari-fr","12":"sws-conto-ricavi-merci-rivendita-macchinari-fr","13":"sws-gruppo-iva-iva81-fr","15":"first","16":"instock","17":"sale","18":"purchasable","19":"product-type-simple"},"_links":{"self":[{"href":"https:\/\/lucacastelli.com\/fr\/wp-json\/wp\/v2\/product\/463349","targetHints":{"allow":["GET"]}}],"collection":[{"href":"https:\/\/lucacastelli.com\/fr\/wp-json\/wp\/v2\/product"}],"about":[{"href":"https:\/\/lucacastelli.com\/fr\/wp-json\/wp\/v2\/types\/product"}],"wp:featuredmedia":[{"embeddable":true,"href":"https:\/\/lucacastelli.com\/fr\/wp-json\/wp\/v2\/media\/442002"}],"wp:attachment":[{"href":"https:\/\/lucacastelli.com\/fr\/wp-json\/wp\/v2\/media?parent=463349"}],"wp:term":[{"taxonomy":"product_brand","embeddable":true,"href":"https:\/\/lucacastelli.com\/fr\/wp-json\/wp\/v2\/product_brand?post=463349"},{"taxonomy":"product_cat","embeddable":true,"href":"https:\/\/lucacastelli.com\/fr\/wp-json\/wp\/v2\/product_cat?post=463349"},{"taxonomy":"product_tag","embeddable":true,"href":"https:\/\/lucacastelli.com\/fr\/wp-json\/wp\/v2\/product_tag?post=463349"}],"curies":[{"name":"wp","href":"https:\/\/api.w.org\/{rel}","templated":true}]}}