{"id":463344,"date":"2025-06-01T08:06:15","date_gmt":"2025-06-01T06:06:15","guid":{"rendered":"https:\/\/lucacastelli.com\/prodotto\/eventail\/"},"modified":"2025-06-29T07:59:44","modified_gmt":"2025-06-29T05:59:44","slug":"eventail","status":"publish","type":"product","link":"https:\/\/lucacastelli.com\/fr\/produit\/eventail\/","title":{"rendered":"MILWAUKEE Fan"},"content":{"rendered":"<p>Fonctionnement avec des piles M18\u2122 REDLITHIUM\u2122 ou avec du courant \u00e9lectrique&lt;Br&gt;  Possibilit\u00e9 de r\u00e9gler la vitesse sur 3 niveaux diff\u00e9rents, jusqu\u2019\u00e0 1290 m\u00e8tres par heure&lt;Br&gt;  Circulation d\u2019air efficace dans une pi\u00e8ce de 3,6 m x 4 m&lt;Br&gt;  T\u00eate r\u00e9glable pour diriger le flux d\u2019air \u00e0 diff\u00e9rentes hauteurs, dans un angle de 120\u00b0&lt;Br&gt;  Jusqu\u2019\u00e0 3 heures d\u2019autonomie en troisi\u00e8me vitesse avec une batterie M18\u2122 REDLITHIUM\u2122 de 4,0 Ah&lt;Br&gt;  Conception compacte et portabilit\u00e9 extr\u00eame, gr\u00e2ce \u00e9galement \u00e0 la poign\u00e9e int\u00e9gr\u00e9e&lt;Br&gt;  Pieds en caoutchouc pour une plus grande stabilit\u00e9 et une meilleure protection du mat\u00e9riau de support&lt;Br&gt;  Possibilit\u00e9 de l\u2019accrocher au mur si n\u00e9cessaire&lt;Br&gt;  Adaptateur secteur inclus&lt;Br&gt;  Fonctionne avec toutes les batteries MILWAUKEE\u00ae M18\u2122<\/p>\n<p>CODE \u00c0 BARRES : 4002395136971<\/p>\n<p>Caract\u00e9ristiques techniques<br \/>\n220 &#8211; 240<\/p>\n<p>Livr\u00e9 sans piles, livr\u00e9 sans chargeur, livr\u00e9 sans kitbox ni sac, adaptateur secteur<\/p>\n","protected":false},"excerpt":{"rendered":"<p>Fonctionnement avec des piles M18\u2122 REDLITHIUM\u2122 ou avec du courant \u00e9lectrique&lt;Br&gt; Possibilit\u00e9 de r\u00e9gler la vitesse sur 3 niveaux diff\u00e9rents,<\/p>\n","protected":false},"featured_media":743751,"template":"","meta":{"_seopress_robots_primary_cat":"","_seopress_titles_title":"","_seopress_titles_desc":"","_seopress_robots_index":""},"product_brand":[3407],"product_cat":[29,514],"product_tag":[6832],"class_list":{"0":"post-463344","1":"product","2":"type-product","3":"status-publish","4":"has-post-thumbnail","6":"product_brand-milwaukee","7":"product_cat-macchinari","8":"product_cat-altri-dispositivi","9":"product_tag-imp-26-mw_new","10":"sws-gruppo-macchinari-fr","11":"sws-conto-ricavi-merci-rivendita-macchinari-fr","12":"sws-gruppo-iva-iva81-fr","14":"first","15":"instock","16":"sale","17":"purchasable","18":"product-type-simple"},"_links":{"self":[{"href":"https:\/\/lucacastelli.com\/fr\/wp-json\/wp\/v2\/product\/463344","targetHints":{"allow":["GET"]}}],"collection":[{"href":"https:\/\/lucacastelli.com\/fr\/wp-json\/wp\/v2\/product"}],"about":[{"href":"https:\/\/lucacastelli.com\/fr\/wp-json\/wp\/v2\/types\/product"}],"wp:featuredmedia":[{"embeddable":true,"href":"https:\/\/lucacastelli.com\/fr\/wp-json\/wp\/v2\/media\/743751"}],"wp:attachment":[{"href":"https:\/\/lucacastelli.com\/fr\/wp-json\/wp\/v2\/media?parent=463344"}],"wp:term":[{"taxonomy":"product_brand","embeddable":true,"href":"https:\/\/lucacastelli.com\/fr\/wp-json\/wp\/v2\/product_brand?post=463344"},{"taxonomy":"product_cat","embeddable":true,"href":"https:\/\/lucacastelli.com\/fr\/wp-json\/wp\/v2\/product_cat?post=463344"},{"taxonomy":"product_tag","embeddable":true,"href":"https:\/\/lucacastelli.com\/fr\/wp-json\/wp\/v2\/product_tag?post=463344"}],"curies":[{"name":"wp","href":"https:\/\/api.w.org\/{rel}","templated":true}]}}