{"id":463342,"date":"2025-06-01T08:02:26","date_gmt":"2025-06-01T06:02:26","guid":{"rendered":"https:\/\/lucacastelli.com\/prodotto\/aspirateur-4\/"},"modified":"2025-06-29T07:59:43","modified_gmt":"2025-06-29T05:59:43","slug":"aspirateur-4","status":"publish","type":"product","link":"https:\/\/lucacastelli.com\/fr\/produit\/aspirateur-4\/","title":{"rendered":"MILWAUKEE Aspirateur"},"content":{"rendered":"<p>Aspirateur M18 FUEL\u2122 23L classe L pour solides et liquides : performances maximales, durabilit\u00e9 et polyvalence pour le nettoyage sur chantier&lt;Br&gt;  Volume d\u2019air maximal de 3 086 l\/min et 192 mbar pour un meilleur nettoyage des solides et des liquides&lt;Br&gt;  Jusqu\u2019\u00e0 34 minutes d\u2019autonomie en fonctionnement continu en mode \u00e9lev\u00e9 (jusqu\u2019\u00e0 480 m\u00b2) et jusqu\u2019\u00e0 49 minutes en moyenne (jusqu\u2019\u00e0 545 m\u00b2) avec 2 batteries 12,0 Ah M18\u2122 HIGH OUTPUT\u2122 (fonctionne avec 2 batteries 18V en s\u00e9rie)&lt;Br&gt;  Filtre HEPA capable de collecter 99,97 % des plus petites particules de poussi\u00e8re, jusqu\u2019\u00e0 0,03 micron&lt;Br&gt;  Tuyau antistatique de 2,7 m\u00e8tres x 48 mm r\u00e9sistant aux chocs et \u00e0 la torsion&lt;Br&gt;  Espace int\u00e9rieur pour le rangement de tous les accessoires inclus&lt;Br&gt;  Chariot amovible robuste avec roues verrouillables pour un transport facile sur le chantier&lt;Br&gt; Connecteur DEK26 pour un d\u00e9poussi\u00e9rage efficace lorsqu\u2019il est utilis\u00e9 avec des outils \u00e9lectriques. Comprend un tuyau, un suceur plat, une buse de sol, 2 tiges d\u2019extension, une poign\u00e9e incurv\u00e9e, un adaptateur DEK26, 1 filtre HEPA universel lavable, 1 sac filtrant&lt;&gt; br La technologie FUEL\u2122 red\u00e9finit les outils \u00e9lectriques sans fil.  Le moteur sans balais, l\u2019\u00e9lectronique REDLINK PLUS\u2122 et la batterie REDLITHIUM\u2122 offrent des performances et une durabilit\u00e9 sup\u00e9rieures&lt;br&gt; Fonctionne avec toutes les batteries MILWAUKEE\u00ae M18\u2122<\/p>\n<p>CODE BARRE : 4058546362461<\/p>\n<p>Caract\u00e9ristiques techniques<br \/>\n18<\/p>\n<p>Livr\u00e9 sans piles, livr\u00e9 sans chargeur, livr\u00e9 sans kitbox ni sac, Comprend tuyau, suceur plat, buse de sol, 2 tiges d\u2019extension, poign\u00e9e incurv\u00e9e, adaptateur DEK26, 1 filtre HEPA universel lavable, 1 sac filtrant<\/p>\n","protected":false},"excerpt":{"rendered":"<p>Aspirateur M18 FUEL\u2122 23L classe L pour solides et liquides : performances maximales, durabilit\u00e9 et polyvalence pour le nettoyage sur<\/p>\n","protected":false},"featured_media":743790,"template":"","meta":{"_seopress_robots_primary_cat":"","_seopress_titles_title":"","_seopress_titles_desc":"","_seopress_robots_index":""},"product_brand":[3658],"product_cat":[1474,1453,167],"product_tag":[6838],"class_list":{"0":"post-463342","1":"product","2":"type-product","3":"status-publish","4":"has-post-thumbnail","6":"product_brand-milwaukee-fr","7":"product_cat-aspirateurs-de-nettoyage","8":"product_cat-autres-appareils","9":"product_cat-machines","10":"product_tag-imp-26-mw_new","11":"sws-gruppo-macchinari-fr","12":"sws-conto-ricavi-merci-rivendita-macchinari-fr","13":"sws-gruppo-iva-iva81-fr","15":"first","16":"instock","17":"sale","18":"purchasable","19":"product-type-simple"},"_links":{"self":[{"href":"https:\/\/lucacastelli.com\/fr\/wp-json\/wp\/v2\/product\/463342","targetHints":{"allow":["GET"]}}],"collection":[{"href":"https:\/\/lucacastelli.com\/fr\/wp-json\/wp\/v2\/product"}],"about":[{"href":"https:\/\/lucacastelli.com\/fr\/wp-json\/wp\/v2\/types\/product"}],"wp:featuredmedia":[{"embeddable":true,"href":"https:\/\/lucacastelli.com\/fr\/wp-json\/wp\/v2\/media\/743790"}],"wp:attachment":[{"href":"https:\/\/lucacastelli.com\/fr\/wp-json\/wp\/v2\/media?parent=463342"}],"wp:term":[{"taxonomy":"product_brand","embeddable":true,"href":"https:\/\/lucacastelli.com\/fr\/wp-json\/wp\/v2\/product_brand?post=463342"},{"taxonomy":"product_cat","embeddable":true,"href":"https:\/\/lucacastelli.com\/fr\/wp-json\/wp\/v2\/product_cat?post=463342"},{"taxonomy":"product_tag","embeddable":true,"href":"https:\/\/lucacastelli.com\/fr\/wp-json\/wp\/v2\/product_tag?post=463342"}],"curies":[{"name":"wp","href":"https:\/\/api.w.org\/{rel}","templated":true}]}}