{"id":463341,"date":"2025-06-01T07:58:18","date_gmt":"2025-06-01T05:58:18","guid":{"rendered":"https:\/\/lucacastelli.com\/prodotto\/croupe\/"},"modified":"2025-06-29T08:00:09","modified_gmt":"2025-06-29T06:00:09","slug":"croupe","status":"publish","type":"product","link":"https:\/\/lucacastelli.com\/fr\/produit\/croupe\/","title":{"rendered":"MILWAUKEE Moulin \u00e0 croupe"},"content":{"rendered":"<p>Performances optimales m\u00eame sur les bois durs&lt;Br&gt;  Fixation extr\u00eamement rapide (temps de tir minimis\u00e9)&lt;Br&gt;  Entretien minimal (pas de gaz) et nettoyage requis&lt;Br&gt;  Compatible avec les croupes de 1,6 mm&lt;Br&gt;  \u00c9quip\u00e9 de diff\u00e9rentes buses pour assurer la meilleure finition pour chaque type d\u2019application&lt;Br&gt;  Permet de tirer le clou \u00e0 un angle plus aigu, pour une polyvalence maximale&lt;Br&gt;  R\u00e9glage rapide et facile de la profondeur de course (sans outils)&lt;Br&gt;  Blocage de l\u2019outil juste avant que les croupes ne s\u2019\u00e9puisent dans le magasin&lt;Br&gt;  Jusqu\u2019\u00e0 1 200 croupes avec une batterie REDLITHIUM\u2122 de 2,0 Ah&lt;Br&gt;  Acc\u00e8s rapide et facile aux croupes coinc\u00e9es&lt;Br&gt;  Lumi\u00e8re LED pour une meilleure vue de l\u2019arr\u00eat&lt;Br&gt;  Le moteur sans balais, l\u2019\u00e9lectronique REDLINK PLUS\u2122 et la batterie REDLITHIUM\u2122 offrent une performance et une durabilit\u00e9 sup\u00e9rieures&lt;Br&gt;  Fonctionne avec toutes les batteries MILWAUKEE\u00ae M18\u2122<\/p>\n<p>CODE BARRE : 4058546340278<\/p>\n<p>Caract\u00e9ristiques techniques<br \/>\n20<\/p>\n<p>Livr\u00e9 sans piles, livr\u00e9 sans chargeur, valise HeavyDuty<\/p>\n","protected":false},"excerpt":{"rendered":"<p>Performances optimales m\u00eame sur les bois durs&lt;Br&gt; Fixation extr\u00eamement rapide (temps de tir minimis\u00e9)&lt;Br&gt; Entretien minimal (pas de gaz) et<\/p>\n","protected":false},"featured_media":441899,"template":"","meta":{"_seopress_robots_primary_cat":"","_seopress_titles_title":"","_seopress_titles_desc":"","_seopress_robots_index":""},"product_brand":[3658],"product_cat":[1453,167],"product_tag":[3273],"class_list":{"0":"post-463341","1":"product","2":"type-product","3":"status-publish","4":"has-post-thumbnail","6":"product_brand-milwaukee-fr","7":"product_cat-autres-appareils","8":"product_cat-machines","9":"product_tag-import-milwau-fr","10":"sws-gruppo-macchinari-fr","11":"sws-conto-ricavi-merci-rivendita-macchinari-fr","12":"sws-gruppo-iva-iva81-fr","14":"first","15":"instock","16":"sale","17":"purchasable","18":"product-type-simple"},"_links":{"self":[{"href":"https:\/\/lucacastelli.com\/fr\/wp-json\/wp\/v2\/product\/463341","targetHints":{"allow":["GET"]}}],"collection":[{"href":"https:\/\/lucacastelli.com\/fr\/wp-json\/wp\/v2\/product"}],"about":[{"href":"https:\/\/lucacastelli.com\/fr\/wp-json\/wp\/v2\/types\/product"}],"wp:featuredmedia":[{"embeddable":true,"href":"https:\/\/lucacastelli.com\/fr\/wp-json\/wp\/v2\/media\/441899"}],"wp:attachment":[{"href":"https:\/\/lucacastelli.com\/fr\/wp-json\/wp\/v2\/media?parent=463341"}],"wp:term":[{"taxonomy":"product_brand","embeddable":true,"href":"https:\/\/lucacastelli.com\/fr\/wp-json\/wp\/v2\/product_brand?post=463341"},{"taxonomy":"product_cat","embeddable":true,"href":"https:\/\/lucacastelli.com\/fr\/wp-json\/wp\/v2\/product_cat?post=463341"},{"taxonomy":"product_tag","embeddable":true,"href":"https:\/\/lucacastelli.com\/fr\/wp-json\/wp\/v2\/product_tag?post=463341"}],"curies":[{"name":"wp","href":"https:\/\/api.w.org\/{rel}","templated":true}]}}