{"id":463336,"date":"2025-06-01T08:00:16","date_gmt":"2025-06-01T06:00:16","guid":{"rendered":"https:\/\/lucacastelli.com\/prodotto\/agrafeuse-4\/"},"modified":"2025-06-29T08:00:07","modified_gmt":"2025-06-29T06:00:07","slug":"agrafeuse-4","status":"publish","type":"product","link":"https:\/\/lucacastelli.com\/fr\/produit\/agrafeuse-4\/","title":{"rendered":"Agrafeuse MILWAUKEE"},"content":{"rendered":"<p>Tir \u00e0 came de 50 mm &lt;br&gt; Le temps de rechargement entre les cambrettes est minimis\u00e9 gr\u00e2ce \u00e0 la technologie ZollReady to FireZoll&lt;br&gt; Aucune cartouche de gaz n\u2019est n\u00e9cessaire et aucun entretien n\u2019est requis. Fiabilit\u00e9 et efficacit\u00e9 rendent cette agrafeuse parfaite pour les utilisateurs les plus exigeants &lt;Br&gt;  Les ajustements se font sans l\u2019aide d\u2019outils&lt;Br&gt;  Acc\u00e8s facile \u00e0 la porte pour retirer les cambrettes coinc\u00e9es&lt;Br&gt;  La machine s\u2019arr\u00eate automatiquement lorsque les cambrettes du chargeur sont termin\u00e9es&lt;Br&gt;  Tirez jusqu\u2019\u00e0 600 cambrettes par charge avec une batterie REDLITHIUM\u2122 de 3,0 Ah&lt;Br&gt;  Le design raffin\u00e9 permet une visibilit\u00e9 claire pendant les phases de fixation&lt;Br&gt;  MILWAUKEE\u00ae Tireurs \u00e0 cambrette de 40 \u00e0 50 mm&lt;Br&gt;  Fonctionne avec toutes les batteries de plate-forme M18\u2122<\/p>\n<p>CODE BARRE : 4058546376284<\/p>\n<p>Caract\u00e9ristiques techniques Coffret<\/p>\n<p>Livr\u00e9 sans piles, livr\u00e9 sans chargeur, mallette de transport<\/p>\n","protected":false},"excerpt":{"rendered":"<p>Tir \u00e0 came de 50 mm &lt;br&gt; Le temps de rechargement entre les cambrettes est minimis\u00e9 gr\u00e2ce \u00e0 la technologie<\/p>\n","protected":false},"featured_media":441928,"template":"","meta":{"_seopress_robots_primary_cat":"","_seopress_titles_title":"","_seopress_titles_desc":"","_seopress_robots_index":""},"product_brand":[3658],"product_cat":[1453,167],"product_tag":[3273],"class_list":{"0":"post-463336","1":"product","2":"type-product","3":"status-publish","4":"has-post-thumbnail","6":"product_brand-milwaukee-fr","7":"product_cat-autres-appareils","8":"product_cat-machines","9":"product_tag-import-milwau-fr","10":"sws-gruppo-macchinari-fr","11":"sws-conto-ricavi-merci-rivendita-macchinari-fr","12":"sws-gruppo-iva-iva81-fr","14":"first","15":"instock","16":"sale","17":"purchasable","18":"product-type-simple"},"_links":{"self":[{"href":"https:\/\/lucacastelli.com\/fr\/wp-json\/wp\/v2\/product\/463336","targetHints":{"allow":["GET"]}}],"collection":[{"href":"https:\/\/lucacastelli.com\/fr\/wp-json\/wp\/v2\/product"}],"about":[{"href":"https:\/\/lucacastelli.com\/fr\/wp-json\/wp\/v2\/types\/product"}],"wp:featuredmedia":[{"embeddable":true,"href":"https:\/\/lucacastelli.com\/fr\/wp-json\/wp\/v2\/media\/441928"}],"wp:attachment":[{"href":"https:\/\/lucacastelli.com\/fr\/wp-json\/wp\/v2\/media?parent=463336"}],"wp:term":[{"taxonomy":"product_brand","embeddable":true,"href":"https:\/\/lucacastelli.com\/fr\/wp-json\/wp\/v2\/product_brand?post=463336"},{"taxonomy":"product_cat","embeddable":true,"href":"https:\/\/lucacastelli.com\/fr\/wp-json\/wp\/v2\/product_cat?post=463336"},{"taxonomy":"product_tag","embeddable":true,"href":"https:\/\/lucacastelli.com\/fr\/wp-json\/wp\/v2\/product_tag?post=463336"}],"curies":[{"name":"wp","href":"https:\/\/api.w.org\/{rel}","templated":true}]}}