{"id":463332,"date":"2025-06-01T07:52:40","date_gmt":"2025-06-01T05:52:40","guid":{"rendered":"https:\/\/lucacastelli.com\/prodotto\/ponceuse\/"},"modified":"2025-06-29T08:00:32","modified_gmt":"2025-06-29T06:00:32","slug":"ponceuse","status":"publish","type":"product","link":"https:\/\/lucacastelli.com\/fr\/produit\/ponceuse\/","title":{"rendered":"MILWAUKEE Ponceuse \u00e0 bande"},"content":{"rendered":"<p>Gr\u00e2ce \u00e0 sa conception compacte et \u00e0 sa fa\u00e7ade plate, la ponceuse M18 FBTS75 est id\u00e9ale pour une utilisation pr\u00e8s des murs ou des coins, ce qui la rend id\u00e9ale pour les applications de chauss\u00e9e&lt;Br&gt;  Capture 90&nbsp;% de la poussi\u00e8re gr\u00e2ce aux trous d\u00e9di\u00e9s, en la collectant dans le sac multicouche \u00e0 l\u2019int\u00e9rieur de l\u2019emballage&lt;Br&gt;  Vitesse variable entre 230 et 410 m\/s&lt;Br&gt;  La poign\u00e9e avant peut \u00eatre d\u00e9plac\u00e9e sans l\u2019utilisation d\u2019outils, ce qui permet \u00e0 l\u2019utilisateur de travailler dans la position souhait\u00e9e&lt;Br&gt;  Dimensions standard de la bande abrasive 75 x 457 mm&lt;Br&gt;  Le changement de la bande abrasive est simple et pr\u00e9cis sans l\u2019utilisation d\u2019outils&lt;Br&gt;  Les LED \u00e0 l\u2019avant et sur les c\u00f4t\u00e9s fournissent un \u00e9clairage \u00e0 180\u00b0&lt;Br&gt;  La technologie FUEL\u2122 red\u00e9finit les outils \u00e9lectriques sans fil. Le moteur sans balais, l\u2019\u00e9lectronique REDLINK PLUS\u2122 et la batterie REDLITHIUM\u2122 offrent des performances et une durabilit\u00e9 sup\u00e9rieures&lt;br&gt; Fonctionne avec toutes les batteries MILWAUKEE\u00ae M18\u2122 <\/p>\n<p>CODE BARRE : 4058546374082<\/p>\n<p>Caract\u00e9ristiques techniques<br \/>\n75<\/p>\n<p>Livr\u00e9 sans piles, livr\u00e9 sans chargeur, livr\u00e9 sans kitbox ni sac, Sac \u00e0 poussi\u00e8re, bande abrasive<\/p>\n","protected":false},"excerpt":{"rendered":"<p>Gr\u00e2ce \u00e0 sa conception compacte et \u00e0 sa fa\u00e7ade plate, la ponceuse M18 FBTS75 est id\u00e9ale pour une utilisation pr\u00e8s<\/p>\n","protected":false},"featured_media":441788,"template":"","meta":{"_seopress_robots_primary_cat":"","_seopress_titles_title":"","_seopress_titles_desc":"","_seopress_robots_index":""},"product_brand":[3658],"product_cat":[1453,167],"product_tag":[3273],"class_list":{"0":"post-463332","1":"product","2":"type-product","3":"status-publish","4":"has-post-thumbnail","6":"product_brand-milwaukee-fr","7":"product_cat-autres-appareils","8":"product_cat-machines","9":"product_tag-import-milwau-fr","10":"sws-gruppo-macchinari-fr","11":"sws-conto-ricavi-merci-rivendita-macchinari-fr","12":"sws-gruppo-iva-iva81-fr","14":"first","15":"instock","16":"sale","17":"purchasable","18":"product-type-simple"},"_links":{"self":[{"href":"https:\/\/lucacastelli.com\/fr\/wp-json\/wp\/v2\/product\/463332","targetHints":{"allow":["GET"]}}],"collection":[{"href":"https:\/\/lucacastelli.com\/fr\/wp-json\/wp\/v2\/product"}],"about":[{"href":"https:\/\/lucacastelli.com\/fr\/wp-json\/wp\/v2\/types\/product"}],"wp:featuredmedia":[{"embeddable":true,"href":"https:\/\/lucacastelli.com\/fr\/wp-json\/wp\/v2\/media\/441788"}],"wp:attachment":[{"href":"https:\/\/lucacastelli.com\/fr\/wp-json\/wp\/v2\/media?parent=463332"}],"wp:term":[{"taxonomy":"product_brand","embeddable":true,"href":"https:\/\/lucacastelli.com\/fr\/wp-json\/wp\/v2\/product_brand?post=463332"},{"taxonomy":"product_cat","embeddable":true,"href":"https:\/\/lucacastelli.com\/fr\/wp-json\/wp\/v2\/product_cat?post=463332"},{"taxonomy":"product_tag","embeddable":true,"href":"https:\/\/lucacastelli.com\/fr\/wp-json\/wp\/v2\/product_tag?post=463332"}],"curies":[{"name":"wp","href":"https:\/\/api.w.org\/{rel}","templated":true}]}}