{"id":463329,"date":"2025-06-01T07:54:21","date_gmt":"2025-06-01T05:54:21","guid":{"rendered":"https:\/\/lucacastelli.com\/prodotto\/compresseur-2\/"},"modified":"2025-06-29T08:00:29","modified_gmt":"2025-06-29T06:00:29","slug":"compresseur-2","status":"publish","type":"product","link":"https:\/\/lucacastelli.com\/fr\/produit\/compresseur-2\/","title":{"rendered":"Compresseur MILWAUKEE"},"content":{"rendered":"<p>Moteur sans balais capable de fournir une pression maximale de 9,31 bar et 48 l\/m \u00e0 2,8 bar, offrant des performances qui peuvent \u00eatre utilis\u00e9es avec des sertissages et des agrafeuses courants&lt;Br&gt;  Extr\u00eamement silencieux : seulement 68 dB(A)&lt;Br&gt;  Transport pratique et facile : seulement 14 kg au total et deux poign\u00e9es de transport&lt;Br&gt;  Performances exceptionnelles : 1600 croupes avec batterie 18V 12,0 Ah&lt;Br&gt;  R\u00e9gulateur de pression pour une s\u00e9lection facile du niveau souhait\u00e9&lt;Br&gt;  Raccord rapide pour un raccordement et un d\u00e9branchement pratiques du tuyau&lt;Br&gt;  La technologie FUEL\u2122 red\u00e9finit les outils \u00e9lectriques sans fil. Le moteur sans balais, l\u2019\u00e9lectronique REDLINK PLUS\u2122 et la batterie REDLITHIUM\u2122 offrent des performances et une durabilit\u00e9 sup\u00e9rieures&lt;br&gt; Fonctionne avec toutes les batteries MILWAUKEE\u00ae M18\u2122 <\/p>\n<p>CODE BARRE&nbsp;: 4058546325626<\/p>\n<p>Caract\u00e9ristiques techniques<br \/>\n48<\/p>\n<p>Livr\u00e9 sans piles, livr\u00e9 sans chargeur, livr\u00e9 sans kitbox ni sac<\/p>\n","protected":false},"excerpt":{"rendered":"<p>Moteur sans balais capable de fournir une pression maximale de 9,31 bar et 48 l\/m \u00e0 2,8 bar, offrant des<\/p>\n","protected":false},"featured_media":441825,"template":"","meta":{"_seopress_robots_primary_cat":"","_seopress_titles_title":"","_seopress_titles_desc":"","_seopress_robots_index":""},"product_brand":[3658],"product_cat":[1453,167],"product_tag":[3273],"class_list":{"0":"post-463329","1":"product","2":"type-product","3":"status-publish","4":"has-post-thumbnail","6":"product_brand-milwaukee-fr","7":"product_cat-autres-appareils","8":"product_cat-machines","9":"product_tag-import-milwau-fr","10":"sws-gruppo-macchinari-fr","11":"sws-conto-ricavi-merci-rivendita-macchinari-fr","12":"sws-gruppo-iva-iva81-fr","14":"first","15":"instock","16":"sale","17":"purchasable","18":"product-type-simple"},"_links":{"self":[{"href":"https:\/\/lucacastelli.com\/fr\/wp-json\/wp\/v2\/product\/463329","targetHints":{"allow":["GET"]}}],"collection":[{"href":"https:\/\/lucacastelli.com\/fr\/wp-json\/wp\/v2\/product"}],"about":[{"href":"https:\/\/lucacastelli.com\/fr\/wp-json\/wp\/v2\/types\/product"}],"wp:featuredmedia":[{"embeddable":true,"href":"https:\/\/lucacastelli.com\/fr\/wp-json\/wp\/v2\/media\/441825"}],"wp:attachment":[{"href":"https:\/\/lucacastelli.com\/fr\/wp-json\/wp\/v2\/media?parent=463329"}],"wp:term":[{"taxonomy":"product_brand","embeddable":true,"href":"https:\/\/lucacastelli.com\/fr\/wp-json\/wp\/v2\/product_brand?post=463329"},{"taxonomy":"product_cat","embeddable":true,"href":"https:\/\/lucacastelli.com\/fr\/wp-json\/wp\/v2\/product_cat?post=463329"},{"taxonomy":"product_tag","embeddable":true,"href":"https:\/\/lucacastelli.com\/fr\/wp-json\/wp\/v2\/product_tag?post=463329"}],"curies":[{"name":"wp","href":"https:\/\/api.w.org\/{rel}","templated":true}]}}