{"id":463252,"date":"2025-06-01T04:04:28","date_gmt":"2025-06-01T02:04:28","guid":{"rendered":"https:\/\/lucacastelli.com\/prodotto\/superclean-300-ml\/"},"modified":"2025-06-01T04:04:28","modified_gmt":"2025-06-01T02:04:28","slug":"superclean-300-ml","status":"publish","type":"product","link":"https:\/\/lucacastelli.com\/fr\/produit\/superclean-300-ml\/","title":{"rendered":"Superclean, 300 ml"},"content":{"rendered":"<p>Bombe a\u00e9rosol de 300 ml. Spray de solvant pour le nettoyage et la lubrification des appareils de coupe, des couteaux de taille-haie et des couteaux de tron\u00e7onneuse. Sp\u00e9cial pour dissoudre les r\u00e9sines.<br \/>\n795711018498  <\/p>\n","protected":false},"excerpt":{"rendered":"<p>Superclean, 300 ml<\/p>\n","protected":false},"featured_media":440688,"template":"","meta":{"_seopress_robots_primary_cat":"","_seopress_titles_title":"","_seopress_titles_desc":"","_seopress_robots_index":""},"product_brand":[3555],"product_cat":[1435,1447],"product_tag":[3267],"class_list":{"0":"post-463252","1":"product","2":"type-product","3":"status-publish","4":"has-post-thumbnail","6":"product_brand-stihl-fr","7":"product_cat-carburants-et-huiles","8":"product_cat-lubrifiants","9":"product_tag-import-stihl-fr","10":"sws-gruppo-macchinari-fr","11":"sws-conto-ricavi-merci-rivendita-carburante-stihl-fr","12":"sws-gruppo-iva-iva81-fr","14":"first","15":"onbackorder","16":"purchasable","17":"product-type-simple"},"_links":{"self":[{"href":"https:\/\/lucacastelli.com\/fr\/wp-json\/wp\/v2\/product\/463252","targetHints":{"allow":["GET"]}}],"collection":[{"href":"https:\/\/lucacastelli.com\/fr\/wp-json\/wp\/v2\/product"}],"about":[{"href":"https:\/\/lucacastelli.com\/fr\/wp-json\/wp\/v2\/types\/product"}],"wp:featuredmedia":[{"embeddable":true,"href":"https:\/\/lucacastelli.com\/fr\/wp-json\/wp\/v2\/media\/440688"}],"wp:attachment":[{"href":"https:\/\/lucacastelli.com\/fr\/wp-json\/wp\/v2\/media?parent=463252"}],"wp:term":[{"taxonomy":"product_brand","embeddable":true,"href":"https:\/\/lucacastelli.com\/fr\/wp-json\/wp\/v2\/product_brand?post=463252"},{"taxonomy":"product_cat","embeddable":true,"href":"https:\/\/lucacastelli.com\/fr\/wp-json\/wp\/v2\/product_cat?post=463252"},{"taxonomy":"product_tag","embeddable":true,"href":"https:\/\/lucacastelli.com\/fr\/wp-json\/wp\/v2\/product_tag?post=463252"}],"curies":[{"name":"wp","href":"https:\/\/api.w.org\/{rel}","templated":true}]}}