{"id":463245,"date":"2025-06-01T04:03:34","date_gmt":"2025-06-01T02:03:34","guid":{"rendered":"https:\/\/lucacastelli.com\/prodotto\/moto4plus-5-l\/"},"modified":"2025-06-28T18:02:06","modified_gmt":"2025-06-28T16:02:06","slug":"moto4plus-5-l","status":"publish","type":"product","link":"https:\/\/lucacastelli.com\/fr\/produit\/moto4plus-5-l\/","title":{"rendered":"STIHL Moto4Plus, 5 l"},"content":{"rendered":"<p>Outil \u00e0 essence sp\u00e9cialement d\u00e9velopp\u00e9 pour les petits moteurs<br \/>\n 4 tempsSTIHL. Il ne contient pas d \u00ab \u00e9thanol,<br \/>\n presque exempt d\u2019ol\u00e9fines et de compos\u00e9s aromatiques. Les \u00e9missions r\u00e9duites<br \/>\nen font un produit qui n\u2019est pas nocif pour l\u2019homme et le moteur.<br \/>\nExcellente capacit\u00e9 de stockage jusqu \u00bb \u00e0 5 ans. Des performances<br \/>\nfiables d\u2019un seul tenant. Les petits<br \/>\nmoteurs 4 temps STIHL et STIHL Moto4Plus sont parfaitement<br \/>\nadapt\u00e9s et ont \u00e9t\u00e9 soumis \u00e0 des dizaines de tests pour les utilisations les plus diverses<br \/>\n.<br \/>\n886661847693    <\/p>\n<p>Part des mati\u00e8res premi\u00e8res renouvelables 0<\/p>\n","protected":false},"excerpt":{"rendered":"<p>Moto4Plus, 5 l<\/p>\n","protected":false},"featured_media":440653,"template":"","meta":{"_seopress_robots_primary_cat":"","_seopress_titles_title":"","_seopress_titles_desc":"","_seopress_robots_index":""},"product_brand":[3555],"product_cat":[1441,1435],"product_tag":[3267],"class_list":{"0":"post-463245","1":"product","2":"type-product","3":"status-publish","4":"has-post-thumbnail","6":"product_brand-stihl-fr","7":"product_cat-carburants","8":"product_cat-carburants-et-huiles","9":"product_tag-import-stihl-fr","10":"sws-gruppo-macchinari-fr","11":"sws-conto-ricavi-merci-rivendita-carburante-stihl-fr","12":"sws-gruppo-iva-iva81-fr","14":"first","15":"onbackorder","16":"purchasable","17":"product-type-simple"},"_links":{"self":[{"href":"https:\/\/lucacastelli.com\/fr\/wp-json\/wp\/v2\/product\/463245","targetHints":{"allow":["GET"]}}],"collection":[{"href":"https:\/\/lucacastelli.com\/fr\/wp-json\/wp\/v2\/product"}],"about":[{"href":"https:\/\/lucacastelli.com\/fr\/wp-json\/wp\/v2\/types\/product"}],"wp:featuredmedia":[{"embeddable":true,"href":"https:\/\/lucacastelli.com\/fr\/wp-json\/wp\/v2\/media\/440653"}],"wp:attachment":[{"href":"https:\/\/lucacastelli.com\/fr\/wp-json\/wp\/v2\/media?parent=463245"}],"wp:term":[{"taxonomy":"product_brand","embeddable":true,"href":"https:\/\/lucacastelli.com\/fr\/wp-json\/wp\/v2\/product_brand?post=463245"},{"taxonomy":"product_cat","embeddable":true,"href":"https:\/\/lucacastelli.com\/fr\/wp-json\/wp\/v2\/product_cat?post=463245"},{"taxonomy":"product_tag","embeddable":true,"href":"https:\/\/lucacastelli.com\/fr\/wp-json\/wp\/v2\/product_tag?post=463245"}],"curies":[{"name":"wp","href":"https:\/\/api.w.org\/{rel}","templated":true}]}}