{"id":463240,"date":"2025-06-01T04:04:13","date_gmt":"2025-06-01T02:04:13","guid":{"rendered":"https:\/\/lucacastelli.com\/prodotto\/motomix-5-l\/"},"modified":"2026-04-11T21:02:49","modified_gmt":"2026-04-11T19:02:49","slug":"motomix-5-l","status":"publish","type":"product","link":"https:\/\/lucacastelli.com\/fr\/produit\/motomix-5-l\/","title":{"rendered":"STIHL MotoMix 5 l"},"content":{"rendered":"<p>Carburant pr\u00e9m\u00e9lang\u00e9 (1:50) pour moteurs STIHL, performances optimales, excellentes prestations au d\u00e9marrage \u00e0 froid, acc\u00e9l\u00e9ration maximale \u00e0 tous les r\u00e9gimes, fonctionnement irr\u00e9prochable m\u00eame en cas de changement brusque d&#8217;augmentation\/r\u00e9duction du r\u00e9gime. Huile Premium STIHL HP Ultra pour une excellente lubrification du moteur et un nettoyage optimal. Enti\u00e8rement synth\u00e9tique et biod\u00e9gradable pour des performances sup\u00e9rieures et une plus longue dur\u00e9e de vie. Ne contient pas d&#8217;\u00e9thanol, quasiment exempt d&#8217;ol\u00e9fines et de compos\u00e9s aromatiques. Les \u00e9missions r\u00e9duites en font un produit non nocif pour l&#8217;homme et pour le moteur. Excellente capacit\u00e9 de conservation jusqu&#8217;\u00e0 5 ans. Performances fiables d&#8217;un fournisseur unique. Les moteurs STIHL et STIHL MotoMix sont en parfaite harmonie et ont \u00e9t\u00e9 soumis \u00e0 des dizaines de tests pour les usages les plus divers.<br \/>\n886661449040       <\/p>\n<p>Part de mati\u00e8res premi\u00e8res renouvelables 0<\/p>\n","protected":false},"excerpt":{"rendered":"<p>MotoMix 5 l<\/p>\n","protected":false},"featured_media":440676,"template":"","meta":{"_seopress_robots_primary_cat":"none","_seopress_titles_title":"STIHL MotoMix : Essence Alkyl\u00e9e Pr\u00eate \u00e0 l'Emploi | Disponible Imm\u00e9diatement chez Luca Castelli","_seopress_titles_desc":"Prot\u00e9gez votre moteur avec l'essence originale STIHL MotoMix. Fini les probl\u00e8mes de d\u00e9marrage apr\u00e8s l'hiver. Bidons disponibles en livraison imm\u00e9diate dans notre magasin de Castione.  ","_seopress_robots_index":""},"product_brand":[3555],"product_cat":[1441,1435],"product_tag":[3267],"class_list":{"0":"post-463240","1":"product","2":"type-product","3":"status-publish","4":"has-post-thumbnail","6":"product_brand-stihl-fr","7":"product_cat-carburants","8":"product_cat-carburants-et-huiles","9":"product_tag-import-stihl-fr","10":"sws-gruppo-macchinari-fr","11":"sws-conto-ricavi-merci-rivendita-carburante-stihl-fr","12":"sws-gruppo-iva-iva81-fr","14":"first","15":"onbackorder","16":"purchasable","17":"product-type-simple"},"_links":{"self":[{"href":"https:\/\/lucacastelli.com\/fr\/wp-json\/wp\/v2\/product\/463240","targetHints":{"allow":["GET"]}}],"collection":[{"href":"https:\/\/lucacastelli.com\/fr\/wp-json\/wp\/v2\/product"}],"about":[{"href":"https:\/\/lucacastelli.com\/fr\/wp-json\/wp\/v2\/types\/product"}],"wp:featuredmedia":[{"embeddable":true,"href":"https:\/\/lucacastelli.com\/fr\/wp-json\/wp\/v2\/media\/440676"}],"wp:attachment":[{"href":"https:\/\/lucacastelli.com\/fr\/wp-json\/wp\/v2\/media?parent=463240"}],"wp:term":[{"taxonomy":"product_brand","embeddable":true,"href":"https:\/\/lucacastelli.com\/fr\/wp-json\/wp\/v2\/product_brand?post=463240"},{"taxonomy":"product_cat","embeddable":true,"href":"https:\/\/lucacastelli.com\/fr\/wp-json\/wp\/v2\/product_cat?post=463240"},{"taxonomy":"product_tag","embeddable":true,"href":"https:\/\/lucacastelli.com\/fr\/wp-json\/wp\/v2\/product_tag?post=463240"}],"curies":[{"name":"wp","href":"https:\/\/api.w.org\/{rel}","templated":true}]}}