{"id":463220,"date":"2025-06-01T04:01:10","date_gmt":"2025-06-01T02:01:10","guid":{"rendered":"https:\/\/lucacastelli.com\/prodotto\/5-l-pour-250-l\/"},"modified":"2026-02-18T07:58:57","modified_gmt":"2026-02-18T06:58:57","slug":"5-l-pour-250-l","status":"publish","type":"product","link":"https:\/\/lucacastelli.com\/fr\/produit\/5-l-pour-250-l\/","title":{"rendered":"STIHL 5 l (pour 250 l)"},"content":{"rendered":"<p>Huile \u00e0 base min\u00e9rale, fr\u00e9quemment utilis\u00e9e pour les moteurs \u00e0 deux temps. Il est d\u00e9velopp\u00e9 sp\u00e9cifiquement pour STIHL. Excellentes propri\u00e9t\u00e9s de lubrification et de combustion. Classe : JASO-FB. Rapport de m\u00e9lange 1:50.<br \/>\n795711017934<\/p>\n<p>Proportion du m\u00e9lange 1 : 50<\/p>\n","protected":false},"excerpt":{"rendered":"<p>5 l (pour 250 l)<\/p>\n","protected":false},"featured_media":453556,"template":"","meta":{"_seopress_robots_primary_cat":"","_seopress_titles_title":"","_seopress_titles_desc":"","_seopress_robots_index":""},"product_brand":[3555],"product_cat":[1435,1447],"product_tag":[3267],"class_list":{"0":"post-463220","1":"product","2":"type-product","3":"status-publish","4":"has-post-thumbnail","6":"product_brand-stihl-fr","7":"product_cat-carburants-et-huiles","8":"product_cat-lubrifiants","9":"product_tag-import-stihl-fr","10":"sws-gruppo-macchinari-fr","11":"sws-conto-ricavi-merci-rivendita-macchinari-fr","12":"sws-gruppo-iva-iva81-fr","14":"first","15":"onbackorder","16":"purchasable","17":"product-type-simple"},"_links":{"self":[{"href":"https:\/\/lucacastelli.com\/fr\/wp-json\/wp\/v2\/product\/463220","targetHints":{"allow":["GET"]}}],"collection":[{"href":"https:\/\/lucacastelli.com\/fr\/wp-json\/wp\/v2\/product"}],"about":[{"href":"https:\/\/lucacastelli.com\/fr\/wp-json\/wp\/v2\/types\/product"}],"wp:featuredmedia":[{"embeddable":true,"href":"https:\/\/lucacastelli.com\/fr\/wp-json\/wp\/v2\/media\/453556"}],"wp:attachment":[{"href":"https:\/\/lucacastelli.com\/fr\/wp-json\/wp\/v2\/media?parent=463220"}],"wp:term":[{"taxonomy":"product_brand","embeddable":true,"href":"https:\/\/lucacastelli.com\/fr\/wp-json\/wp\/v2\/product_brand?post=463220"},{"taxonomy":"product_cat","embeddable":true,"href":"https:\/\/lucacastelli.com\/fr\/wp-json\/wp\/v2\/product_cat?post=463220"},{"taxonomy":"product_tag","embeddable":true,"href":"https:\/\/lucacastelli.com\/fr\/wp-json\/wp\/v2\/product_tag?post=463220"}],"curies":[{"name":"wp","href":"https:\/\/api.w.org\/{rel}","templated":true}]}}