{"id":463216,"date":"2025-06-01T04:00:39","date_gmt":"2025-06-01T02:00:39","guid":{"rendered":"https:\/\/lucacastelli.com\/prodotto\/hp-ultra-5l\/"},"modified":"2026-03-02T09:43:29","modified_gmt":"2026-03-02T08:43:29","slug":"hp-ultra-5l","status":"publish","type":"product","link":"https:\/\/lucacastelli.com\/fr\/produit\/hp-ultra-5l\/","title":{"rendered":"STIHL HP Ultra 5L"},"content":{"rendered":"<p>Huile enti\u00e8rement synth\u00e9tique aux excellentes propri\u00e9t\u00e9s lubrifiantes. Combustion avec un minimum de r\u00e9sidus de cendres gr\u00e2ce \u00e0 des additifs sp\u00e9ciaux. Convient pour une utilisation continue dans des moteurs fortement sollicit\u00e9s. Classe : JASO-FB. Rapport de m\u00e9lange 1 : 50.<br \/>\n795711411237<\/p>\n<p>Proportion du m\u00e9lange 1 : 50<\/p>\n","protected":false},"excerpt":{"rendered":"<p>HP Ultra 5L<\/p>\n","protected":false},"featured_media":440594,"template":"","meta":{"_seopress_robots_primary_cat":"","_seopress_titles_title":"","_seopress_titles_desc":"","_seopress_robots_index":""},"product_brand":[3555],"product_cat":[1435,1447],"product_tag":[3267],"class_list":{"0":"post-463216","1":"product","2":"type-product","3":"status-publish","4":"has-post-thumbnail","6":"product_brand-stihl-fr","7":"product_cat-carburants-et-huiles","8":"product_cat-lubrifiants","9":"product_tag-import-stihl-fr","10":"sws-gruppo-macchinari-fr","11":"sws-conto-ricavi-merci-rivendita-carburante-stihl-fr","12":"sws-gruppo-iva-iva81-fr","14":"first","15":"onbackorder","16":"purchasable","17":"product-type-simple"},"_links":{"self":[{"href":"https:\/\/lucacastelli.com\/fr\/wp-json\/wp\/v2\/product\/463216","targetHints":{"allow":["GET"]}}],"collection":[{"href":"https:\/\/lucacastelli.com\/fr\/wp-json\/wp\/v2\/product"}],"about":[{"href":"https:\/\/lucacastelli.com\/fr\/wp-json\/wp\/v2\/types\/product"}],"wp:featuredmedia":[{"embeddable":true,"href":"https:\/\/lucacastelli.com\/fr\/wp-json\/wp\/v2\/media\/440594"}],"wp:attachment":[{"href":"https:\/\/lucacastelli.com\/fr\/wp-json\/wp\/v2\/media?parent=463216"}],"wp:term":[{"taxonomy":"product_brand","embeddable":true,"href":"https:\/\/lucacastelli.com\/fr\/wp-json\/wp\/v2\/product_brand?post=463216"},{"taxonomy":"product_cat","embeddable":true,"href":"https:\/\/lucacastelli.com\/fr\/wp-json\/wp\/v2\/product_cat?post=463216"},{"taxonomy":"product_tag","embeddable":true,"href":"https:\/\/lucacastelli.com\/fr\/wp-json\/wp\/v2\/product_tag?post=463216"}],"curies":[{"name":"wp","href":"https:\/\/api.w.org\/{rel}","templated":true}]}}