{"id":463212,"date":"2025-06-01T04:00:51","date_gmt":"2025-06-01T02:00:51","guid":{"rendered":"https:\/\/lucacastelli.com\/prodotto\/100-ml-pour-5-l\/"},"modified":"2025-06-28T18:02:52","modified_gmt":"2025-06-28T16:02:52","slug":"100-ml-pour-5-l","status":"publish","type":"product","link":"https:\/\/lucacastelli.com\/fr\/produit\/100-ml-pour-5-l\/","title":{"rendered":"STIHL 100 ml (pour 5 l)"},"content":{"rendered":"<p>Huile \u00e0 base min\u00e9rale, fr\u00e9quemment utilis\u00e9e pour les moteurs \u00e0 deux temps. Il est d\u00e9velopp\u00e9 sp\u00e9cifiquement pour STIHL. Excellentes propri\u00e9t\u00e9s de lubrification et de combustion. Classe : JASO-FB. Rapport de m\u00e9lange 1:50.<br \/>\n795711017903    <\/p>\n<p>Proportion du m\u00e9lange 1 : 50<\/p>\n","protected":false},"excerpt":{"rendered":"<p>100 ml (pour 5 l)<\/p>\n","protected":false},"featured_media":453568,"template":"","meta":{"_seopress_robots_primary_cat":"","_seopress_titles_title":"","_seopress_titles_desc":"","_seopress_robots_index":""},"product_brand":[3366],"product_cat":[259,260],"product_tag":[3265],"class_list":{"0":"post-463212","1":"product","2":"type-product","3":"status-publish","4":"has-post-thumbnail","6":"product_brand-stihl","7":"product_cat-carburanti-e-olii","8":"product_cat-lubrificanti","9":"product_tag-import-stihl","10":"sws-gruppo-macchinari-fr","11":"sws-conto-ricavi-merci-rivendita-macchinari-fr","12":"sws-gruppo-iva-iva81-fr","14":"first","15":"onbackorder","16":"purchasable","17":"product-type-simple"},"_links":{"self":[{"href":"https:\/\/lucacastelli.com\/fr\/wp-json\/wp\/v2\/product\/463212","targetHints":{"allow":["GET"]}}],"collection":[{"href":"https:\/\/lucacastelli.com\/fr\/wp-json\/wp\/v2\/product"}],"about":[{"href":"https:\/\/lucacastelli.com\/fr\/wp-json\/wp\/v2\/types\/product"}],"wp:featuredmedia":[{"embeddable":true,"href":"https:\/\/lucacastelli.com\/fr\/wp-json\/wp\/v2\/media\/453568"}],"wp:attachment":[{"href":"https:\/\/lucacastelli.com\/fr\/wp-json\/wp\/v2\/media?parent=463212"}],"wp:term":[{"taxonomy":"product_brand","embeddable":true,"href":"https:\/\/lucacastelli.com\/fr\/wp-json\/wp\/v2\/product_brand?post=463212"},{"taxonomy":"product_cat","embeddable":true,"href":"https:\/\/lucacastelli.com\/fr\/wp-json\/wp\/v2\/product_cat?post=463212"},{"taxonomy":"product_tag","embeddable":true,"href":"https:\/\/lucacastelli.com\/fr\/wp-json\/wp\/v2\/product_tag?post=463212"}],"curies":[{"name":"wp","href":"https:\/\/api.w.org\/{rel}","templated":true}]}}