{"id":463204,"date":"2025-06-01T04:00:28","date_gmt":"2025-06-01T02:00:28","guid":{"rendered":"https:\/\/lucacastelli.com\/prodotto\/hp-ultra-100-ml-par-5-l\/"},"modified":"2025-11-20T11:52:23","modified_gmt":"2025-11-20T10:52:23","slug":"hp-ultra-100-ml-par-5-l","status":"publish","type":"product","link":"https:\/\/lucacastelli.com\/fr\/produit\/hp-ultra-100-ml-par-5-l\/","title":{"rendered":"HP Ultra, 100 ml (par 5 l)"},"content":{"rendered":"<p>Huile enti\u00e8rement synth\u00e9tique avec d\u2019excellentes propri\u00e9t\u00e9s lubrifiantes. Combustion avec un minimum de cendres r\u00e9siduelles gr\u00e2ce \u00e0 des additifs sp\u00e9ciaux. Convient pour une utilisation continue dans les moteurs fortement sollicit\u00e9s. Classe : JASO-FB. Rapport de m\u00e9lange 1:50.<br \/>\n795711377175    <\/p>\n<p>Proportion du m\u00e9lange 1 : 50<\/p>\n","protected":false},"excerpt":{"rendered":"<p>HP Ultra, 100 ml (par 5 l)<\/p>\n","protected":false},"featured_media":428670,"template":"","meta":{"_seopress_robots_primary_cat":"","_seopress_titles_title":"","_seopress_titles_desc":"","_seopress_robots_index":""},"product_brand":[3366],"product_cat":[259,260],"product_tag":[3265],"class_list":{"0":"post-463204","1":"product","2":"type-product","3":"status-publish","4":"has-post-thumbnail","6":"product_brand-stihl","7":"product_cat-carburanti-e-olii","8":"product_cat-lubrificanti","9":"product_tag-import-stihl","10":"sws-gruppo-macchinari-fr","11":"sws-conto-ricavi-merci-rivendita-carburante-stihl-fr","12":"sws-gruppo-iva-iva81-fr","14":"first","15":"onbackorder","16":"purchasable","17":"product-type-simple"},"_links":{"self":[{"href":"https:\/\/lucacastelli.com\/fr\/wp-json\/wp\/v2\/product\/463204","targetHints":{"allow":["GET"]}}],"collection":[{"href":"https:\/\/lucacastelli.com\/fr\/wp-json\/wp\/v2\/product"}],"about":[{"href":"https:\/\/lucacastelli.com\/fr\/wp-json\/wp\/v2\/types\/product"}],"wp:featuredmedia":[{"embeddable":true,"href":"https:\/\/lucacastelli.com\/fr\/wp-json\/wp\/v2\/media\/428670"}],"wp:attachment":[{"href":"https:\/\/lucacastelli.com\/fr\/wp-json\/wp\/v2\/media?parent=463204"}],"wp:term":[{"taxonomy":"product_brand","embeddable":true,"href":"https:\/\/lucacastelli.com\/fr\/wp-json\/wp\/v2\/product_brand?post=463204"},{"taxonomy":"product_cat","embeddable":true,"href":"https:\/\/lucacastelli.com\/fr\/wp-json\/wp\/v2\/product_cat?post=463204"},{"taxonomy":"product_tag","embeddable":true,"href":"https:\/\/lucacastelli.com\/fr\/wp-json\/wp\/v2\/product_tag?post=463204"}],"curies":[{"name":"wp","href":"https:\/\/api.w.org\/{rel}","templated":true}]}}