{"id":463202,"date":"2025-06-01T04:00:06","date_gmt":"2025-06-01T02:00:06","guid":{"rendered":"https:\/\/lucacastelli.com\/prodotto\/hp-super-100-ml-par-5-l\/"},"modified":"2025-06-28T18:05:47","modified_gmt":"2025-06-28T16:05:47","slug":"hp-super-100-ml-par-5-l","status":"publish","type":"product","link":"https:\/\/lucacastelli.com\/fr\/produit\/hp-super-100-ml-par-5-l\/","title":{"rendered":"STIHL HP Super, 100 ml (par 5 l)"},"content":{"rendered":"<p>Huile pour les moteurs aliment\u00e9s par un m\u00e9lange essence-huile, tels que les moteurs \u00e0 deux temps STIHL moteurs 4-MIX utilis\u00e9s dans les tron\u00e7onneuses, les appareils \u00e0 moteur ecc.br Huile partiellement synth\u00e9tique avec des additifs \u00e0 faible teneur en cendres, pour une combustion propre avec un d\u00e9veloppement minimal de fum\u00e9es. Huile \u00e0 faible d\u00e9gagement de fum\u00e9e, Classe : JASO-FD, ISO-L-EGD. Rapport de m\u00e9lange 1:50.<br \/>\n795711315559  <\/p>\n<p>Proportion du m\u00e9lange 1 : 50<\/p>\n","protected":false},"excerpt":{"rendered":"<p>HP Super, 100 ml (par 5 l)<\/p>\n","protected":false},"featured_media":440573,"template":"","meta":{"_seopress_robots_primary_cat":"","_seopress_titles_title":"","_seopress_titles_desc":"","_seopress_robots_index":""},"product_brand":[3366],"product_cat":[259,260],"product_tag":[3265],"class_list":{"0":"post-463202","1":"product","2":"type-product","3":"status-publish","4":"has-post-thumbnail","6":"product_brand-stihl","7":"product_cat-carburanti-e-olii","8":"product_cat-lubrificanti","9":"product_tag-import-stihl","10":"sws-gruppo-macchinari-fr","11":"sws-conto-ricavi-merci-rivendita-carburante-stihl-fr","12":"sws-gruppo-iva-iva81-fr","14":"first","15":"onbackorder","16":"purchasable","17":"product-type-simple"},"_links":{"self":[{"href":"https:\/\/lucacastelli.com\/fr\/wp-json\/wp\/v2\/product\/463202","targetHints":{"allow":["GET"]}}],"collection":[{"href":"https:\/\/lucacastelli.com\/fr\/wp-json\/wp\/v2\/product"}],"about":[{"href":"https:\/\/lucacastelli.com\/fr\/wp-json\/wp\/v2\/types\/product"}],"wp:featuredmedia":[{"embeddable":true,"href":"https:\/\/lucacastelli.com\/fr\/wp-json\/wp\/v2\/media\/440573"}],"wp:attachment":[{"href":"https:\/\/lucacastelli.com\/fr\/wp-json\/wp\/v2\/media?parent=463202"}],"wp:term":[{"taxonomy":"product_brand","embeddable":true,"href":"https:\/\/lucacastelli.com\/fr\/wp-json\/wp\/v2\/product_brand?post=463202"},{"taxonomy":"product_cat","embeddable":true,"href":"https:\/\/lucacastelli.com\/fr\/wp-json\/wp\/v2\/product_cat?post=463202"},{"taxonomy":"product_tag","embeddable":true,"href":"https:\/\/lucacastelli.com\/fr\/wp-json\/wp\/v2\/product_tag?post=463202"}],"curies":[{"name":"wp","href":"https:\/\/api.w.org\/{rel}","templated":true}]}}