{"id":463193,"date":"2025-06-01T02:34:04","date_gmt":"2025-06-01T00:34:04","guid":{"rendered":"https:\/\/lucacastelli.com\/prodotto\/bidons-dessence-5-l-orange\/"},"modified":"2025-06-01T02:34:04","modified_gmt":"2025-06-01T00:34:04","slug":"bidons-dessence-5-l-orange","status":"publish","type":"product","link":"https:\/\/lucacastelli.com\/fr\/produit\/bidons-dessence-5-l-orange\/","title":{"rendered":"Bidons d\u2019essence, 5 l, orange"},"content":{"rendered":"<p>pDisponible en bidons de 3 \u00e0 20 l. Avec homologation UN.\/p<br \/>\n795711000554<\/p>\n<p>Capacit\u00e9 de carburant 5l<br \/>\nCapacit\u00e9 d\u2019huile adh\u00e9sive pour cha\u00eene de scie Capacit\u00e9 d\u2019huile adh\u00e9sive pour cha\u00eene de scie<\/p>\n<p>Longueur de l\u2019appareil Longueur de l\u2019appareil<br \/>\nLargeur de l\u2019appareil 147<br \/>\nHauteur de l\u2019appareil 247<\/p>\n","protected":false},"excerpt":{"rendered":"<p>Bidons d\u2019essence, 5 l, orange<\/p>\n","protected":false},"featured_media":425061,"template":"","meta":{"_seopress_robots_primary_cat":"","_seopress_titles_title":"","_seopress_titles_desc":"","_seopress_robots_index":""},"product_brand":[3555],"product_cat":[1435,1438],"product_tag":[3267],"class_list":{"0":"post-463193","1":"product","2":"type-product","3":"status-publish","4":"has-post-thumbnail","6":"product_brand-stihl-fr","7":"product_cat-carburants-et-huiles","8":"product_cat-accessoires-et-consommables","9":"product_tag-import-stihl-fr","10":"sws-gruppo-macchinari-fr","11":"sws-conto-ricavi-merci-rivendita-macchinari-fr","12":"sws-gruppo-iva-iva81-fr","14":"first","15":"onbackorder","16":"purchasable","17":"product-type-simple"},"_links":{"self":[{"href":"https:\/\/lucacastelli.com\/fr\/wp-json\/wp\/v2\/product\/463193","targetHints":{"allow":["GET"]}}],"collection":[{"href":"https:\/\/lucacastelli.com\/fr\/wp-json\/wp\/v2\/product"}],"about":[{"href":"https:\/\/lucacastelli.com\/fr\/wp-json\/wp\/v2\/types\/product"}],"wp:featuredmedia":[{"embeddable":true,"href":"https:\/\/lucacastelli.com\/fr\/wp-json\/wp\/v2\/media\/425061"}],"wp:attachment":[{"href":"https:\/\/lucacastelli.com\/fr\/wp-json\/wp\/v2\/media?parent=463193"}],"wp:term":[{"taxonomy":"product_brand","embeddable":true,"href":"https:\/\/lucacastelli.com\/fr\/wp-json\/wp\/v2\/product_brand?post=463193"},{"taxonomy":"product_cat","embeddable":true,"href":"https:\/\/lucacastelli.com\/fr\/wp-json\/wp\/v2\/product_cat?post=463193"},{"taxonomy":"product_tag","embeddable":true,"href":"https:\/\/lucacastelli.com\/fr\/wp-json\/wp\/v2\/product_tag?post=463193"}],"curies":[{"name":"wp","href":"https:\/\/api.w.org\/{rel}","templated":true}]}}