{"id":463176,"date":"2025-06-01T02:33:22","date_gmt":"2025-06-01T00:33:22","guid":{"rendered":"https:\/\/lucacastelli.com\/prodotto\/cartouche-combi-transparente-standard\/"},"modified":"2025-06-01T02:33:22","modified_gmt":"2025-06-01T00:33:22","slug":"cartouche-combi-transparente-standard","status":"publish","type":"product","link":"https:\/\/lucacastelli.com\/fr\/produit\/cartouche-combi-transparente-standard\/","title":{"rendered":"Cartouche combi, transparente, standard"},"content":{"rendered":"<p>Panier combin\u00e9 en deux couleurs&nbsp;: orange et transparent. Disponible en deux mod\u00e8les : Standard et Profi. Ils ont un double r\u00e9servoir pour 5 l. de carburant et 3 l. d\u2019huile de cha\u00eene. Avec l\u2019approbation de l\u2019ONU. Le mod\u00e8le Profi comprend deux bo\u00eetiers pour l\u2019outil et le syst\u00e8me de ravitaillement.<br \/>\n795711163235    <\/p>\n<p>Capacit\u00e9 de carburant 5l<br \/>\nCapacit\u00e9 d\u2019huile adh\u00e9sive pour cha\u00eene de scie Capacit\u00e9 d\u2019huile adh\u00e9sive pour cha\u00eene de scie<\/p>\n<p>Longueur de l\u2019appareil Longueur de l\u2019appareil<br \/>\nLargeur de l\u2019appareil 158<br \/>\nHauteur de l\u2019appareil 299<\/p>\n","protected":false},"excerpt":{"rendered":"<p>Cartouche combi, transparente, standard<\/p>\n","protected":false},"featured_media":425017,"template":"","meta":{"_seopress_robots_primary_cat":"","_seopress_titles_title":"","_seopress_titles_desc":"","_seopress_robots_index":""},"product_brand":[3366],"product_cat":[259,261],"product_tag":[3265],"class_list":{"0":"post-463176","1":"product","2":"type-product","3":"status-publish","4":"has-post-thumbnail","6":"product_brand-stihl","7":"product_cat-carburanti-e-olii","8":"product_cat-accessori-e-materiale-di-consumo","9":"product_tag-import-stihl","10":"sws-gruppo-macchinari-fr","11":"sws-conto-ricavi-merci-rivendita-macchinari-fr","12":"sws-gruppo-iva-iva81-fr","14":"first","15":"onbackorder","16":"purchasable","17":"product-type-simple"},"_links":{"self":[{"href":"https:\/\/lucacastelli.com\/fr\/wp-json\/wp\/v2\/product\/463176","targetHints":{"allow":["GET"]}}],"collection":[{"href":"https:\/\/lucacastelli.com\/fr\/wp-json\/wp\/v2\/product"}],"about":[{"href":"https:\/\/lucacastelli.com\/fr\/wp-json\/wp\/v2\/types\/product"}],"wp:featuredmedia":[{"embeddable":true,"href":"https:\/\/lucacastelli.com\/fr\/wp-json\/wp\/v2\/media\/425017"}],"wp:attachment":[{"href":"https:\/\/lucacastelli.com\/fr\/wp-json\/wp\/v2\/media?parent=463176"}],"wp:term":[{"taxonomy":"product_brand","embeddable":true,"href":"https:\/\/lucacastelli.com\/fr\/wp-json\/wp\/v2\/product_brand?post=463176"},{"taxonomy":"product_cat","embeddable":true,"href":"https:\/\/lucacastelli.com\/fr\/wp-json\/wp\/v2\/product_cat?post=463176"},{"taxonomy":"product_tag","embeddable":true,"href":"https:\/\/lucacastelli.com\/fr\/wp-json\/wp\/v2\/product_tag?post=463176"}],"curies":[{"name":"wp","href":"https:\/\/api.w.org\/{rel}","templated":true}]}}