{"id":463170,"date":"2025-06-01T02:33:17","date_gmt":"2025-06-01T00:33:17","guid":{"rendered":"https:\/\/lucacastelli.com\/prodotto\/bidon-combi-orange-profi\/"},"modified":"2025-06-01T02:33:17","modified_gmt":"2025-06-01T00:33:17","slug":"bidon-combi-orange-profi","status":"publish","type":"product","link":"https:\/\/lucacastelli.com\/fr\/produit\/bidon-combi-orange-profi\/","title":{"rendered":"Bidon combi, orange, Profi"},"content":{"rendered":"<p>Avec l\u2019approbation de l\u2019ONU, orange\/transparent. R\u00e9servoir double pour 5 l de carburant et 3 l d\u2019huile de cha\u00eene. Comprend deux compartiments pour le logement de l\u2019outil et du syst\u00e8me de ravitaillement (ce dernier n\u2019est pas inclus dans la livraison).<br \/>\n795711130015  <\/p>\n<p>Capacit\u00e9 de carburant 5l<br \/>\nCapacit\u00e9 d\u2019huile adh\u00e9sive pour cha\u00eene de scie Capacit\u00e9 d\u2019huile adh\u00e9sive pour cha\u00eene de scie<\/p>\n<p>Longueur de l\u2019appareil Longueur de l\u2019appareil<br \/>\nLargeur de l\u2019appareil 160<br \/>\nHauteur de l\u2019appareil 299<\/p>\n","protected":false},"excerpt":{"rendered":"<p>Bidon combi, orange, Profi<\/p>\n","protected":false},"featured_media":425007,"template":"","meta":{"_seopress_robots_primary_cat":"","_seopress_titles_title":"","_seopress_titles_desc":"","_seopress_robots_index":""},"product_brand":[3555],"product_cat":[1435,1447],"product_tag":[3267],"class_list":{"0":"post-463170","1":"product","2":"type-product","3":"status-publish","4":"has-post-thumbnail","6":"product_brand-stihl-fr","7":"product_cat-carburants-et-huiles","8":"product_cat-lubrifiants","9":"product_tag-import-stihl-fr","10":"sws-gruppo-macchinari-fr","11":"sws-conto-ricavi-merci-rivendita-carburante-stihl-fr","12":"sws-gruppo-iva-iva81-fr","14":"first","15":"onbackorder","16":"purchasable","17":"product-type-simple"},"_links":{"self":[{"href":"https:\/\/lucacastelli.com\/fr\/wp-json\/wp\/v2\/product\/463170","targetHints":{"allow":["GET"]}}],"collection":[{"href":"https:\/\/lucacastelli.com\/fr\/wp-json\/wp\/v2\/product"}],"about":[{"href":"https:\/\/lucacastelli.com\/fr\/wp-json\/wp\/v2\/types\/product"}],"wp:featuredmedia":[{"embeddable":true,"href":"https:\/\/lucacastelli.com\/fr\/wp-json\/wp\/v2\/media\/425007"}],"wp:attachment":[{"href":"https:\/\/lucacastelli.com\/fr\/wp-json\/wp\/v2\/media?parent=463170"}],"wp:term":[{"taxonomy":"product_brand","embeddable":true,"href":"https:\/\/lucacastelli.com\/fr\/wp-json\/wp\/v2\/product_brand?post=463170"},{"taxonomy":"product_cat","embeddable":true,"href":"https:\/\/lucacastelli.com\/fr\/wp-json\/wp\/v2\/product_cat?post=463170"},{"taxonomy":"product_tag","embeddable":true,"href":"https:\/\/lucacastelli.com\/fr\/wp-json\/wp\/v2\/product_tag?post=463170"}],"curies":[{"name":"wp","href":"https:\/\/api.w.org\/{rel}","templated":true}]}}