{"id":463157,"date":"2025-06-01T01:09:45","date_gmt":"2025-05-31T23:09:45","guid":{"rendered":"https:\/\/lucacastelli.com\/prodotto\/pour-chaines-msa-1-4-d-d-32-x-150-mm\/"},"modified":"2025-06-28T03:54:24","modified_gmt":"2025-06-28T01:54:24","slug":"pour-chaines-msa-1-4-d-d-32-x-150-mm","status":"publish","type":"product","link":"https:\/\/lucacastelli.com\/fr\/produit\/pour-chaines-msa-1-4-d-d-32-x-150-mm\/","title":{"rendered":"STIHL pour Cha\u00eenes MSA 1\/4&#8243; P, P 3,2 x 150 mm"},"content":{"rendered":"<p>Valable pour les mod\u00e8les 1\/4&nbsp;\u00bb, 1\/4&nbsp;\u00bb P, 3\/8&nbsp;\u00bb-PM et 3\/8&nbsp;\u00bb-PMN de diff\u00e9rents diam\u00e8tres. \u00c9galement pour les cha\u00eenes de 325&nbsp;\u00bb (4,8 x 200 mm), 3\/8&nbsp;\u00bb (5,2 x 200 mm) et 404&nbsp;\u00bb (5,5 x 200 mm). Paquet de 6 unit\u00e9s.<br \/>\n795711828509  <\/p>\n","protected":false},"excerpt":{"rendered":"<p>pour cha\u00eenes MSA 1\/4&#8243; D, D 3,2 x 150 mm<\/p>\n","protected":false},"featured_media":39266,"template":"","meta":{"_seopress_robots_primary_cat":"","_seopress_titles_title":"","_seopress_titles_desc":"","_seopress_robots_index":""},"product_brand":[3366],"product_cat":[29,268,494,259,261],"product_tag":[3265],"class_list":{"0":"post-463157","1":"product","2":"type-product","3":"status-publish","4":"has-post-thumbnail","6":"product_brand-stihl","7":"product_cat-macchinari","8":"product_cat-motoseghe","9":"product_cat-motoseghe-a-motore","10":"product_cat-carburanti-e-olii","11":"product_cat-accessori-e-materiale-di-consumo","12":"product_tag-import-stihl","13":"sws-gruppo-macchinari-fr","14":"sws-conto-ricavi-merci-rivendita-macchinari-fr","15":"sws-gruppo-iva-iva81-fr","17":"first","18":"onbackorder","19":"purchasable","20":"product-type-simple"},"_links":{"self":[{"href":"https:\/\/lucacastelli.com\/fr\/wp-json\/wp\/v2\/product\/463157","targetHints":{"allow":["GET"]}}],"collection":[{"href":"https:\/\/lucacastelli.com\/fr\/wp-json\/wp\/v2\/product"}],"about":[{"href":"https:\/\/lucacastelli.com\/fr\/wp-json\/wp\/v2\/types\/product"}],"wp:featuredmedia":[{"embeddable":true,"href":"https:\/\/lucacastelli.com\/fr\/wp-json\/wp\/v2\/media\/39266"}],"wp:attachment":[{"href":"https:\/\/lucacastelli.com\/fr\/wp-json\/wp\/v2\/media?parent=463157"}],"wp:term":[{"taxonomy":"product_brand","embeddable":true,"href":"https:\/\/lucacastelli.com\/fr\/wp-json\/wp\/v2\/product_brand?post=463157"},{"taxonomy":"product_cat","embeddable":true,"href":"https:\/\/lucacastelli.com\/fr\/wp-json\/wp\/v2\/product_cat?post=463157"},{"taxonomy":"product_tag","embeddable":true,"href":"https:\/\/lucacastelli.com\/fr\/wp-json\/wp\/v2\/product_tag?post=463157"}],"curies":[{"name":"wp","href":"https:\/\/api.w.org\/{rel}","templated":true}]}}