{"id":463154,"date":"2025-05-31T23:58:55","date_gmt":"2025-05-31T21:58:55","guid":{"rendered":"https:\/\/lucacastelli.com\/prodotto\/ms-182-c-be-longueur-de-coupe-35cm-pmm3\/"},"modified":"2026-01-16T14:58:59","modified_gmt":"2026-01-16T13:58:59","slug":"ms-182-c-be-longueur-de-coupe-35cm-pmm3","status":"publish","type":"product","link":"https:\/\/lucacastelli.com\/fr\/produit\/ms-182-c-be-longueur-de-coupe-35cm-pmm3\/","title":{"rendered":"MS 182 C-BE, longueur de coupe 35cm, PMM3"},"content":{"rendered":"<p>Tron\u00e7onneuse l\u00e9g\u00e8re avec peu de vibrations. \u00c9quipement complet, tel qu\u2019un syst\u00e8me de filtre \u00e0 air longue dur\u00e9e et un syst\u00e8me anti-vibration. Excellent pour la coupe de bois de chauffage, pour les travaux de menuiserie et pour l\u2019abattage de petits arbres. R\u00e9duction de 20 % de la consommation de carburant et de 70 % des \u00e9missions de gaz d\u2019\u00e9chappement par rapport aux tron\u00e7onneuses conventionnelles.<br \/>\n886661585052   <\/p>\n<p>Cylindr\u00e9e 35.8<br \/>\nPuissance Puissance<\/p>\n<p>Puissance Puissance Puissance<br \/>\n2,20<br \/>\nCO2 927<\/p>\n","protected":false},"excerpt":{"rendered":"<p>MS 182 C-BE, longueur de coupe 35cm, PMM3<\/p>\n","protected":false},"featured_media":429431,"template":"","meta":{"_seopress_robots_primary_cat":"","_seopress_titles_title":"","_seopress_titles_desc":"","_seopress_robots_index":""},"product_brand":[3366],"product_cat":[29,268,494],"product_tag":[3265],"class_list":{"0":"post-463154","1":"product","2":"type-product","3":"status-publish","4":"has-post-thumbnail","6":"product_brand-stihl","7":"product_cat-macchinari","8":"product_cat-motoseghe","9":"product_cat-motoseghe-a-motore","10":"product_tag-import-stihl","11":"sws-gruppo-macchinari-fr","12":"sws-conto-ricavi-merci-rivendita-macchinari-fr","13":"sws-gruppo-iva-iva81-fr","15":"first","16":"onbackorder","17":"purchasable","18":"product-type-simple"},"_links":{"self":[{"href":"https:\/\/lucacastelli.com\/fr\/wp-json\/wp\/v2\/product\/463154","targetHints":{"allow":["GET"]}}],"collection":[{"href":"https:\/\/lucacastelli.com\/fr\/wp-json\/wp\/v2\/product"}],"about":[{"href":"https:\/\/lucacastelli.com\/fr\/wp-json\/wp\/v2\/types\/product"}],"wp:featuredmedia":[{"embeddable":true,"href":"https:\/\/lucacastelli.com\/fr\/wp-json\/wp\/v2\/media\/429431"}],"wp:attachment":[{"href":"https:\/\/lucacastelli.com\/fr\/wp-json\/wp\/v2\/media?parent=463154"}],"wp:term":[{"taxonomy":"product_brand","embeddable":true,"href":"https:\/\/lucacastelli.com\/fr\/wp-json\/wp\/v2\/product_brand?post=463154"},{"taxonomy":"product_cat","embeddable":true,"href":"https:\/\/lucacastelli.com\/fr\/wp-json\/wp\/v2\/product_cat?post=463154"},{"taxonomy":"product_tag","embeddable":true,"href":"https:\/\/lucacastelli.com\/fr\/wp-json\/wp\/v2\/product_tag?post=463154"}],"curies":[{"name":"wp","href":"https:\/\/api.w.org\/{rel}","templated":true}]}}