{"id":463147,"date":"2025-09-24T14:10:51","date_gmt":"2025-09-24T12:10:51","guid":{"rendered":"https:\/\/lucacastelli.com\/prodotto\/ms-182-longueur-de-coupe-35cm-pmm3\/"},"modified":"2026-03-02T09:18:44","modified_gmt":"2026-03-02T08:18:44","slug":"ms-182-longueur-de-coupe-35cm-pmm3","status":"publish","type":"product","link":"https:\/\/lucacastelli.com\/fr\/produit\/ms-182-longueur-de-coupe-35cm-pmm3\/","title":{"rendered":"STIHL MS 182, longueur de coupe 35 cm, PMM3"},"content":{"rendered":"<h2 class=\"product-details__title\">L\u00e9g\u00e8re et compacte<\/h2>\n<div class=\"product-details__description richtexteditor\">Tron\u00e7onneuse l\u00e9g\u00e8re avec peu de vibrations. \u00c9quipement complet, comme par exemple un syst\u00e8me de filtre \u00e0 air longue dur\u00e9e et un syst\u00e8me anti-vibrations. Id\u00e9ale pour couper du bois de chauffage, pour les travaux de charpenterie et pour abattre de petits arbres. R\u00e9duction de 20 % de la consommation de carburant et diminution de 70 % des \u00e9missions de gaz d&#8217;\u00e9chappement par rapport aux tron\u00e7onneuses traditionnelles.   <\/div>\n<div><\/div>\n<div><\/div>\n<table data-test-id=\"pdp-spec-tech-table\">\n<tbody>\n<tr>\n<td>Cylindr\u00e9e<\/td>\n<td>35,8 cm\u00b3<\/td>\n<\/tr>\n<tr>\n<td>Puissance<\/td>\n<td>1,60 kW<\/td>\n<\/tr>\n<tr>\n<td>Puissance<\/td>\n<td>2,20 PS<\/td>\n<\/tr>\n<tr>\n<td>Puissance<\/td>\n<td>2,20 ch<\/td>\n<\/tr>\n<tr>\n<td>CO2<\/td>\n<td>927 g\/kWh<\/td>\n<\/tr>\n<tr>\n<td>Poids unitaire sans carburant<\/td>\n<td>4,6 kg<\/td>\n<\/tr>\n<tr>\n<td>Poids unitaire sans carburant<\/td>\n<td>5,15 kg<\/td>\n<\/tr>\n<tr>\n<td>Rapport poids\/puissance<\/td>\n<td>2,80 kg\/kW<\/td>\n<\/tr>\n<tr>\n<td>Longueur du guide-cha\u00eene<\/td>\n<td>35 cm<\/td>\n<\/tr>\n<tr>\n<td>Pas de la cha\u00eene<\/td>\n<td>3\/8 &#8220;P<\/td>\n<\/tr>\n<tr>\n<td>Longueur du dispositif avec griffe d&#8217;abattage<\/td>\n<td>400 mm<\/td>\n<\/tr>\n<tr>\n<td>Niveau de pression sonore<\/td>\n<td>103 dB(A)<\/td>\n<\/tr>\n<tr>\n<td>Niveau de puissance sonore<\/td>\n<td>112 dB(A)<\/td>\n<\/tr>\n<tr>\n<td>Valeur de vibration gauche<\/td>\n<td>3,1 m\/s\u00b2<\/td>\n<\/tr>\n<tr>\n<td>Valeur de vibration droite<\/td>\n<td>3,7 m\/s\u00b2<\/td>\n<\/tr>\n<\/tbody>\n<\/table>\n","protected":false},"excerpt":{"rendered":"<p>MS 182, longueur de coupe 35 cm, PMM3<\/p>\n","protected":false},"featured_media":630634,"template":"","meta":{"_seopress_robots_primary_cat":"none","_seopress_titles_title":"","_seopress_titles_desc":"","_seopress_robots_index":""},"product_brand":[3366],"product_cat":[29,268,494],"product_tag":[3265],"class_list":{"0":"post-463147","1":"product","2":"type-product","3":"status-publish","4":"has-post-thumbnail","6":"product_brand-stihl","7":"product_cat-macchinari","8":"product_cat-motoseghe","9":"product_cat-motoseghe-a-motore","10":"product_tag-import-stihl","11":"sws-gruppo-macchinari-fr","12":"sws-conto-ricavi-merci-rivendita-macchinari-fr","13":"sws-gruppo-iva-iva81-fr","15":"first","16":"onbackorder","17":"purchasable","18":"product-type-simple"},"_links":{"self":[{"href":"https:\/\/lucacastelli.com\/fr\/wp-json\/wp\/v2\/product\/463147","targetHints":{"allow":["GET"]}}],"collection":[{"href":"https:\/\/lucacastelli.com\/fr\/wp-json\/wp\/v2\/product"}],"about":[{"href":"https:\/\/lucacastelli.com\/fr\/wp-json\/wp\/v2\/types\/product"}],"wp:featuredmedia":[{"embeddable":true,"href":"https:\/\/lucacastelli.com\/fr\/wp-json\/wp\/v2\/media\/630634"}],"wp:attachment":[{"href":"https:\/\/lucacastelli.com\/fr\/wp-json\/wp\/v2\/media?parent=463147"}],"wp:term":[{"taxonomy":"product_brand","embeddable":true,"href":"https:\/\/lucacastelli.com\/fr\/wp-json\/wp\/v2\/product_brand?post=463147"},{"taxonomy":"product_cat","embeddable":true,"href":"https:\/\/lucacastelli.com\/fr\/wp-json\/wp\/v2\/product_cat?post=463147"},{"taxonomy":"product_tag","embeddable":true,"href":"https:\/\/lucacastelli.com\/fr\/wp-json\/wp\/v2\/product_tag?post=463147"}],"curies":[{"name":"wp","href":"https:\/\/api.w.org\/{rel}","templated":true}]}}