{"id":463140,"date":"2025-05-31T23:58:48","date_gmt":"2025-05-31T21:58:48","guid":{"rendered":"https:\/\/lucacastelli.com\/prodotto\/ms-172-longueur-de-coupe-35cm-pm3\/"},"modified":"2025-05-31T23:58:48","modified_gmt":"2025-05-31T21:58:48","slug":"ms-172-longueur-de-coupe-35cm-pm3","status":"publish","type":"product","link":"https:\/\/lucacastelli.com\/fr\/produit\/ms-172-longueur-de-coupe-35cm-pm3\/","title":{"rendered":"MS 172, longueur de coupe 35cm, PM3"},"content":{"rendered":"<p>Mod\u00e8le pratique, amateur avec un excellent \u00e9quipement de base. Id\u00e9al pour la coupe de bois de chauffage et pour les petits travaux de construction en bois.<br \/>\n886661576753 <\/p>\n<p>Cylindr\u00e9e 31.8<br \/>\nPuissance Puissance<\/p>\n<p>Puissance Puissance Puissance<br \/>\n1,90<br \/>\nCO2 849<\/p>\n","protected":false},"excerpt":{"rendered":"<p>MS 172, longueur de coupe 35cm, PM3<\/p>\n","protected":false},"featured_media":429399,"template":"","meta":{"_seopress_robots_primary_cat":"","_seopress_titles_title":"","_seopress_titles_desc":"","_seopress_robots_index":""},"product_brand":[3366],"product_cat":[29,268,494],"product_tag":[3265],"class_list":{"0":"post-463140","1":"product","2":"type-product","3":"status-publish","4":"has-post-thumbnail","6":"product_brand-stihl","7":"product_cat-macchinari","8":"product_cat-motoseghe","9":"product_cat-motoseghe-a-motore","10":"product_tag-import-stihl","11":"sws-gruppo-macchinari-fr","12":"sws-conto-ricavi-merci-rivendita-macchinari-fr","13":"sws-gruppo-iva-iva81-fr","15":"first","16":"onbackorder","17":"purchasable","18":"product-type-simple"},"_links":{"self":[{"href":"https:\/\/lucacastelli.com\/fr\/wp-json\/wp\/v2\/product\/463140","targetHints":{"allow":["GET"]}}],"collection":[{"href":"https:\/\/lucacastelli.com\/fr\/wp-json\/wp\/v2\/product"}],"about":[{"href":"https:\/\/lucacastelli.com\/fr\/wp-json\/wp\/v2\/types\/product"}],"wp:featuredmedia":[{"embeddable":true,"href":"https:\/\/lucacastelli.com\/fr\/wp-json\/wp\/v2\/media\/429399"}],"wp:attachment":[{"href":"https:\/\/lucacastelli.com\/fr\/wp-json\/wp\/v2\/media?parent=463140"}],"wp:term":[{"taxonomy":"product_brand","embeddable":true,"href":"https:\/\/lucacastelli.com\/fr\/wp-json\/wp\/v2\/product_brand?post=463140"},{"taxonomy":"product_cat","embeddable":true,"href":"https:\/\/lucacastelli.com\/fr\/wp-json\/wp\/v2\/product_cat?post=463140"},{"taxonomy":"product_tag","embeddable":true,"href":"https:\/\/lucacastelli.com\/fr\/wp-json\/wp\/v2\/product_tag?post=463140"}],"curies":[{"name":"wp","href":"https:\/\/api.w.org\/{rel}","templated":true}]}}