{"id":463128,"date":"2025-05-31T23:57:49","date_gmt":"2025-05-31T21:57:49","guid":{"rendered":"https:\/\/lucacastelli.com\/prodotto\/ms-231-longueur-de-coupe-40cm-rm\/"},"modified":"2025-06-28T19:43:22","modified_gmt":"2025-06-28T17:43:22","slug":"ms-231-longueur-de-coupe-40cm-rm","status":"publish","type":"product","link":"https:\/\/lucacastelli.com\/fr\/produit\/ms-231-longueur-de-coupe-40cm-rm\/","title":{"rendered":"STIHL MS 231, longueur de coupe 40cm, RM"},"content":{"rendered":"<p>Tron\u00e7onneuse compacte avec jusqu\u2019\u00e0 20 % de r\u00e9duction de la consommation de carburant et des \u00e9missions de gaz d\u2019\u00e9chappement nocives jusqu\u2019\u00e0 70 % par rapport aux moteurs 2 temps STIHL conventionnels sans technologie 2-MIX. Fonctionnement optimal et manipulation \u00e9lev\u00e9e.<br \/>\n886661430741 <\/p>\n<p>Cylindr\u00e9e 42.6<br \/>\nPuissance Puissance<\/p>\n<p>Puissance Puissance Puissance<br \/>\n2,70<br \/>\nCO2 819<\/p>\n","protected":false},"excerpt":{"rendered":"<p>MS 231, longueur de coupe 40cm, RM<\/p>\n","protected":false},"featured_media":429279,"template":"","meta":{"_seopress_robots_primary_cat":"","_seopress_titles_title":"","_seopress_titles_desc":"","_seopress_robots_index":""},"product_brand":[3366],"product_cat":[29,268,494],"product_tag":[3265],"class_list":{"0":"post-463128","1":"product","2":"type-product","3":"status-publish","4":"has-post-thumbnail","6":"product_brand-stihl","7":"product_cat-macchinari","8":"product_cat-motoseghe","9":"product_cat-motoseghe-a-motore","10":"product_tag-import-stihl","11":"sws-gruppo-macchinari-fr","12":"sws-conto-ricavi-merci-rivendita-macchinari-fr","13":"sws-gruppo-iva-iva81-fr","15":"first","16":"onbackorder","17":"purchasable","18":"product-type-simple"},"_links":{"self":[{"href":"https:\/\/lucacastelli.com\/fr\/wp-json\/wp\/v2\/product\/463128","targetHints":{"allow":["GET"]}}],"collection":[{"href":"https:\/\/lucacastelli.com\/fr\/wp-json\/wp\/v2\/product"}],"about":[{"href":"https:\/\/lucacastelli.com\/fr\/wp-json\/wp\/v2\/types\/product"}],"wp:featuredmedia":[{"embeddable":true,"href":"https:\/\/lucacastelli.com\/fr\/wp-json\/wp\/v2\/media\/429279"}],"wp:attachment":[{"href":"https:\/\/lucacastelli.com\/fr\/wp-json\/wp\/v2\/media?parent=463128"}],"wp:term":[{"taxonomy":"product_brand","embeddable":true,"href":"https:\/\/lucacastelli.com\/fr\/wp-json\/wp\/v2\/product_brand?post=463128"},{"taxonomy":"product_cat","embeddable":true,"href":"https:\/\/lucacastelli.com\/fr\/wp-json\/wp\/v2\/product_cat?post=463128"},{"taxonomy":"product_tag","embeddable":true,"href":"https:\/\/lucacastelli.com\/fr\/wp-json\/wp\/v2\/product_tag?post=463128"}],"curies":[{"name":"wp","href":"https:\/\/api.w.org\/{rel}","templated":true}]}}