{"id":463123,"date":"2025-05-31T23:57:08","date_gmt":"2025-05-31T21:57:08","guid":{"rendered":"https:\/\/lucacastelli.com\/prodotto\/ms-151-c-e-longueur-de-coupe-30cm-pm3\/"},"modified":"2025-06-28T19:43:08","modified_gmt":"2025-06-28T17:43:08","slug":"ms-151-c-e-longueur-de-coupe-30cm-pm3","status":"publish","type":"product","link":"https:\/\/lucacastelli.com\/fr\/produit\/ms-151-c-e-longueur-de-coupe-30cm-pm3\/","title":{"rendered":"STIHL MS 151 C-E, longueur de coupe 30cm, PM3"},"content":{"rendered":"<p>Tron\u00e7onneuse STIHL pour la coupe du bois de chauffage,<br \/>\n ainsi que pour l\u2019entretien des arbres et les travaux d\u2019\u00e9claircie des for\u00eats.<br \/>\nErgonomique et facile \u00e0 utiliser. D\u00e9marrage confortable gr\u00e2ce \u00e0 la pompe \u00e0 carburant manuelle et \u00e0 STIHL ErgoStart. Cha\u00eene 1\/4&#8243; PM3 tr\u00e8s lisse pour une coupe tr\u00e8s pr\u00e9cise. Nouveau moteur 2-Mix pour des performances de coupe sup\u00e9rieures.<br \/>\n886661934669   <\/p>\n<p>Cylindr\u00e9e 23.6<br \/>\nPuissance Puissance<\/p>\n<p>Puissance Puissance Puissance<br \/>\n1,50<br \/>\nCO2 886<\/p>\n","protected":false},"excerpt":{"rendered":"<p>MS 151 C-E, longueur de coupe 30cm, PM3<\/p>\n","protected":false},"featured_media":429239,"template":"","meta":{"_seopress_robots_primary_cat":"","_seopress_titles_title":"","_seopress_titles_desc":"","_seopress_robots_index":""},"product_brand":[3366],"product_cat":[29,268,494],"product_tag":[3265],"class_list":{"0":"post-463123","1":"product","2":"type-product","3":"status-publish","4":"has-post-thumbnail","6":"product_brand-stihl","7":"product_cat-macchinari","8":"product_cat-motoseghe","9":"product_cat-motoseghe-a-motore","10":"product_tag-import-stihl","11":"sws-gruppo-macchinari-fr","12":"sws-conto-ricavi-merci-rivendita-macchinari-fr","13":"sws-gruppo-iva-iva81-fr","15":"first","16":"onbackorder","17":"purchasable","18":"product-type-simple"},"_links":{"self":[{"href":"https:\/\/lucacastelli.com\/fr\/wp-json\/wp\/v2\/product\/463123","targetHints":{"allow":["GET"]}}],"collection":[{"href":"https:\/\/lucacastelli.com\/fr\/wp-json\/wp\/v2\/product"}],"about":[{"href":"https:\/\/lucacastelli.com\/fr\/wp-json\/wp\/v2\/types\/product"}],"wp:featuredmedia":[{"embeddable":true,"href":"https:\/\/lucacastelli.com\/fr\/wp-json\/wp\/v2\/media\/429239"}],"wp:attachment":[{"href":"https:\/\/lucacastelli.com\/fr\/wp-json\/wp\/v2\/media?parent=463123"}],"wp:term":[{"taxonomy":"product_brand","embeddable":true,"href":"https:\/\/lucacastelli.com\/fr\/wp-json\/wp\/v2\/product_brand?post=463123"},{"taxonomy":"product_cat","embeddable":true,"href":"https:\/\/lucacastelli.com\/fr\/wp-json\/wp\/v2\/product_cat?post=463123"},{"taxonomy":"product_tag","embeddable":true,"href":"https:\/\/lucacastelli.com\/fr\/wp-json\/wp\/v2\/product_tag?post=463123"}],"curies":[{"name":"wp","href":"https:\/\/api.w.org\/{rel}","templated":true}]}}