{"id":463119,"date":"2025-05-31T23:57:11","date_gmt":"2025-05-31T21:57:11","guid":{"rendered":"https:\/\/lucacastelli.com\/prodotto\/ms-151-tc-e-longueur-de-coupe-25cm-pm3\/"},"modified":"2025-06-28T19:43:05","modified_gmt":"2025-06-28T17:43:05","slug":"ms-151-tc-e-longueur-de-coupe-25cm-pm3","status":"publish","type":"product","link":"https:\/\/lucacastelli.com\/fr\/produit\/ms-151-tc-e-longueur-de-coupe-25cm-pm3\/","title":{"rendered":"STIHL MS 151 TC-E, longueur de coupe 25cm, PM3"},"content":{"rendered":"<p>La tron\u00e7onneuse d \u00ab \u00e9lagage la plus l\u00e9g\u00e8re de STIHL Id\u00e9al<br \/>\npour l\u2019entretien des arbres et l\u2019enl\u00e8vement des troncs morts, l \u00bb \u00e9lagage<br \/>\n de la couronne et l\u2019enl\u00e8vement des branches des souches et des troncs. La pompe \u00e0<br \/>\ncarburant manuelle et STIHL ErgoStart assurent des d\u00e9marrages faciles<br \/>\n. \u00c9quip\u00e9 d\u2019une cha\u00eene 1\/4&#8243; PM3 en standard pour des coupes pr\u00e9cises. Nouveau moteur 2-Mix pour des performances de coupe sup\u00e9rieures.pstrongAvertissement : \/strongIl est sp\u00e9cialement con\u00e7u pour l\u2019entretien des arbres et doit donc \u00eatre utilis\u00e9 par des op\u00e9rateurs form\u00e9s \u00e0 l\u2019utilisation correcte !\/p<br \/>\n886661934676  <\/p>\n<p>Cylindr\u00e9e 23.6<br \/>\nPuissance Puissance<\/p>\n<p>Puissance Puissance Puissance<br \/>\n1,50<br \/>\nCO2 886<\/p>\n","protected":false},"excerpt":{"rendered":"<p>MS 151 TC-E, longueur de coupe 25cm, PM3<\/p>\n","protected":false},"featured_media":429263,"template":"","meta":{"_seopress_robots_primary_cat":"","_seopress_titles_title":"","_seopress_titles_desc":"","_seopress_robots_index":""},"product_brand":[3366],"product_cat":[29,268,494],"product_tag":[3265],"class_list":{"0":"post-463119","1":"product","2":"type-product","3":"status-publish","4":"has-post-thumbnail","6":"product_brand-stihl","7":"product_cat-macchinari","8":"product_cat-motoseghe","9":"product_cat-motoseghe-a-motore","10":"product_tag-import-stihl","11":"sws-gruppo-macchinari-fr","12":"sws-conto-ricavi-merci-rivendita-macchinari-fr","13":"sws-gruppo-iva-iva81-fr","15":"first","16":"onbackorder","17":"purchasable","18":"product-type-simple"},"_links":{"self":[{"href":"https:\/\/lucacastelli.com\/fr\/wp-json\/wp\/v2\/product\/463119","targetHints":{"allow":["GET"]}}],"collection":[{"href":"https:\/\/lucacastelli.com\/fr\/wp-json\/wp\/v2\/product"}],"about":[{"href":"https:\/\/lucacastelli.com\/fr\/wp-json\/wp\/v2\/types\/product"}],"wp:featuredmedia":[{"embeddable":true,"href":"https:\/\/lucacastelli.com\/fr\/wp-json\/wp\/v2\/media\/429263"}],"wp:attachment":[{"href":"https:\/\/lucacastelli.com\/fr\/wp-json\/wp\/v2\/media?parent=463119"}],"wp:term":[{"taxonomy":"product_brand","embeddable":true,"href":"https:\/\/lucacastelli.com\/fr\/wp-json\/wp\/v2\/product_brand?post=463119"},{"taxonomy":"product_cat","embeddable":true,"href":"https:\/\/lucacastelli.com\/fr\/wp-json\/wp\/v2\/product_cat?post=463119"},{"taxonomy":"product_tag","embeddable":true,"href":"https:\/\/lucacastelli.com\/fr\/wp-json\/wp\/v2\/product_tag?post=463119"}],"curies":[{"name":"wp","href":"https:\/\/api.w.org\/{rel}","templated":true}]}}