{"id":463116,"date":"2025-05-31T23:56:43","date_gmt":"2025-05-31T21:56:43","guid":{"rendered":"https:\/\/lucacastelli.com\/prodotto\/ms-661-c-m-w-longueur-de-coupe-71cm-leger\/"},"modified":"2025-06-28T19:42:54","modified_gmt":"2025-06-28T17:42:54","slug":"ms-661-c-m-w-longueur-de-coupe-71cm-leger","status":"publish","type":"product","link":"https:\/\/lucacastelli.com\/fr\/produit\/ms-661-c-m-w-longueur-de-coupe-71cm-leger\/","title":{"rendered":"STIHL MS 661 C-M W, longueur de coupe 71cm, L\u00e9ger"},"content":{"rendered":"<p>Le STIHL MS 661 C-M est disponible en variante avec l\u2019\u00e9quipement suppl\u00e9mentaire des poign\u00e9es chauffantes, c\u2019est-\u00e0-dire la poign\u00e9e tubulaire et la poign\u00e9e arri\u00e8re. Il offre donc encore plus de confort lorsque la temp\u00e9rature ext\u00e9rieure est froide.<br \/>\n886661404407 <\/p>\n<p>Cylindr\u00e9e 91.1<br \/>\nPuissance Puissance<\/p>\n<p>Puissance Puissance Puissance<br \/>\n7,20<br \/>\nCO2 679<\/p>\n","protected":false},"excerpt":{"rendered":"<p>MS 661 C-M W, longueur de coupe 71cm, L\u00e9ger<\/p>\n","protected":false},"featured_media":424028,"template":"","meta":{"_seopress_robots_primary_cat":"","_seopress_titles_title":"","_seopress_titles_desc":"","_seopress_robots_index":""},"product_brand":[3366],"product_cat":[29,268,494],"product_tag":[3265],"class_list":{"0":"post-463116","1":"product","2":"type-product","3":"status-publish","4":"has-post-thumbnail","6":"product_brand-stihl","7":"product_cat-macchinari","8":"product_cat-motoseghe","9":"product_cat-motoseghe-a-motore","10":"product_tag-import-stihl","11":"sws-gruppo-macchinari-fr","12":"sws-conto-ricavi-merci-rivendita-macchinari-fr","13":"sws-gruppo-iva-iva81-fr","15":"first","16":"onbackorder","17":"purchasable","18":"product-type-simple"},"_links":{"self":[{"href":"https:\/\/lucacastelli.com\/fr\/wp-json\/wp\/v2\/product\/463116","targetHints":{"allow":["GET"]}}],"collection":[{"href":"https:\/\/lucacastelli.com\/fr\/wp-json\/wp\/v2\/product"}],"about":[{"href":"https:\/\/lucacastelli.com\/fr\/wp-json\/wp\/v2\/types\/product"}],"wp:featuredmedia":[{"embeddable":true,"href":"https:\/\/lucacastelli.com\/fr\/wp-json\/wp\/v2\/media\/424028"}],"wp:attachment":[{"href":"https:\/\/lucacastelli.com\/fr\/wp-json\/wp\/v2\/media?parent=463116"}],"wp:term":[{"taxonomy":"product_brand","embeddable":true,"href":"https:\/\/lucacastelli.com\/fr\/wp-json\/wp\/v2\/product_brand?post=463116"},{"taxonomy":"product_cat","embeddable":true,"href":"https:\/\/lucacastelli.com\/fr\/wp-json\/wp\/v2\/product_cat?post=463116"},{"taxonomy":"product_tag","embeddable":true,"href":"https:\/\/lucacastelli.com\/fr\/wp-json\/wp\/v2\/product_tag?post=463116"}],"curies":[{"name":"wp","href":"https:\/\/api.w.org\/{rel}","templated":true}]}}