{"id":463104,"date":"2025-05-31T23:56:33","date_gmt":"2025-05-31T21:56:33","guid":{"rendered":"https:\/\/lucacastelli.com\/prodotto\/ms-661-c-m-longueur-de-coupe-71cm-leger\/"},"modified":"2026-02-28T08:25:47","modified_gmt":"2026-02-28T07:25:47","slug":"ms-661-c-m-longueur-de-coupe-71cm-leger","status":"publish","type":"product","link":"https:\/\/lucacastelli.com\/fr\/produit\/ms-661-c-m-longueur-de-coupe-71cm-leger\/","title":{"rendered":"STIHL MS 661 C-M, longueur de coupe 71cm, L\u00e9ger"},"content":{"rendered":"<p>La tron\u00e7onneuse STIHL MS 661 C-M avec M-Tronic offre d\u2019excellentes performances gr\u00e2ce \u00e0 une technologie de pointe. Avec une grande puissance, un grand confort et une grande pr\u00e9cision et en m\u00eame temps une faible consommation, un faible rapport poids\/puissance (pour cette classe de cylindr\u00e9e) et un faible niveau de vibration.<br \/>\n886661402533 <\/p>\n<p>Cylindr\u00e9e 91.1<br \/>\nPuissance Puissance<\/p>\n<p>Puissance Puissance Puissance<br \/>\n7,20<br \/>\nCO2 679<\/p>\n","protected":false},"excerpt":{"rendered":"<p>MS 661 C-M, longueur de coupe 71cm, L\u00e9ger<\/p>\n","protected":false},"featured_media":424016,"template":"","meta":{"_seopress_robots_primary_cat":"","_seopress_titles_title":"","_seopress_titles_desc":"","_seopress_robots_index":""},"product_brand":[3366],"product_cat":[29,268,494],"product_tag":[3265],"class_list":{"0":"post-463104","1":"product","2":"type-product","3":"status-publish","4":"has-post-thumbnail","6":"product_brand-stihl","7":"product_cat-macchinari","8":"product_cat-motoseghe","9":"product_cat-motoseghe-a-motore","10":"product_tag-import-stihl","11":"sws-gruppo-macchinari-fr","12":"sws-conto-ricavi-merci-rivendita-macchinari-fr","13":"sws-gruppo-iva-iva81-fr","15":"first","16":"onbackorder","17":"purchasable","18":"product-type-simple"},"_links":{"self":[{"href":"https:\/\/lucacastelli.com\/fr\/wp-json\/wp\/v2\/product\/463104","targetHints":{"allow":["GET"]}}],"collection":[{"href":"https:\/\/lucacastelli.com\/fr\/wp-json\/wp\/v2\/product"}],"about":[{"href":"https:\/\/lucacastelli.com\/fr\/wp-json\/wp\/v2\/types\/product"}],"wp:featuredmedia":[{"embeddable":true,"href":"https:\/\/lucacastelli.com\/fr\/wp-json\/wp\/v2\/media\/424016"}],"wp:attachment":[{"href":"https:\/\/lucacastelli.com\/fr\/wp-json\/wp\/v2\/media?parent=463104"}],"wp:term":[{"taxonomy":"product_brand","embeddable":true,"href":"https:\/\/lucacastelli.com\/fr\/wp-json\/wp\/v2\/product_brand?post=463104"},{"taxonomy":"product_cat","embeddable":true,"href":"https:\/\/lucacastelli.com\/fr\/wp-json\/wp\/v2\/product_cat?post=463104"},{"taxonomy":"product_tag","embeddable":true,"href":"https:\/\/lucacastelli.com\/fr\/wp-json\/wp\/v2\/product_tag?post=463104"}],"curies":[{"name":"wp","href":"https:\/\/api.w.org\/{rel}","templated":true}]}}