{"id":463098,"date":"2025-05-31T23:56:24","date_gmt":"2025-05-31T21:56:24","guid":{"rendered":"https:\/\/lucacastelli.com\/prodotto\/ms-201-tc-m-longueur-de-coupe-35-cm-ps3\/"},"modified":"2025-06-28T19:42:32","modified_gmt":"2025-06-28T17:42:32","slug":"ms-201-tc-m-longueur-de-coupe-35-cm-ps3","status":"publish","type":"product","link":"https:\/\/lucacastelli.com\/fr\/produit\/ms-201-tc-m-longueur-de-coupe-35-cm-ps3\/","title":{"rendered":"STIHL MS 201 TC-M, longueur de coupe 35 cm, PS3"},"content":{"rendered":"<p>STIHL des arbres. De s\u00e9rie avec M-Tronic pour des performances optimales du moteur d\u00e8s le d\u00e9marrage, moteur 2-MIX \u00e9conomique, \u00e9crou \u00e9tanche sur le couvercle du pignon pour des changements rapides de cha\u00eene, le guide-cha\u00eene l\u00e9ger r\u00e9duit le poids total.pstrongAvertissement : \/strongIl est sp\u00e9cialement con\u00e7u pour l\u2019entretien de l\u2019arbre et doit donc \u00eatre utilis\u00e9 par des op\u00e9rateurs qui ont \u00e9t\u00e9 form\u00e9s \u00e0 une utilisation correcte !\/p<br \/>\n886661934966<\/p>\n<p>Cylindr\u00e9e 35.2<br \/>\nPuissance Puissance<\/p>\n<p>Puissance Puissance<br \/>\n2.40<br \/>\nNombre de tonnes de CO2 728<\/p>\n","protected":false},"excerpt":{"rendered":"<p>MS 201 TC-M, longueur de coupe 35 cm, PS3<\/p>\n","protected":false},"featured_media":429159,"template":"","meta":{"_seopress_robots_primary_cat":"","_seopress_titles_title":"","_seopress_titles_desc":"","_seopress_robots_index":""},"product_brand":[3366],"product_cat":[29,268,494],"product_tag":[3265],"class_list":{"0":"post-463098","1":"product","2":"type-product","3":"status-publish","4":"has-post-thumbnail","6":"product_brand-stihl","7":"product_cat-macchinari","8":"product_cat-motoseghe","9":"product_cat-motoseghe-a-motore","10":"product_tag-import-stihl","11":"sws-gruppo-macchinari-fr","12":"sws-conto-ricavi-merci-rivendita-macchinari-fr","13":"sws-gruppo-iva-iva81-fr","15":"first","16":"onbackorder","17":"purchasable","18":"product-type-simple"},"_links":{"self":[{"href":"https:\/\/lucacastelli.com\/fr\/wp-json\/wp\/v2\/product\/463098","targetHints":{"allow":["GET"]}}],"collection":[{"href":"https:\/\/lucacastelli.com\/fr\/wp-json\/wp\/v2\/product"}],"about":[{"href":"https:\/\/lucacastelli.com\/fr\/wp-json\/wp\/v2\/types\/product"}],"wp:featuredmedia":[{"embeddable":true,"href":"https:\/\/lucacastelli.com\/fr\/wp-json\/wp\/v2\/media\/429159"}],"wp:attachment":[{"href":"https:\/\/lucacastelli.com\/fr\/wp-json\/wp\/v2\/media?parent=463098"}],"wp:term":[{"taxonomy":"product_brand","embeddable":true,"href":"https:\/\/lucacastelli.com\/fr\/wp-json\/wp\/v2\/product_brand?post=463098"},{"taxonomy":"product_cat","embeddable":true,"href":"https:\/\/lucacastelli.com\/fr\/wp-json\/wp\/v2\/product_cat?post=463098"},{"taxonomy":"product_tag","embeddable":true,"href":"https:\/\/lucacastelli.com\/fr\/wp-json\/wp\/v2\/product_tag?post=463098"}],"curies":[{"name":"wp","href":"https:\/\/api.w.org\/{rel}","templated":true}]}}