{"id":463093,"date":"2025-05-31T23:55:42","date_gmt":"2025-05-31T21:55:42","guid":{"rendered":"https:\/\/lucacastelli.com\/prodotto\/ms-201-c-m-longueur-de-coupe-35cm-ps\/"},"modified":"2025-06-28T19:42:23","modified_gmt":"2025-06-28T17:42:23","slug":"ms-201-c-m-longueur-de-coupe-35cm-ps","status":"publish","type":"product","link":"https:\/\/lucacastelli.com\/fr\/produit\/ms-201-c-m-longueur-de-coupe-35cm-ps\/","title":{"rendered":"STIHL MS 201 C-M, longueur de coupe 35cm, PS"},"content":{"rendered":"<p>La tron\u00e7onneuse professionnelle la plus l\u00e9g\u00e8re de STIHL id\u00e9ale pour l\u2019\u00e9branchage. \u00c9quip\u00e9 de s\u00e9rie de M-Tronic, donc toujours avec des performances de moteur optimales, un d\u00e9marrage facile avec une seule position de levier, un moteur 2-MIX \u00e9conomique, un \u00e9crou anti-fuite sur le couvercle de la bobine, une cha\u00eene 3\/8&#8243; PS pour des performances de coupe tr\u00e8s \u00e9lev\u00e9es.<br \/>\n886661934805 <\/p>\n<p>Cylindr\u00e9e 35.2<br \/>\nPuissance Puissance<\/p>\n<p>Puissance Puissance Puissance<br \/>\n2,40<br \/>\nCO2 728<\/p>\n","protected":false},"excerpt":{"rendered":"<p>MS 201 C-M, longueur de coupe 35cm, PS<\/p>\n","protected":false},"featured_media":429135,"template":"","meta":{"_seopress_robots_primary_cat":"","_seopress_titles_title":"","_seopress_titles_desc":"","_seopress_robots_index":""},"product_brand":[3555],"product_cat":[167,1604,1608],"product_tag":[3267],"class_list":{"0":"post-463093","1":"product","2":"type-product","3":"status-publish","4":"has-post-thumbnail","6":"product_brand-stihl-fr","7":"product_cat-machines","8":"product_cat-tronconneuses","9":"product_cat-tronconneuses-a-moteur","10":"product_tag-import-stihl-fr","11":"sws-gruppo-macchinari-fr","12":"sws-conto-ricavi-merci-rivendita-macchinari-fr","13":"sws-gruppo-iva-iva81-fr","15":"first","16":"onbackorder","17":"purchasable","18":"product-type-simple"},"_links":{"self":[{"href":"https:\/\/lucacastelli.com\/fr\/wp-json\/wp\/v2\/product\/463093","targetHints":{"allow":["GET"]}}],"collection":[{"href":"https:\/\/lucacastelli.com\/fr\/wp-json\/wp\/v2\/product"}],"about":[{"href":"https:\/\/lucacastelli.com\/fr\/wp-json\/wp\/v2\/types\/product"}],"wp:featuredmedia":[{"embeddable":true,"href":"https:\/\/lucacastelli.com\/fr\/wp-json\/wp\/v2\/media\/429135"}],"wp:attachment":[{"href":"https:\/\/lucacastelli.com\/fr\/wp-json\/wp\/v2\/media?parent=463093"}],"wp:term":[{"taxonomy":"product_brand","embeddable":true,"href":"https:\/\/lucacastelli.com\/fr\/wp-json\/wp\/v2\/product_brand?post=463093"},{"taxonomy":"product_cat","embeddable":true,"href":"https:\/\/lucacastelli.com\/fr\/wp-json\/wp\/v2\/product_cat?post=463093"},{"taxonomy":"product_tag","embeddable":true,"href":"https:\/\/lucacastelli.com\/fr\/wp-json\/wp\/v2\/product_tag?post=463093"}],"curies":[{"name":"wp","href":"https:\/\/api.w.org\/{rel}","templated":true}]}}