{"id":463076,"date":"2025-05-31T22:34:54","date_gmt":"2025-05-31T20:34:54","guid":{"rendered":"https:\/\/lucacastelli.com\/prodotto\/systeme-de-remplissage-dhuile-de-chaine\/"},"modified":"2025-07-20T23:57:40","modified_gmt":"2025-07-20T21:57:40","slug":"systeme-de-remplissage-dhuile-de-chaine","status":"publish","type":"product","link":"https:\/\/lucacastelli.com\/fr\/produit\/systeme-de-remplissage-dhuile-de-chaine\/","title":{"rendered":"Syst\u00e8me de remplissage d\u2019huile de cha\u00eene STIHL"},"content":{"rendered":"<p>Pour la cartouche combi STIHL, pour \u00e9viter que le liquide ne se renverse ou ne se renverse pendant le ravitaillement. Diam\u00e8tre = 23 mm. Peut \u00eatre utilis\u00e9 pour tous les r\u00e9servoirs avec un diam\u00e8tre d\u2019ouverture de 23,5 mm.<br \/>\n795711255220 <\/p>\n","protected":false},"excerpt":{"rendered":"<p>Syst\u00e8me de remplissage d\u2019huile de cha\u00eene<\/p>\n","protected":false},"featured_media":422838,"template":"","meta":{"_seopress_robots_primary_cat":"","_seopress_titles_title":"","_seopress_titles_desc":"","_seopress_robots_index":""},"product_brand":[3366],"product_cat":[259,260],"product_tag":[3265],"class_list":{"0":"post-463076","1":"product","2":"type-product","3":"status-publish","4":"has-post-thumbnail","6":"product_brand-stihl","7":"product_cat-carburanti-e-olii","8":"product_cat-lubrificanti","9":"product_tag-import-stihl","10":"sws-gruppo-macchinari-fr","11":"sws-conto-ricavi-merci-rivendita-macchinari-fr","12":"sws-gruppo-iva-iva81-fr","14":"first","15":"onbackorder","16":"purchasable","17":"product-type-simple"},"_links":{"self":[{"href":"https:\/\/lucacastelli.com\/fr\/wp-json\/wp\/v2\/product\/463076","targetHints":{"allow":["GET"]}}],"collection":[{"href":"https:\/\/lucacastelli.com\/fr\/wp-json\/wp\/v2\/product"}],"about":[{"href":"https:\/\/lucacastelli.com\/fr\/wp-json\/wp\/v2\/types\/product"}],"wp:featuredmedia":[{"embeddable":true,"href":"https:\/\/lucacastelli.com\/fr\/wp-json\/wp\/v2\/media\/422838"}],"wp:attachment":[{"href":"https:\/\/lucacastelli.com\/fr\/wp-json\/wp\/v2\/media?parent=463076"}],"wp:term":[{"taxonomy":"product_brand","embeddable":true,"href":"https:\/\/lucacastelli.com\/fr\/wp-json\/wp\/v2\/product_brand?post=463076"},{"taxonomy":"product_cat","embeddable":true,"href":"https:\/\/lucacastelli.com\/fr\/wp-json\/wp\/v2\/product_cat?post=463076"},{"taxonomy":"product_tag","embeddable":true,"href":"https:\/\/lucacastelli.com\/fr\/wp-json\/wp\/v2\/product_tag?post=463076"}],"curies":[{"name":"wp","href":"https:\/\/api.w.org\/{rel}","templated":true}]}}