{"id":463073,"date":"2025-05-31T22:02:16","date_gmt":"2025-05-31T20:02:16","guid":{"rendered":"https:\/\/lucacastelli.com\/prodotto\/ms-400-c-m-longueur-de-coupe-de-40-cm-rs\/"},"modified":"2025-06-29T13:41:25","modified_gmt":"2025-06-29T11:41:25","slug":"ms-400-c-m-longueur-de-coupe-de-40-cm-rs","status":"publish","type":"product","link":"https:\/\/lucacastelli.com\/fr\/produit\/ms-400-c-m-longueur-de-coupe-de-40-cm-rs\/","title":{"rendered":"STIHL MS 400 C-M, longueur de coupe de 40 cm, RS"},"content":{"rendered":"<p>Tron\u00e7onneuse professionnelle avec un excellent rapport poids\/puissance. Id\u00e9al pour l\u2019abattage, l\u2019\u00e9branchage et le traitement de grumes de taille moyenne. Performances de coupe \u00e9lev\u00e9es gr\u00e2ce \u00e0 une transmission puissante et \u00e0 une acc\u00e9l\u00e9ration exceptionnelle. D\u00e9marrage facile avec STIHL ElastoStart. STIHL M-Tronic avanc\u00e9 et calibrable pour des performances optimales du moteur \u00e0 tout moment. Syst\u00e8me de filtration d\u2019air \u00e0 long terme avec filtre HD2 pour un faible entretien et une longue dur\u00e9e de vie du filtre. Syst\u00e8me anti-vibration STIHL pour r\u00e9duire la fatigue pendant le travail.\/p<br \/>\n886661264896<\/p>\n<p>Cylindr\u00e9e 62.6<br \/>\nPuissance Puissance<\/p>\n<p>Puissance Puissance Puissance<br \/>\n5.20<br \/>\nCO2 690<\/p>\n<table data-test-id=\"pdp-spec-tech-table\">\n<tbody>\n<tr>\n<td>Cylindr\u00e9e<\/td>\n<p> du piston<\/p>\n<td>62,6 cm\u00b3<\/td>\n<\/tr>\n<tr>\n<td>Pouvoir<\/td>\n<td>3,9\/5,3 kW\/ch<\/td>\n<\/tr>\n<tr>\n<td>Pouvoir<\/td>\n<td>5,2 ch<\/td>\n<\/tr>\n<tr>\n<td>Le CO2<\/td>\n<td>690 g\/kWh<\/td>\n<\/tr>\n<tr>\n<td>Poids<\/td>\n<td>5,55 kg <sup>1<!-- -->)<\/sup><\/td>\n<\/tr>\n<tr>\nPoids <\/p>\n<td>du groupe<\/td>\n<td>6,67 \/ 6,83 \/ 6,98 kg <sup>2)<\/sup><\/td>\n<\/tr>\n<tr>\n<td>Longueur de la<\/td>\n<p> barre<\/p>\n<td>40 \u00e0 50 cm<\/td>\n<\/tr>\n<tr>\n<td>Rapport poids\/puissance<\/td>\n<td>1,44 kg\/kW<\/td>\n<\/tr>\n<tr>\n<td>Pas de cha\u00eene<\/td>\n<td>3\/8 po<\/td>\n<\/tr>\n<tr>\n<td>Longueur avec but\u00e9e de griffe<\/td>\n<td>457 millim\u00e8tre<\/td>\n<\/tr>\n<tr>\nNiveau <\/p>\n<td>de pression acoustique<\/td>\n<td>107 dB(A) <sup>3)<\/sup><\/td>\n<\/tr>\n<tr>\nNiveau <\/p>\n<td>de puissance<\/td>\n<p> acoustique<\/p>\n<td>116 dB(A) <sup>3)<\/sup><\/td>\n<\/tr>\n<tr>\n<td>Valeur de vibration gauche\/droite<\/td>\n<td>4,5\/4,4 m\/s\u00b2 <sup>4)<\/sup><\/td>\n<\/tr>\n<\/tbody>\n<\/table>\n","protected":false},"excerpt":{"rendered":"<p>Tron\u00e7onneuse professionnelle avec un excellent rapport poids\/puissance. Id\u00e9al pour l\u2019abattage, l\u2019\u00e9branchage et le traitement de grumes de taille moyenne. Performances<\/p>\n","protected":false},"featured_media":436119,"template":"","meta":{"_seopress_robots_primary_cat":"none","_seopress_titles_title":"","_seopress_titles_desc":"","_seopress_robots_index":""},"product_brand":[3366],"product_cat":[29,268,494],"product_tag":[3265],"class_list":{"0":"post-463073","1":"product","2":"type-product","3":"status-publish","4":"has-post-thumbnail","6":"product_brand-stihl","7":"product_cat-macchinari","8":"product_cat-motoseghe","9":"product_cat-motoseghe-a-motore","10":"product_tag-import-stihl","11":"sws-gruppo-macchinari-fr","12":"sws-conto-ricavi-merci-rivendita-macchinari-fr","13":"sws-gruppo-iva-iva81-fr","15":"first","16":"onbackorder","17":"purchasable","18":"product-type-simple"},"_links":{"self":[{"href":"https:\/\/lucacastelli.com\/fr\/wp-json\/wp\/v2\/product\/463073","targetHints":{"allow":["GET"]}}],"collection":[{"href":"https:\/\/lucacastelli.com\/fr\/wp-json\/wp\/v2\/product"}],"about":[{"href":"https:\/\/lucacastelli.com\/fr\/wp-json\/wp\/v2\/types\/product"}],"wp:featuredmedia":[{"embeddable":true,"href":"https:\/\/lucacastelli.com\/fr\/wp-json\/wp\/v2\/media\/436119"}],"wp:attachment":[{"href":"https:\/\/lucacastelli.com\/fr\/wp-json\/wp\/v2\/media?parent=463073"}],"wp:term":[{"taxonomy":"product_brand","embeddable":true,"href":"https:\/\/lucacastelli.com\/fr\/wp-json\/wp\/v2\/product_brand?post=463073"},{"taxonomy":"product_cat","embeddable":true,"href":"https:\/\/lucacastelli.com\/fr\/wp-json\/wp\/v2\/product_cat?post=463073"},{"taxonomy":"product_tag","embeddable":true,"href":"https:\/\/lucacastelli.com\/fr\/wp-json\/wp\/v2\/product_tag?post=463073"}],"curies":[{"name":"wp","href":"https:\/\/api.w.org\/{rel}","templated":true}]}}