{"id":463069,"date":"2025-05-31T22:02:19","date_gmt":"2025-05-31T20:02:19","guid":{"rendered":"https:\/\/lucacastelli.com\/prodotto\/ms-400-c-m-vw-longueur-de-coupe-50cm-rs\/"},"modified":"2026-03-02T14:37:56","modified_gmt":"2026-03-02T13:37:56","slug":"ms-400-c-m-vw-longueur-de-coupe-50cm-rs","status":"publish","type":"product","link":"https:\/\/lucacastelli.com\/fr\/produit\/ms-400-c-m-vw-longueur-de-coupe-50cm-rs\/","title":{"rendered":"STIHL MS 400 C-M VW, longueur de coupe 50 cm, RS"},"content":{"rendered":"<p>pTron\u00e7onneuse professionnelle avec un excellent rapport poids\/puissance. Id\u00e9ale pour l\u2019abattage, l\u2019\u00e9branchage et le travail de grumes de moyennes dimensions. Hautes performances de coupe gr\u00e2ce \u00e0 la transmission puissante et \u00e0 l\u2019acc\u00e9l\u00e9ration exceptionnelle. D\u00e9marrage facile avec STIHL ElastoStart. STIHL M-Tronic avanc\u00e9 et calibrable pour des performances moteur toujours optimales. Syst\u00e8me de filtration de l\u2019air longue dur\u00e9e avec filtre HD2 pour une maintenance r\u00e9duite et une longue dur\u00e9e de vie du filtre. Syst\u00e8me antivibrations STIHL pour r\u00e9duire la fatigue pendant le travail.&nbsp;Chauffage \u00e9lectrique du carburateur et de la poign\u00e9e.\/p<br \/>\n886661265138<\/p>\n<p>Cylindr\u00e9e 62,6<br \/>\nPuissance Puissance<\/p>\n<p>Puissance Puissance<br \/>\nPuissance 5,20<br \/>\nCO2 690<\/p>\n","protected":false},"excerpt":{"rendered":"<p>pTron\u00e7onneuse professionnelle avec un excellent rapport poids\/puissance. Id\u00e9ale pour l\u2019abattage, l\u2019\u00e9branchage et le travail de grumes de moyennes dimensions. Hautes<\/p>\n","protected":false},"featured_media":649892,"template":"","meta":{"_seopress_robots_primary_cat":"none","_seopress_titles_title":"","_seopress_titles_desc":"","_seopress_robots_index":""},"product_brand":[3366],"product_cat":[29,268,494],"product_tag":[3265],"class_list":{"0":"post-463069","1":"product","2":"type-product","3":"status-publish","4":"has-post-thumbnail","6":"product_brand-stihl","7":"product_cat-macchinari","8":"product_cat-motoseghe","9":"product_cat-motoseghe-a-motore","10":"product_tag-import-stihl","11":"sws-gruppo-macchinari-fr","12":"sws-conto-ricavi-merci-rivendita-macchinari-fr","13":"sws-gruppo-iva-iva81-fr","15":"first","16":"onbackorder","17":"purchasable","18":"product-type-simple"},"_links":{"self":[{"href":"https:\/\/lucacastelli.com\/fr\/wp-json\/wp\/v2\/product\/463069","targetHints":{"allow":["GET"]}}],"collection":[{"href":"https:\/\/lucacastelli.com\/fr\/wp-json\/wp\/v2\/product"}],"about":[{"href":"https:\/\/lucacastelli.com\/fr\/wp-json\/wp\/v2\/types\/product"}],"wp:featuredmedia":[{"embeddable":true,"href":"https:\/\/lucacastelli.com\/fr\/wp-json\/wp\/v2\/media\/649892"}],"wp:attachment":[{"href":"https:\/\/lucacastelli.com\/fr\/wp-json\/wp\/v2\/media?parent=463069"}],"wp:term":[{"taxonomy":"product_brand","embeddable":true,"href":"https:\/\/lucacastelli.com\/fr\/wp-json\/wp\/v2\/product_brand?post=463069"},{"taxonomy":"product_cat","embeddable":true,"href":"https:\/\/lucacastelli.com\/fr\/wp-json\/wp\/v2\/product_cat?post=463069"},{"taxonomy":"product_tag","embeddable":true,"href":"https:\/\/lucacastelli.com\/fr\/wp-json\/wp\/v2\/product_tag?post=463069"}],"curies":[{"name":"wp","href":"https:\/\/api.w.org\/{rel}","templated":true}]}}